{"id":999,"date":"2025-07-18T09:22:48","date_gmt":"2025-07-18T07:22:48","guid":{"rendered":"https:\/\/agotrans-frankfurt.de\/?page_id=999"},"modified":"2025-07-18T09:24:30","modified_gmt":"2025-07-18T07:24:30","slug":"luftfracht-weltweit","status":"publish","type":"page","link":"https:\/\/agotrans-frankfurt.de\/en\/luftfracht-weltweit\/","title":{"rendered":"Luftfracht weltweit"},"content":{"rendered":"<div data-elementor-type=\"wp-page\" data-elementor-id=\"999\" class=\"elementor elementor-999\">\n\t\t\t\t\t\t<section class=\"elementor-section elementor-top-section elementor-element elementor-element-35919472 elementor-section-height-min-height elementor-section-boxed elementor-section-height-default elementor-section-items-middle\" data-id=\"35919472\" data-element_type=\"section\" data-e-type=\"section\" data-settings=\"{&quot;background_background&quot;:&quot;classic&quot;}\">\n\t\t\t\t\t\t\t<div class=\"elementor-background-overlay\"><\/div>\n\t\t\t\t\t\t\t<div class=\"elementor-container elementor-column-gap-default\">\n\t\t\t\t\t<div class=\"elementor-column elementor-col-100 elementor-top-column elementor-element elementor-element-64ca5886\" data-id=\"64ca5886\" data-element_type=\"column\" data-e-type=\"column\">\n\t\t\t<div class=\"elementor-widget-wrap elementor-element-populated\">\n\t\t\t\t\t\t<div class=\"elementor-element elementor-element-6af9a550 elementor-widget elementor-widget-page-title\" data-id=\"6af9a550\" data-element_type=\"widget\" data-e-type=\"widget\" data-settings=\"{&quot;align&quot;:&quot;center&quot;}\" data-widget_type=\"page-title.default\">\n\t\t\t\t<div class=\"elementor-widget-container\">\n\t\t\t\t\t<span id=\"6af9a550\"><\/span>\t\t\n\t\t<div class=\"hfe-page-title hfe-page-title-wrapper elementor-widget-heading\">\n\n\t\t\t\t\t\t\t\t\t\t\t<a href=\"https:\/\/agotrans-frankfurt.de\/en\">\n\t\t\t\t\t\t<h1 class=\"elementor-heading-title elementor-size-xxl\">\n\t\t\t\t\t\t\t\t\n\t\t\t\tLuftfracht weltweit  \n\t\t\t<\/h1> \n\t\t\t\t\t\t\t\t\t<\/a>\n\t\t\t\t\t<\/div>\n\t\t\t\t\t\t<\/div>\n\t\t\t\t<\/div>\n\t\t\t\t<div class=\"elementor-element elementor-element-766bbca4 elementor-widget-divider--view-line elementor-widget elementor-widget-divider\" data-id=\"766bbca4\" data-element_type=\"widget\" data-e-type=\"widget\" data-widget_type=\"divider.default\">\n\t\t\t\t<div class=\"elementor-widget-container\">\n\t\t\t\t\t<span id=\"766bbca4\"><\/span>\t\t<div class=\"elementor-divider\">\n\t\t\t<span class=\"elementor-divider-separator\">\n\t\t\t\t\t\t<\/span>\n\t\t<\/div>\n\t\t\t\t\t\t<\/div>\n\t\t\t\t<\/div>\n\t\t\t\t\t<\/div>\n\t\t<\/div>\n\t\t\t\t\t<\/div>\n\t\t<\/section>\n\t\t\t\t<section class=\"elementor-section elementor-top-section elementor-element elementor-element-46c06255 elementor-section-boxed elementor-section-height-default elementor-section-height-default\" data-id=\"46c06255\" data-element_type=\"section\" data-e-type=\"section\">\n\t\t\t\t\t\t<div class=\"elementor-container elementor-column-gap-default\">\n\t\t\t\t\t<div class=\"elementor-column elementor-col-100 elementor-top-column elementor-element elementor-element-654671e4 animated-fast elementor-invisible\" data-id=\"654671e4\" data-element_type=\"column\" data-e-type=\"column\" data-settings=\"{&quot;animation&quot;:&quot;fadeInUp&quot;}\">\n\t\t\t<div class=\"elementor-widget-wrap elementor-element-populated\">\n\t\t\t\t\t\t<div class=\"elementor-element elementor-element-449ae9cd elementor-widget elementor-widget-spacer\" data-id=\"449ae9cd\" data-element_type=\"widget\" data-e-type=\"widget\" data-widget_type=\"spacer.default\">\n\t\t\t\t<div class=\"elementor-widget-container\">\n\t\t\t\t\t<span id=\"449ae9cd\"><\/span>\t\t<div class=\"elementor-spacer\">\n\t\t\t<div class=\"elementor-spacer-inner\"><\/div>\n\t\t<\/div>\n\t\t\t\t\t\t<\/div>\n\t\t\t\t<\/div>\n\t\t\t\t<div class=\"elementor-element elementor-element-f88f671 elementor-widget elementor-widget-text-editor\" data-id=\"f88f671\" data-element_type=\"widget\" data-e-type=\"widget\" data-widget_type=\"text-editor.default\">\n\t\t\t\t<div class=\"elementor-widget-container\">\n\t\t\t\t\t<span id=\"f88f671\"><\/span>\t\t\t\t<div class=\"nz-column-text nz-clearfix element-animate-false\" data-effect=\"none\" data-effect-speed=\"50\"><div id=\"text_highlighted\"><div id=\"text_highlighted\"><p>Luftfracht weltweit mit agotrans: Schnelle und zuverl\u00e4ssige Logistikl\u00f6sungen<\/p><p>Die weltweite Luftfracht spielt eine entscheidende Rolle im internationalen Handel und erm\u00f6glicht Unternehmen, ihre Waren schnell und sicher an jeden Ort der Welt zu transportieren. Mit agotrans als erfahrenem Partner f\u00fcr Luftfracht weltweit profitieren Kunden von ma\u00dfgeschneiderten Logistikl\u00f6sungen, die genau auf ihre individuellen Anforderungen abgestimmt sind.<\/p><p>agotrans bietet umfassende Dienstleistungen im Bereich Luftfracht weltweit \u2013 von der Planung \u00fcber die Abwicklung bis hin zur Zustellung. Dabei steht die termingerechte Lieferung im Fokus, um Lieferketten effizient und zuverl\u00e4ssig zu gestalten. Egal ob eilige Ersatzteile, hochwertige Elektronik oder verderbliche Waren \u2013 agotrans sorgt f\u00fcr einen sicheren Transport und optimale Verzollung.<\/p><p>Die Expertise von agotrans in der weltweiten Luftfracht umfasst auch die Beratung zu den besten Routen und Airlines, um Kosten zu minimieren und Lieferzeiten zu verk\u00fcrzen. Durch ein globales Netzwerk an Partnern und eigenen Standorten garantiert agotrans eine l\u00fcckenlose Betreuung und transparente Kommunikation w\u00e4hrend des gesamten Transportprozesses.<\/p><p>Ein weiterer Vorteil bei agotrans ist die individuelle Betreuung durch erfahrene Logistikexperten. Sie analysieren den Bedarf, erstellen ma\u00dfgeschneiderte Angebote und unterst\u00fctzen bei der Dokumentation sowie bei beh\u00f6rdlichen Anforderungen. So wird die Luftfracht weltweit mit agotrans einfach, sicher und effizient.<\/p><p>Dar\u00fcber hinaus legt agotrans gro\u00dfen Wert auf nachhaltige Logistikl\u00f6sungen. Durch intelligente Planung und Kooperationen mit umweltbewussten Partnern tr\u00e4gt agotrans dazu bei, den CO2-Fu\u00dfabdruck der Luftfracht zu reduzieren.<\/p><p>Wer auf der Suche nach einem kompetenten Partner f\u00fcr Luftfracht weltweit ist, findet mit agotrans einen zuverl\u00e4ssigen Dienstleister, der Qualit\u00e4t, Schnelligkeit und Service vereint. Mit agotrans gelangen Ihre Waren sicher und p\u00fcnktlich an ihr Ziel \u2013 weltweit.<\/p><\/div><\/div><\/div>\t\t\t\t\t\t\t\t<\/div>\n\t\t\t\t<\/div>\n\t\t\t\t<div class=\"elementor-element elementor-element-4a2cd44a elementor-widget elementor-widget-image\" data-id=\"4a2cd44a\" data-element_type=\"widget\" data-e-type=\"widget\" data-widget_type=\"image.default\">\n\t\t\t\t<div class=\"elementor-widget-container\">\n\t\t\t\t\t<span id=\"4a2cd44a\"><\/span>\t\t\t\t\t\t\t\t\t\t<img fetchpriority=\"high\" decoding=\"async\" width=\"768\" height=\"512\" src=\"https:\/\/agotrans-frankfurt.de\/wp-content\/uploads\/2021\/03\/10536430_M-1-768x512.jpg\" class=\"attachment-medium_large size-medium_large wp-image-428\" alt=\"\" srcset=\"https:\/\/agotrans-frankfurt.de\/wp-content\/uploads\/2021\/03\/10536430_M-1-768x512.jpg 768w, https:\/\/agotrans-frankfurt.de\/wp-content\/uploads\/2021\/03\/10536430_M-1-300x200.jpg 300w, https:\/\/agotrans-frankfurt.de\/wp-content\/uploads\/2021\/03\/10536430_M-1-16x12.jpg 16w, https:\/\/agotrans-frankfurt.de\/wp-content\/uploads\/2021\/03\/10536430_M-1.jpg 848w\" sizes=\"(max-width: 768px) 100vw, 768px\" \/>\t\t\t\t\t\t\t\t\t\t\t\t\t\t\t<\/div>\n\t\t\t\t<\/div>\n\t\t\t\t<div class=\"elementor-element elementor-element-27fc86ac elementor-widget elementor-widget-spacer\" data-id=\"27fc86ac\" data-element_type=\"widget\" data-e-type=\"widget\" data-widget_type=\"spacer.default\">\n\t\t\t\t<div class=\"elementor-widget-container\">\n\t\t\t\t\t<span id=\"27fc86ac\"><\/span>\t\t<div class=\"elementor-spacer\">\n\t\t\t<div class=\"elementor-spacer-inner\"><\/div>\n\t\t<\/div>\n\t\t\t\t\t\t<\/div>\n\t\t\t\t<\/div>\n\t\t\t\t\t<\/div>\n\t\t<\/div>\n\t\t\t\t\t<\/div>\n\t\t<\/section>\n\t\t\t\t<\/div>","protected":false},"excerpt":{"rendered":"<p>Seefracht Import Frankfurt Seefracht Import Frankfurt Ihr Spezialist f\u00fcr&nbsp;Seefracht&nbsp;in&nbsp;Frankfurt Schiffstransporte spielen im internationalen Warenverkehr eine herausragende Rolle: Als etablierter Logistikdienstleister in&nbsp;Frankfurt&nbsp;am Main pr\u00e4sentieren wir Ihnen deshalb auch ma\u00dfgeschneiderte Angebote f\u00fcr die&nbsp;Seefracht. Damit erg\u00e4nzen wir unsere Leistungen bei Flugzeugtransporten und Lkw-Transporten sinnvoll. In vielen F\u00e4llen erweist sich die&nbsp;Seefracht&nbsp;als preiswerte und zuverl\u00e4ssige Alternative: Der Transport dauert im [&hellip;]<\/p>\n","protected":false},"author":1,"featured_media":0,"parent":0,"menu_order":0,"comment_status":"closed","ping_status":"closed","template":"elementor_canvas","meta":{"_seopress_robots_primary_cat":"","_seopress_titles_title":"","_seopress_titles_desc":"","_seopress_robots_index":"","footnotes":""},"class_list":["post-999","page","type-page","status-publish","hentry"],"_links":{"self":[{"href":"https:\/\/agotrans-frankfurt.de\/en\/wp-json\/wp\/v2\/pages\/999","targetHints":{"allow":["GET"]}}],"collection":[{"href":"https:\/\/agotrans-frankfurt.de\/en\/wp-json\/wp\/v2\/pages"}],"about":[{"href":"https:\/\/agotrans-frankfurt.de\/en\/wp-json\/wp\/v2\/types\/page"}],"author":[{"embeddable":true,"href":"https:\/\/agotrans-frankfurt.de\/en\/wp-json\/wp\/v2\/users\/1"}],"replies":[{"embeddable":true,"href":"https:\/\/agotrans-frankfurt.de\/en\/wp-json\/wp\/v2\/comments?post=999"}],"version-history":[{"count":4,"href":"https:\/\/agotrans-frankfurt.de\/en\/wp-json\/wp\/v2\/pages\/999\/revisions"}],"predecessor-version":[{"id":1003,"href":"https:\/\/agotrans-frankfurt.de\/en\/wp-json\/wp\/v2\/pages\/999\/revisions\/1003"}],"wp:attachment":[{"href":"https:\/\/agotrans-frankfurt.de\/en\/wp-json\/wp\/v2\/media?parent=999"}],"curies":[{"name":"wp","href":"https:\/\/api.w.org\/{rel}","templated":true}]}}