{"id":991,"date":"2025-06-27T11:11:14","date_gmt":"2025-06-27T09:11:14","guid":{"rendered":"https:\/\/agotrans-frankfurt.de\/?page_id=991"},"modified":"2025-06-27T11:12:13","modified_gmt":"2025-06-27T09:12:13","slug":"luftfracht-hessen","status":"publish","type":"page","link":"https:\/\/agotrans-frankfurt.de\/en\/luftfracht-hessen\/","title":{"rendered":"Luftfracht Hessen"},"content":{"rendered":"<div data-elementor-type=\"wp-page\" data-elementor-id=\"991\" class=\"elementor elementor-991\">\n\t\t\t\t\t\t<section class=\"elementor-section elementor-top-section elementor-element elementor-element-35919472 elementor-section-height-min-height elementor-section-boxed elementor-section-height-default elementor-section-items-middle\" data-id=\"35919472\" data-element_type=\"section\" data-e-type=\"section\" data-settings=\"{&quot;background_background&quot;:&quot;classic&quot;}\">\n\t\t\t\t\t\t\t<div class=\"elementor-background-overlay\"><\/div>\n\t\t\t\t\t\t\t<div class=\"elementor-container elementor-column-gap-default\">\n\t\t\t\t\t<div class=\"elementor-column elementor-col-100 elementor-top-column elementor-element elementor-element-64ca5886\" data-id=\"64ca5886\" data-element_type=\"column\" data-e-type=\"column\">\n\t\t\t<div class=\"elementor-widget-wrap elementor-element-populated\">\n\t\t\t\t\t\t<div class=\"elementor-element elementor-element-6af9a550 elementor-widget elementor-widget-page-title\" data-id=\"6af9a550\" data-element_type=\"widget\" data-e-type=\"widget\" data-settings=\"{&quot;align&quot;:&quot;center&quot;}\" data-widget_type=\"page-title.default\">\n\t\t\t\t<div class=\"elementor-widget-container\">\n\t\t\t\t\t<span id=\"6af9a550\"><\/span>\t\t\n\t\t<div class=\"hfe-page-title hfe-page-title-wrapper elementor-widget-heading\">\n\n\t\t\t\t\t\t\t\t\t\t\t<a href=\"https:\/\/agotrans-frankfurt.de\/en\">\n\t\t\t\t\t\t<h1 class=\"elementor-heading-title elementor-size-xxl\">\n\t\t\t\t\t\t\t\t\n\t\t\t\tLuftfracht Hessen  \n\t\t\t<\/h1> \n\t\t\t\t\t\t\t\t\t<\/a>\n\t\t\t\t\t<\/div>\n\t\t\t\t\t\t<\/div>\n\t\t\t\t<\/div>\n\t\t\t\t<div class=\"elementor-element elementor-element-766bbca4 elementor-widget-divider--view-line elementor-widget elementor-widget-divider\" data-id=\"766bbca4\" data-element_type=\"widget\" data-e-type=\"widget\" data-widget_type=\"divider.default\">\n\t\t\t\t<div class=\"elementor-widget-container\">\n\t\t\t\t\t<span id=\"766bbca4\"><\/span>\t\t<div class=\"elementor-divider\">\n\t\t\t<span class=\"elementor-divider-separator\">\n\t\t\t\t\t\t<\/span>\n\t\t<\/div>\n\t\t\t\t\t\t<\/div>\n\t\t\t\t<\/div>\n\t\t\t\t\t<\/div>\n\t\t<\/div>\n\t\t\t\t\t<\/div>\n\t\t<\/section>\n\t\t\t\t<section class=\"elementor-section elementor-top-section elementor-element elementor-element-46c06255 elementor-section-boxed elementor-section-height-default elementor-section-height-default\" data-id=\"46c06255\" data-element_type=\"section\" data-e-type=\"section\">\n\t\t\t\t\t\t<div class=\"elementor-container elementor-column-gap-default\">\n\t\t\t\t\t<div class=\"elementor-column elementor-col-100 elementor-top-column elementor-element elementor-element-654671e4 animated-fast elementor-invisible\" data-id=\"654671e4\" data-element_type=\"column\" data-e-type=\"column\" data-settings=\"{&quot;animation&quot;:&quot;fadeInUp&quot;}\">\n\t\t\t<div class=\"elementor-widget-wrap elementor-element-populated\">\n\t\t\t\t\t\t<div class=\"elementor-element elementor-element-449ae9cd elementor-widget elementor-widget-spacer\" data-id=\"449ae9cd\" data-element_type=\"widget\" data-e-type=\"widget\" data-widget_type=\"spacer.default\">\n\t\t\t\t<div class=\"elementor-widget-container\">\n\t\t\t\t\t<span id=\"449ae9cd\"><\/span>\t\t<div class=\"elementor-spacer\">\n\t\t\t<div class=\"elementor-spacer-inner\"><\/div>\n\t\t<\/div>\n\t\t\t\t\t\t<\/div>\n\t\t\t\t<\/div>\n\t\t\t\t<div class=\"elementor-element elementor-element-f88f671 elementor-widget elementor-widget-text-editor\" data-id=\"f88f671\" data-element_type=\"widget\" data-e-type=\"widget\" data-widget_type=\"text-editor.default\">\n\t\t\t\t<div class=\"elementor-widget-container\">\n\t\t\t\t\t<span id=\"f88f671\"><\/span>\t\t\t\t<div class=\"nz-column-text nz-clearfix element-animate-false\" data-effect=\"none\" data-effect-speed=\"50\"><div id=\"text_highlighted\"><div id=\"text_highlighted\"><p>Luftfracht Hessen \u2013 Schnelle und zuverl\u00e4ssige Transportl\u00f6sungen f\u00fcr Ihre Waren<\/p><p>In Hessen ist Luftfracht die ideale L\u00f6sung, wenn es auf Geschwindigkeit, Sicherheit und Flexibilit\u00e4t beim Transport Ihrer G\u00fcter ankommt. Ob dringende Ersatzteile, hochwertige Elektronik oder zeitkritische Lieferungen \u2013 mit Luftfracht profitieren Unternehmen von schnellen Transportwegen und weltweiter Erreichbarkeit.<\/p><p>Unsere Luftfracht-Dienstleistungen in Hessen bieten Ihnen ma\u00dfgeschneiderte L\u00f6sungen, die genau auf Ihre Anforderungen abgestimmt sind. Wir organisieren den Transport Ihrer Waren von der Abholung bis zur termingerechten Zustellung und k\u00fcmmern uns um alle logistischen Details. Dabei arbeiten wir eng mit renommierten Fluggesellschaften und Frachtpartnern zusammen, um eine reibungslose Abwicklung zu gew\u00e4hrleisten.<\/p><p>Ein gro\u00dfer Vorteil der Luftfracht in Hessen ist die hohe Geschwindigkeit. Im Vergleich zu anderen Transportarten erreichen Ihre Sendungen ihr Ziel oft innerhalb von Stunden oder wenigen Tagen \u2013 ideal f\u00fcr zeitkritische Lieferungen und Just-in-Time-Produktionen. Zudem profitieren Sie von hoher Sicherheit und minimalem Risiko f\u00fcr Transportsch\u00e4den.<\/p><p>Unsere Experten beraten Sie umfassend zu den besten Luftfrachtl\u00f6sungen in Hessen, inklusive Zollabwicklung und Dokumentenmanagement. Wir unterst\u00fctzen Sie bei der Auswahl der passenden Versandart, Verpackung und Versicherung, damit Ihre Waren optimal gesch\u00fctzt sind.<\/p><p>Ob nationale oder internationale Transporte \u2013 mit unserer Luftfracht in Hessen sind Ihre G\u00fcter schnell, sicher und zuverl\u00e4ssig unterwegs. Vertrauen Sie auf unsere Erfahrung und unser Netzwerk, um Ihre Logistik effizient zu gestalten und Ihre Wettbewerbsf\u00e4higkeit zu steigern.<\/p><p>Kontaktieren Sie uns noch heute f\u00fcr eine individuelle Beratung und ein unverbindliches Angebot. Mit unserer Luftfracht in Hessen erhalten Sie ma\u00dfgeschneiderte Transportl\u00f6sungen, die Ihre Anforderungen perfekt erf\u00fcllen!<\/p><\/div><\/div><\/div>\t\t\t\t\t\t\t\t<\/div>\n\t\t\t\t<\/div>\n\t\t\t\t<div class=\"elementor-element elementor-element-4a2cd44a elementor-widget elementor-widget-image\" data-id=\"4a2cd44a\" data-element_type=\"widget\" data-e-type=\"widget\" data-widget_type=\"image.default\">\n\t\t\t\t<div class=\"elementor-widget-container\">\n\t\t\t\t\t<span id=\"4a2cd44a\"><\/span>\t\t\t\t\t\t\t\t\t\t<img fetchpriority=\"high\" decoding=\"async\" width=\"768\" height=\"512\" src=\"https:\/\/agotrans-frankfurt.de\/wp-content\/uploads\/2021\/03\/10536430_M-1-768x512.jpg\" class=\"attachment-medium_large size-medium_large wp-image-428\" alt=\"\" srcset=\"https:\/\/agotrans-frankfurt.de\/wp-content\/uploads\/2021\/03\/10536430_M-1-768x512.jpg 768w, https:\/\/agotrans-frankfurt.de\/wp-content\/uploads\/2021\/03\/10536430_M-1-300x200.jpg 300w, https:\/\/agotrans-frankfurt.de\/wp-content\/uploads\/2021\/03\/10536430_M-1-16x12.jpg 16w, https:\/\/agotrans-frankfurt.de\/wp-content\/uploads\/2021\/03\/10536430_M-1.jpg 848w\" sizes=\"(max-width: 768px) 100vw, 768px\" \/>\t\t\t\t\t\t\t\t\t\t\t\t\t\t\t<\/div>\n\t\t\t\t<\/div>\n\t\t\t\t<div class=\"elementor-element elementor-element-27fc86ac elementor-widget elementor-widget-spacer\" data-id=\"27fc86ac\" data-element_type=\"widget\" data-e-type=\"widget\" data-widget_type=\"spacer.default\">\n\t\t\t\t<div class=\"elementor-widget-container\">\n\t\t\t\t\t<span id=\"27fc86ac\"><\/span>\t\t<div class=\"elementor-spacer\">\n\t\t\t<div class=\"elementor-spacer-inner\"><\/div>\n\t\t<\/div>\n\t\t\t\t\t\t<\/div>\n\t\t\t\t<\/div>\n\t\t\t\t\t<\/div>\n\t\t<\/div>\n\t\t\t\t\t<\/div>\n\t\t<\/section>\n\t\t\t\t<\/div>","protected":false},"excerpt":{"rendered":"<p>Seefracht Import Frankfurt Seefracht Import Frankfurt Ihr Spezialist f\u00fcr&nbsp;Seefracht&nbsp;in&nbsp;Frankfurt Schiffstransporte spielen im internationalen Warenverkehr eine herausragende Rolle: Als etablierter Logistikdienstleister in&nbsp;Frankfurt&nbsp;am Main pr\u00e4sentieren wir Ihnen deshalb auch ma\u00dfgeschneiderte Angebote f\u00fcr die&nbsp;Seefracht. Damit erg\u00e4nzen wir unsere Leistungen bei Flugzeugtransporten und Lkw-Transporten sinnvoll. In vielen F\u00e4llen erweist sich die&nbsp;Seefracht&nbsp;als preiswerte und zuverl\u00e4ssige Alternative: Der Transport dauert im [&hellip;]<\/p>\n","protected":false},"author":1,"featured_media":0,"parent":0,"menu_order":0,"comment_status":"closed","ping_status":"closed","template":"elementor_canvas","meta":{"_seopress_robots_primary_cat":"","_seopress_titles_title":"","_seopress_titles_desc":"","_seopress_robots_index":"","footnotes":""},"class_list":["post-991","page","type-page","status-publish","hentry"],"_links":{"self":[{"href":"https:\/\/agotrans-frankfurt.de\/en\/wp-json\/wp\/v2\/pages\/991","targetHints":{"allow":["GET"]}}],"collection":[{"href":"https:\/\/agotrans-frankfurt.de\/en\/wp-json\/wp\/v2\/pages"}],"about":[{"href":"https:\/\/agotrans-frankfurt.de\/en\/wp-json\/wp\/v2\/types\/page"}],"author":[{"embeddable":true,"href":"https:\/\/agotrans-frankfurt.de\/en\/wp-json\/wp\/v2\/users\/1"}],"replies":[{"embeddable":true,"href":"https:\/\/agotrans-frankfurt.de\/en\/wp-json\/wp\/v2\/comments?post=991"}],"version-history":[{"count":4,"href":"https:\/\/agotrans-frankfurt.de\/en\/wp-json\/wp\/v2\/pages\/991\/revisions"}],"predecessor-version":[{"id":995,"href":"https:\/\/agotrans-frankfurt.de\/en\/wp-json\/wp\/v2\/pages\/991\/revisions\/995"}],"wp:attachment":[{"href":"https:\/\/agotrans-frankfurt.de\/en\/wp-json\/wp\/v2\/media?parent=991"}],"curies":[{"name":"wp","href":"https:\/\/api.w.org\/{rel}","templated":true}]}}