{"id":959,"date":"2025-02-28T10:18:35","date_gmt":"2025-02-28T09:18:35","guid":{"rendered":"https:\/\/agotrans-frankfurt.de\/?page_id=959"},"modified":"2025-02-28T10:20:17","modified_gmt":"2025-02-28T09:20:17","slug":"frachtunternehmen-in-hessen","status":"publish","type":"page","link":"https:\/\/agotrans-frankfurt.de\/en\/frachtunternehmen-in-hessen\/","title":{"rendered":"Frachtunternehmen in Hessen"},"content":{"rendered":"<div data-elementor-type=\"wp-page\" data-elementor-id=\"959\" class=\"elementor elementor-959\">\n\t\t\t\t\t\t<section class=\"elementor-section elementor-top-section elementor-element elementor-element-35919472 elementor-section-height-min-height elementor-section-boxed elementor-section-height-default elementor-section-items-middle\" data-id=\"35919472\" data-element_type=\"section\" data-e-type=\"section\" data-settings=\"{&quot;background_background&quot;:&quot;classic&quot;}\">\n\t\t\t\t\t\t\t<div class=\"elementor-background-overlay\"><\/div>\n\t\t\t\t\t\t\t<div class=\"elementor-container elementor-column-gap-default\">\n\t\t\t\t\t<div class=\"elementor-column elementor-col-100 elementor-top-column elementor-element elementor-element-64ca5886\" data-id=\"64ca5886\" data-element_type=\"column\" data-e-type=\"column\">\n\t\t\t<div class=\"elementor-widget-wrap elementor-element-populated\">\n\t\t\t\t\t\t<div class=\"elementor-element elementor-element-6af9a550 elementor-widget elementor-widget-page-title\" data-id=\"6af9a550\" data-element_type=\"widget\" data-e-type=\"widget\" data-settings=\"{&quot;align&quot;:&quot;center&quot;}\" data-widget_type=\"page-title.default\">\n\t\t\t\t<div class=\"elementor-widget-container\">\n\t\t\t\t\t<span id=\"6af9a550\"><\/span>\t\t\n\t\t<div class=\"hfe-page-title hfe-page-title-wrapper elementor-widget-heading\">\n\n\t\t\t\t\t\t\t\t\t\t\t<a href=\"https:\/\/agotrans-frankfurt.de\/en\">\n\t\t\t\t\t\t<h1 class=\"elementor-heading-title elementor-size-xxl\">\n\t\t\t\t\t\t\t\t\n\t\t\t\tFrachtunternehmen in Hessen  \n\t\t\t<\/h1> \n\t\t\t\t\t\t\t\t\t<\/a>\n\t\t\t\t\t<\/div>\n\t\t\t\t\t\t<\/div>\n\t\t\t\t<\/div>\n\t\t\t\t<div class=\"elementor-element elementor-element-766bbca4 elementor-widget-divider--view-line elementor-widget elementor-widget-divider\" data-id=\"766bbca4\" data-element_type=\"widget\" data-e-type=\"widget\" data-widget_type=\"divider.default\">\n\t\t\t\t<div class=\"elementor-widget-container\">\n\t\t\t\t\t<span id=\"766bbca4\"><\/span>\t\t<div class=\"elementor-divider\">\n\t\t\t<span class=\"elementor-divider-separator\">\n\t\t\t\t\t\t<\/span>\n\t\t<\/div>\n\t\t\t\t\t\t<\/div>\n\t\t\t\t<\/div>\n\t\t\t\t\t<\/div>\n\t\t<\/div>\n\t\t\t\t\t<\/div>\n\t\t<\/section>\n\t\t\t\t<section class=\"elementor-section elementor-top-section elementor-element elementor-element-46c06255 elementor-section-boxed elementor-section-height-default elementor-section-height-default\" data-id=\"46c06255\" data-element_type=\"section\" data-e-type=\"section\">\n\t\t\t\t\t\t<div class=\"elementor-container elementor-column-gap-default\">\n\t\t\t\t\t<div class=\"elementor-column elementor-col-100 elementor-top-column elementor-element elementor-element-654671e4 animated-fast elementor-invisible\" data-id=\"654671e4\" data-element_type=\"column\" data-e-type=\"column\" data-settings=\"{&quot;animation&quot;:&quot;fadeInUp&quot;}\">\n\t\t\t<div class=\"elementor-widget-wrap elementor-element-populated\">\n\t\t\t\t\t\t<div class=\"elementor-element elementor-element-449ae9cd elementor-widget elementor-widget-spacer\" data-id=\"449ae9cd\" data-element_type=\"widget\" data-e-type=\"widget\" data-widget_type=\"spacer.default\">\n\t\t\t\t<div class=\"elementor-widget-container\">\n\t\t\t\t\t<span id=\"449ae9cd\"><\/span>\t\t<div class=\"elementor-spacer\">\n\t\t\t<div class=\"elementor-spacer-inner\"><\/div>\n\t\t<\/div>\n\t\t\t\t\t\t<\/div>\n\t\t\t\t<\/div>\n\t\t\t\t<div class=\"elementor-element elementor-element-f88f671 elementor-widget elementor-widget-text-editor\" data-id=\"f88f671\" data-element_type=\"widget\" data-e-type=\"widget\" data-widget_type=\"text-editor.default\">\n\t\t\t\t<div class=\"elementor-widget-container\">\n\t\t\t\t\t<span id=\"f88f671\"><\/span>\t\t\t\t<div class=\"nz-column-text nz-clearfix element-animate-false\" data-effect=\"none\" data-effect-speed=\"50\"><div id=\"text_highlighted\"><div id=\"text_highlighted\"><p>Frachtunternehmen in Hessen \u2013 Ihr zuverl\u00e4ssiger Partner f\u00fcr Transporte<\/p><p>Wenn es um den Transport von Waren und G\u00fctern geht, spielt die Auswahl des richtigen Frachtunternehmens eine entscheidende Rolle. In Hessen, einer wirtschaftlich starken Region Deutschlands, gibt es zahlreiche Frachtunternehmen, die sich durch ihre Zuverl\u00e4ssigkeit, Flexibilit\u00e4t und Professionalisierung auszeichnen. Egal, ob Sie kleine Sendungen oder gro\u00dfvolumige Lieferungen haben, in Hessen finden Sie den idealen Logistikpartner.<\/p><p>Die hessische Verkehrs-Infrastruktur ist hervorragend ausgebaut. Mit einem weitverzweigten Stra\u00dfennetz, zahlreichen Bahnh\u00f6fen und dem Flughafen Frankfurt am Main, einem der gr\u00f6\u00dften Luftfracht-Drehscheiben Europas, sind optimale Bedingungen f\u00fcr den Frachtverkehr gegeben. Frachtunternehmen in Hessen nutzen diese Vorteile, um effiziente Transportl\u00f6sungen anzubieten, die p\u00fcnktliche Lieferungen gew\u00e4hrleisten.<\/p><p>Ein bedeutender Aspekt, der beim Versand von Waren ber\u00fccksichtigt werden sollte, ist die Art der G\u00fcter. Viele Frachtunternehmen in Hessen bieten spezialisierte Dienstleistungen an, sei es f\u00fcr Gefahrguttransporte, K\u00fchltransporte oder internationale Lieferungen. Professionelle Partner begleiten Sie von der Planung bis zur Auslieferung und sorgen daf\u00fcr, dass Ihre Waren sicher und termingerecht ankommen.<\/p><p>Ein weiterer Vorteil lokaler Frachtunternehmen ist die pers\u00f6nliche Betreuung. Diese Firmen bieten ma\u00dfgeschneiderte L\u00f6sungen an, die auf die individuellen Bed\u00fcrfnisse ihrer Kunden abgestimmt sind. Durch transparente Kommunikation und eine enge Zusammenarbeit k\u00f6nnen Herausforderungen schnell gemeistert werden.<\/p><p>Suchen Sie ein Frachtunternehmen in Hessen? Achten Sie auf Erfahrung, Kundenbewertungen und angebotene Dienstleistungen, um den besten Partner f\u00fcr Ihre Transportbed\u00fcrfnisse zu finden. Vertrauen Sie auf die Expertise hessischer Frachtunternehmen und optimieren Sie Ihre Logistikprozesse f\u00fcr mehr Effizienz und Erfolg in Ihrem Gesch\u00e4ft.<\/p><\/div><\/div><\/div>\t\t\t\t\t\t\t\t<\/div>\n\t\t\t\t<\/div>\n\t\t\t\t<div class=\"elementor-element elementor-element-4a2cd44a elementor-widget elementor-widget-image\" data-id=\"4a2cd44a\" data-element_type=\"widget\" data-e-type=\"widget\" data-widget_type=\"image.default\">\n\t\t\t\t<div class=\"elementor-widget-container\">\n\t\t\t\t\t<span id=\"4a2cd44a\"><\/span>\t\t\t\t\t\t\t\t\t\t<img fetchpriority=\"high\" decoding=\"async\" width=\"768\" height=\"512\" src=\"https:\/\/agotrans-frankfurt.de\/wp-content\/uploads\/2021\/03\/10536430_M-1-768x512.jpg\" class=\"attachment-medium_large size-medium_large wp-image-428\" alt=\"\" srcset=\"https:\/\/agotrans-frankfurt.de\/wp-content\/uploads\/2021\/03\/10536430_M-1-768x512.jpg 768w, https:\/\/agotrans-frankfurt.de\/wp-content\/uploads\/2021\/03\/10536430_M-1-300x200.jpg 300w, https:\/\/agotrans-frankfurt.de\/wp-content\/uploads\/2021\/03\/10536430_M-1-16x12.jpg 16w, https:\/\/agotrans-frankfurt.de\/wp-content\/uploads\/2021\/03\/10536430_M-1.jpg 848w\" sizes=\"(max-width: 768px) 100vw, 768px\" \/>\t\t\t\t\t\t\t\t\t\t\t\t\t\t\t<\/div>\n\t\t\t\t<\/div>\n\t\t\t\t<div class=\"elementor-element elementor-element-27fc86ac elementor-widget elementor-widget-spacer\" data-id=\"27fc86ac\" data-element_type=\"widget\" data-e-type=\"widget\" data-widget_type=\"spacer.default\">\n\t\t\t\t<div class=\"elementor-widget-container\">\n\t\t\t\t\t<span id=\"27fc86ac\"><\/span>\t\t<div class=\"elementor-spacer\">\n\t\t\t<div class=\"elementor-spacer-inner\"><\/div>\n\t\t<\/div>\n\t\t\t\t\t\t<\/div>\n\t\t\t\t<\/div>\n\t\t\t\t\t<\/div>\n\t\t<\/div>\n\t\t\t\t\t<\/div>\n\t\t<\/section>\n\t\t\t\t<\/div>","protected":false},"excerpt":{"rendered":"<p>Seefracht Import Frankfurt Seefracht Import Frankfurt Ihr Spezialist f\u00fcr&nbsp;Seefracht&nbsp;in&nbsp;Frankfurt Schiffstransporte spielen im internationalen Warenverkehr eine herausragende Rolle: Als etablierter Logistikdienstleister in&nbsp;Frankfurt&nbsp;am Main pr\u00e4sentieren wir Ihnen deshalb auch ma\u00dfgeschneiderte Angebote f\u00fcr die&nbsp;Seefracht. Damit erg\u00e4nzen wir unsere Leistungen bei Flugzeugtransporten und Lkw-Transporten sinnvoll. In vielen F\u00e4llen erweist sich die&nbsp;Seefracht&nbsp;als preiswerte und zuverl\u00e4ssige Alternative: Der Transport dauert im [&hellip;]<\/p>\n","protected":false},"author":1,"featured_media":0,"parent":0,"menu_order":0,"comment_status":"closed","ping_status":"closed","template":"elementor_canvas","meta":{"_seopress_robots_primary_cat":"","_seopress_titles_title":"","_seopress_titles_desc":"","_seopress_robots_index":"","footnotes":""},"class_list":["post-959","page","type-page","status-publish","hentry"],"_links":{"self":[{"href":"https:\/\/agotrans-frankfurt.de\/en\/wp-json\/wp\/v2\/pages\/959","targetHints":{"allow":["GET"]}}],"collection":[{"href":"https:\/\/agotrans-frankfurt.de\/en\/wp-json\/wp\/v2\/pages"}],"about":[{"href":"https:\/\/agotrans-frankfurt.de\/en\/wp-json\/wp\/v2\/types\/page"}],"author":[{"embeddable":true,"href":"https:\/\/agotrans-frankfurt.de\/en\/wp-json\/wp\/v2\/users\/1"}],"replies":[{"embeddable":true,"href":"https:\/\/agotrans-frankfurt.de\/en\/wp-json\/wp\/v2\/comments?post=959"}],"version-history":[{"count":4,"href":"https:\/\/agotrans-frankfurt.de\/en\/wp-json\/wp\/v2\/pages\/959\/revisions"}],"predecessor-version":[{"id":963,"href":"https:\/\/agotrans-frankfurt.de\/en\/wp-json\/wp\/v2\/pages\/959\/revisions\/963"}],"wp:attachment":[{"href":"https:\/\/agotrans-frankfurt.de\/en\/wp-json\/wp\/v2\/media?parent=959"}],"curies":[{"name":"wp","href":"https:\/\/api.w.org\/{rel}","templated":true}]}}