{"id":939,"date":"2024-11-28T13:29:42","date_gmt":"2024-11-28T12:29:42","guid":{"rendered":"https:\/\/agotrans-frankfurt.de\/?page_id=939"},"modified":"2024-11-28T13:30:28","modified_gmt":"2024-11-28T12:30:28","slug":"containerfracht-in-europa","status":"publish","type":"page","link":"https:\/\/agotrans-frankfurt.de\/en\/containerfracht-in-europa\/","title":{"rendered":"Speditionsunternehmen in Europa"},"content":{"rendered":"<div data-elementor-type=\"wp-page\" data-elementor-id=\"939\" class=\"elementor elementor-939\">\n\t\t\t\t\t\t<section class=\"elementor-section elementor-top-section elementor-element elementor-element-35919472 elementor-section-height-min-height elementor-section-boxed elementor-section-height-default elementor-section-items-middle\" data-id=\"35919472\" data-element_type=\"section\" data-e-type=\"section\" data-settings=\"{&quot;background_background&quot;:&quot;classic&quot;}\">\n\t\t\t\t\t\t\t<div class=\"elementor-background-overlay\"><\/div>\n\t\t\t\t\t\t\t<div class=\"elementor-container elementor-column-gap-default\">\n\t\t\t\t\t<div class=\"elementor-column elementor-col-100 elementor-top-column elementor-element elementor-element-64ca5886\" data-id=\"64ca5886\" data-element_type=\"column\" data-e-type=\"column\">\n\t\t\t<div class=\"elementor-widget-wrap elementor-element-populated\">\n\t\t\t\t\t\t<div class=\"elementor-element elementor-element-6af9a550 elementor-widget elementor-widget-page-title\" data-id=\"6af9a550\" data-element_type=\"widget\" data-e-type=\"widget\" data-settings=\"{&quot;align&quot;:&quot;center&quot;}\" data-widget_type=\"page-title.default\">\n\t\t\t\t<div class=\"elementor-widget-container\">\n\t\t\t\t\t<span id=\"6af9a550\"><\/span>\t\t\n\t\t<div class=\"hfe-page-title hfe-page-title-wrapper elementor-widget-heading\">\n\n\t\t\t\t\t\t\t\t\t\t\t<a href=\"https:\/\/agotrans-frankfurt.de\/en\">\n\t\t\t\t\t\t<h1 class=\"elementor-heading-title elementor-size-xxl\">\n\t\t\t\t\t\t\t\t\n\t\t\t\tSpeditionsunternehmen in Europa  \n\t\t\t<\/h1> \n\t\t\t\t\t\t\t\t\t<\/a>\n\t\t\t\t\t<\/div>\n\t\t\t\t\t\t<\/div>\n\t\t\t\t<\/div>\n\t\t\t\t<div class=\"elementor-element elementor-element-766bbca4 elementor-widget-divider--view-line elementor-widget elementor-widget-divider\" data-id=\"766bbca4\" data-element_type=\"widget\" data-e-type=\"widget\" data-widget_type=\"divider.default\">\n\t\t\t\t<div class=\"elementor-widget-container\">\n\t\t\t\t\t<span id=\"766bbca4\"><\/span>\t\t<div class=\"elementor-divider\">\n\t\t\t<span class=\"elementor-divider-separator\">\n\t\t\t\t\t\t<\/span>\n\t\t<\/div>\n\t\t\t\t\t\t<\/div>\n\t\t\t\t<\/div>\n\t\t\t\t\t<\/div>\n\t\t<\/div>\n\t\t\t\t\t<\/div>\n\t\t<\/section>\n\t\t\t\t<section class=\"elementor-section elementor-top-section elementor-element elementor-element-46c06255 elementor-section-boxed elementor-section-height-default elementor-section-height-default\" data-id=\"46c06255\" data-element_type=\"section\" data-e-type=\"section\">\n\t\t\t\t\t\t<div class=\"elementor-container elementor-column-gap-default\">\n\t\t\t\t\t<div class=\"elementor-column elementor-col-100 elementor-top-column elementor-element elementor-element-654671e4 animated-fast elementor-invisible\" data-id=\"654671e4\" data-element_type=\"column\" data-e-type=\"column\" data-settings=\"{&quot;animation&quot;:&quot;fadeInUp&quot;}\">\n\t\t\t<div class=\"elementor-widget-wrap elementor-element-populated\">\n\t\t\t\t\t\t<div class=\"elementor-element elementor-element-449ae9cd elementor-widget elementor-widget-spacer\" data-id=\"449ae9cd\" data-element_type=\"widget\" data-e-type=\"widget\" data-widget_type=\"spacer.default\">\n\t\t\t\t<div class=\"elementor-widget-container\">\n\t\t\t\t\t<span id=\"449ae9cd\"><\/span>\t\t<div class=\"elementor-spacer\">\n\t\t\t<div class=\"elementor-spacer-inner\"><\/div>\n\t\t<\/div>\n\t\t\t\t\t\t<\/div>\n\t\t\t\t<\/div>\n\t\t\t\t<div class=\"elementor-element elementor-element-f88f671 elementor-widget elementor-widget-text-editor\" data-id=\"f88f671\" data-element_type=\"widget\" data-e-type=\"widget\" data-widget_type=\"text-editor.default\">\n\t\t\t\t<div class=\"elementor-widget-container\">\n\t\t\t\t\t<span id=\"f88f671\"><\/span>\t\t\t\t<div class=\"nz-column-text nz-clearfix element-animate-false\" data-effect=\"none\" data-effect-speed=\"50\"><div id=\"text_highlighted\"><div id=\"text_highlighted\"><p>Speditionsunternehmen in Europa: Ihr Partner f\u00fcr effiziente Logistikl\u00f6sungen<\/p><p>Die Globalisierung hat die Bedeutung von Speditionsunternehmen in Europa entscheidend erh\u00f6ht. Diese Firmen sind unverzichtbar f\u00fcr den grenz\u00fcberschreitenden Warenverkehr und bieten umfassende Logistikl\u00f6sungen f\u00fcr Unternehmen jeder Gr\u00f6\u00dfe. Ob Versand, Lagerung oder Zollabwicklung \u2013 moderne Spediteure stellen sicher, dass Ihre Waren sicher und p\u00fcnktlich ankommen.<\/p><p>Ein kompetentes Speditionsunternehmen in Europa bietet ma\u00dfgeschneiderte Dienstleistungen, die auf die spezifischen Bed\u00fcrfnisse Ihrer Branche zugeschnitten sind. Egal, ob Sie empfindliche G\u00fcter, Gefahrstoffe oder gro\u00dfe Maschinen transportieren m\u00f6chten, erfahrene Logistikexperten wissen, welche Transportwege und -methoden am besten geeignet sind. Die richtige Auswahl der Verkehrstr\u00e4ger \u2013 sei es per Lkw, Bahn, Schiff oder Luftfracht \u2013 optimiert nicht nur die Lieferzeiten, sondern hilft auch, Kosten zu minimieren.<\/p><p>Zudem spielt die Digitalisierung eine entscheidende Rolle in der modernen Logistik. Speditionsunternehmen nutzen fortschrittliche Technologien, um Transparenz in der Lieferkette zu schaffen. Echtzeit-Tracking-Systeme erm\u00f6glichen Ihnen, den Status Ihrer Sendungen jederzeit zu \u00fcberwachen, wodurch Sie jederzeit informiert bleiben.<\/p><p>Ein weiterer wichtiger Aspekt ist die Nachhaltigkeit. Viele europ\u00e4ische Spediteure setzen auf umweltfreundliche Transportl\u00f6sungen und arbeiten daran, ihren CO2-Fu\u00dfabdruck zu reduzieren. Durch den Einsatz von emissionsarmen Fahrzeugen und optimierten Routen tragen sie aktiv zum Klimaschutz bei.<\/p><p>Die Wahl des richtigen Speditionsunternehmens ist entscheidend f\u00fcr den Erfolg Ihres Unternehmens. Vertrauen Sie auf erfahrene Partner, die nicht nur \u00fcber das notwendige Fachwissen, sondern auch \u00fcber ein starkes Netzwerk innerhalb Europas verf\u00fcgen. So garantieren Sie eine reibungslose und effiziente Logistik, die Ihr Gesch\u00e4ft weiter voranbringt.<\/p><\/div><\/div><\/div>\t\t\t\t\t\t\t\t<\/div>\n\t\t\t\t<\/div>\n\t\t\t\t<div class=\"elementor-element elementor-element-4a2cd44a elementor-widget elementor-widget-image\" data-id=\"4a2cd44a\" data-element_type=\"widget\" data-e-type=\"widget\" data-widget_type=\"image.default\">\n\t\t\t\t<div class=\"elementor-widget-container\">\n\t\t\t\t\t<span id=\"4a2cd44a\"><\/span>\t\t\t\t\t\t\t\t\t\t<img fetchpriority=\"high\" decoding=\"async\" width=\"768\" height=\"512\" src=\"https:\/\/agotrans-frankfurt.de\/wp-content\/uploads\/2021\/03\/10536430_M-1-768x512.jpg\" class=\"attachment-medium_large size-medium_large wp-image-428\" alt=\"\" srcset=\"https:\/\/agotrans-frankfurt.de\/wp-content\/uploads\/2021\/03\/10536430_M-1-768x512.jpg 768w, https:\/\/agotrans-frankfurt.de\/wp-content\/uploads\/2021\/03\/10536430_M-1-300x200.jpg 300w, https:\/\/agotrans-frankfurt.de\/wp-content\/uploads\/2021\/03\/10536430_M-1-16x12.jpg 16w, https:\/\/agotrans-frankfurt.de\/wp-content\/uploads\/2021\/03\/10536430_M-1.jpg 848w\" sizes=\"(max-width: 768px) 100vw, 768px\" \/>\t\t\t\t\t\t\t\t\t\t\t\t\t\t\t<\/div>\n\t\t\t\t<\/div>\n\t\t\t\t<div class=\"elementor-element elementor-element-27fc86ac elementor-widget elementor-widget-spacer\" data-id=\"27fc86ac\" data-element_type=\"widget\" data-e-type=\"widget\" data-widget_type=\"spacer.default\">\n\t\t\t\t<div class=\"elementor-widget-container\">\n\t\t\t\t\t<span id=\"27fc86ac\"><\/span>\t\t<div class=\"elementor-spacer\">\n\t\t\t<div class=\"elementor-spacer-inner\"><\/div>\n\t\t<\/div>\n\t\t\t\t\t\t<\/div>\n\t\t\t\t<\/div>\n\t\t\t\t\t<\/div>\n\t\t<\/div>\n\t\t\t\t\t<\/div>\n\t\t<\/section>\n\t\t\t\t<\/div>","protected":false},"excerpt":{"rendered":"<p>Seefracht Import Frankfurt Seefracht Import Frankfurt Ihr Spezialist f\u00fcr&nbsp;Seefracht&nbsp;in&nbsp;Frankfurt Schiffstransporte spielen im internationalen Warenverkehr eine herausragende Rolle: Als etablierter Logistikdienstleister in&nbsp;Frankfurt&nbsp;am Main pr\u00e4sentieren wir Ihnen deshalb auch ma\u00dfgeschneiderte Angebote f\u00fcr die&nbsp;Seefracht. Damit erg\u00e4nzen wir unsere Leistungen bei Flugzeugtransporten und Lkw-Transporten sinnvoll. In vielen F\u00e4llen erweist sich die&nbsp;Seefracht&nbsp;als preiswerte und zuverl\u00e4ssige Alternative: Der Transport dauert im [&hellip;]<\/p>\n","protected":false},"author":1,"featured_media":0,"parent":0,"menu_order":0,"comment_status":"closed","ping_status":"closed","template":"elementor_canvas","meta":{"_seopress_robots_primary_cat":"","_seopress_titles_title":"","_seopress_titles_desc":"","_seopress_robots_index":"","footnotes":""},"class_list":["post-939","page","type-page","status-publish","hentry"],"_links":{"self":[{"href":"https:\/\/agotrans-frankfurt.de\/en\/wp-json\/wp\/v2\/pages\/939","targetHints":{"allow":["GET"]}}],"collection":[{"href":"https:\/\/agotrans-frankfurt.de\/en\/wp-json\/wp\/v2\/pages"}],"about":[{"href":"https:\/\/agotrans-frankfurt.de\/en\/wp-json\/wp\/v2\/types\/page"}],"author":[{"embeddable":true,"href":"https:\/\/agotrans-frankfurt.de\/en\/wp-json\/wp\/v2\/users\/1"}],"replies":[{"embeddable":true,"href":"https:\/\/agotrans-frankfurt.de\/en\/wp-json\/wp\/v2\/comments?post=939"}],"version-history":[{"count":4,"href":"https:\/\/agotrans-frankfurt.de\/en\/wp-json\/wp\/v2\/pages\/939\/revisions"}],"predecessor-version":[{"id":943,"href":"https:\/\/agotrans-frankfurt.de\/en\/wp-json\/wp\/v2\/pages\/939\/revisions\/943"}],"wp:attachment":[{"href":"https:\/\/agotrans-frankfurt.de\/en\/wp-json\/wp\/v2\/media?parent=939"}],"curies":[{"name":"wp","href":"https:\/\/api.w.org\/{rel}","templated":true}]}}