{"id":904,"date":"2024-06-26T09:36:05","date_gmt":"2024-06-26T07:36:05","guid":{"rendered":"https:\/\/agotrans-frankfurt.de\/?page_id=904"},"modified":"2024-06-26T09:36:37","modified_gmt":"2024-06-26T07:36:37","slug":"containerfracht-flughafen-frankfurt","status":"publish","type":"page","link":"https:\/\/agotrans-frankfurt.de\/en\/containerfracht-flughafen-frankfurt\/","title":{"rendered":"Containerfracht Flughafen Frankfurt"},"content":{"rendered":"<div data-elementor-type=\"wp-page\" data-elementor-id=\"904\" class=\"elementor elementor-904\">\n\t\t\t\t\t\t<section class=\"elementor-section elementor-top-section elementor-element elementor-element-35919472 elementor-section-height-min-height elementor-section-boxed elementor-section-height-default elementor-section-items-middle\" data-id=\"35919472\" data-element_type=\"section\" data-e-type=\"section\" data-settings=\"{&quot;background_background&quot;:&quot;classic&quot;}\">\n\t\t\t\t\t\t\t<div class=\"elementor-background-overlay\"><\/div>\n\t\t\t\t\t\t\t<div class=\"elementor-container elementor-column-gap-default\">\n\t\t\t\t\t<div class=\"elementor-column elementor-col-100 elementor-top-column elementor-element elementor-element-64ca5886\" data-id=\"64ca5886\" data-element_type=\"column\" data-e-type=\"column\">\n\t\t\t<div class=\"elementor-widget-wrap elementor-element-populated\">\n\t\t\t\t\t\t<div class=\"elementor-element elementor-element-6af9a550 elementor-widget elementor-widget-page-title\" data-id=\"6af9a550\" data-element_type=\"widget\" data-e-type=\"widget\" data-settings=\"{&quot;align&quot;:&quot;center&quot;}\" data-widget_type=\"page-title.default\">\n\t\t\t\t<div class=\"elementor-widget-container\">\n\t\t\t\t\t<span id=\"6af9a550\"><\/span>\t\t\n\t\t<div class=\"hfe-page-title hfe-page-title-wrapper elementor-widget-heading\">\n\n\t\t\t\t\t\t\t\t\t\t\t<a href=\"https:\/\/agotrans-frankfurt.de\/en\">\n\t\t\t\t\t\t<h1 class=\"elementor-heading-title elementor-size-xxl\">\n\t\t\t\t\t\t\t\t\n\t\t\t\tContainerfracht Flughafen Frankfurt  \n\t\t\t<\/h1> \n\t\t\t\t\t\t\t\t\t<\/a>\n\t\t\t\t\t<\/div>\n\t\t\t\t\t\t<\/div>\n\t\t\t\t<\/div>\n\t\t\t\t<div class=\"elementor-element elementor-element-766bbca4 elementor-widget-divider--view-line elementor-widget elementor-widget-divider\" data-id=\"766bbca4\" data-element_type=\"widget\" data-e-type=\"widget\" data-widget_type=\"divider.default\">\n\t\t\t\t<div class=\"elementor-widget-container\">\n\t\t\t\t\t<span id=\"766bbca4\"><\/span>\t\t<div class=\"elementor-divider\">\n\t\t\t<span class=\"elementor-divider-separator\">\n\t\t\t\t\t\t<\/span>\n\t\t<\/div>\n\t\t\t\t\t\t<\/div>\n\t\t\t\t<\/div>\n\t\t\t\t\t<\/div>\n\t\t<\/div>\n\t\t\t\t\t<\/div>\n\t\t<\/section>\n\t\t\t\t<section class=\"elementor-section elementor-top-section elementor-element elementor-element-46c06255 elementor-section-boxed elementor-section-height-default elementor-section-height-default\" data-id=\"46c06255\" data-element_type=\"section\" data-e-type=\"section\">\n\t\t\t\t\t\t<div class=\"elementor-container elementor-column-gap-default\">\n\t\t\t\t\t<div class=\"elementor-column elementor-col-100 elementor-top-column elementor-element elementor-element-654671e4 animated-fast elementor-invisible\" data-id=\"654671e4\" data-element_type=\"column\" data-e-type=\"column\" data-settings=\"{&quot;animation&quot;:&quot;fadeInUp&quot;}\">\n\t\t\t<div class=\"elementor-widget-wrap elementor-element-populated\">\n\t\t\t\t\t\t<div class=\"elementor-element elementor-element-449ae9cd elementor-widget elementor-widget-spacer\" data-id=\"449ae9cd\" data-element_type=\"widget\" data-e-type=\"widget\" data-widget_type=\"spacer.default\">\n\t\t\t\t<div class=\"elementor-widget-container\">\n\t\t\t\t\t<span id=\"449ae9cd\"><\/span>\t\t<div class=\"elementor-spacer\">\n\t\t\t<div class=\"elementor-spacer-inner\"><\/div>\n\t\t<\/div>\n\t\t\t\t\t\t<\/div>\n\t\t\t\t<\/div>\n\t\t\t\t<div class=\"elementor-element elementor-element-f88f671 elementor-widget elementor-widget-text-editor\" data-id=\"f88f671\" data-element_type=\"widget\" data-e-type=\"widget\" data-widget_type=\"text-editor.default\">\n\t\t\t\t<div class=\"elementor-widget-container\">\n\t\t\t\t\t<span id=\"f88f671\"><\/span>\t\t\t\t<div class=\"nz-column-text nz-clearfix element-animate-false\" data-effect=\"none\" data-effect-speed=\"50\"><div id=\"text_highlighted\"><p><b>Containerfracht Flughafen Frankfurt<\/b><\/p><p>\u00a0<\/p><div><div class=\"preview\">Agotrans Air Cargo GmbH &#8211; ma\u00dfgeschneiderte L\u00f6sungen f\u00fcr\u00a0Containerfracht\u00a0am\u00a0Flughafen Frankfurt<br \/><br \/>Die Agotrans Air Cargo GmbH ist ein Dienstleister f\u00fcr Unternehmen des Mittelstands und bietet am\u00a0Flughafen Frankfurt\u00a0schon seit mehr als 30 Jahren moderne und individuelle Komplettl\u00f6sungen an. Diese L\u00f6sungen im Bereich\u00a0Containerfracht\u00a0sind genau auf die W\u00fcnsche und Bed\u00fcrfnisse der Kunden zugeschnitten. Durch die Zusammenarbeit mit einem gro\u00dfen Agentennetzwerk in mehr als 30 L\u00e4ndern der Welt, hat sich die Agotrans Air Cargo GmbH in den letzten Jahren auf dem hart umk\u00e4mpften Markt etabliert. F\u00fcr schnelle Transporte in nahezu alle L\u00e4nder der Welt, kooperiert der Dienstleister f\u00fcr\u00a0Containerfracht\u00a0am\u00a0Flughafen Frankfurt\u00a0mit etablierten und renommierten Fluggesellschaften und Reedereien.<br \/><br \/>F\u00fcr den Import von\u00a0Containerfracht\u00a0\u00fcbernimmt die Agotrans Air Cargo GmbH alle wichtigen Aufgaben<br \/><br \/>Durch die rasch fortschreitende Globalisierung haben Importe und Exporte aus aller Welt rasant zugenommen. Die Bedingungen zum Versand von\u00a0Containerfracht\u00a0haben sich ver\u00e4ndert und die mittelst\u00e4ndischen Unternehmen importieren Waren in gro\u00dfen Mengen. F\u00fcr diesen Warenverkehr ist die Agotrans Air Cargo GmbH am\u00a0Flughafen Frankfurt\u00a0genau der richtige Partner f\u00fcr alle Branchen. Die geschulten Mitarbeiter des Unternehmens \u00fcbernehmen f\u00fcr die Kunden die vielf\u00e4ltigen Aufgaben, die bei einem Luftfracht-Import von\u00a0Containerfracht\u00a0anfallen. Dies beginnt bei der Erstellung der Luftfrachtpapiere und endet mit den umfangreichen Dokumenten, die f\u00fcr eine reibungslose Zollabfertigung wichtig sind. Die Kunden der Agotrans Air Cargo GmbH am\u00a0Flughafen Frankfurt\u00a0werden bei Bedarf jederzeit kompetent beraten.<br \/><br \/>Standard- oder Spezialtransporte als Export vom\u00a0Flughafen Frankfurt<br \/><br \/>Was f\u00fcr den Import von\u00a0Containerfracht\u00a0gilt, trifft selbstverst\u00e4ndlich auch auf den Export zu. Die Agotrans Air Cargo GmbH bedient regelm\u00e4\u00dfig mehr als 30 Destinationen weltweit und kooperiert am\u00a0Flughafen Frankfurt\u00a0mit allen namhaften Carriers. Die Luftfracht kann als\u00a0Containerfracht\u00a0als Direktsendung oder auch g\u00fcnstiger in einer Sammelverladung versendet werden. Zus\u00e4tzlich zum Standardversand von Waren und Produkten hat die Agotrans Air Cargo GmbH auch Spezialtransporte in ihrem breiten Portfolio. Die Kunden haben die M\u00f6glichkeit ab\u00a0Flughafen Frankfurt\u00a0Containerfracht\u00a0als Gefahrgut, K\u00fchlgut oder Lebensmittel zu versenden.<\/div><\/div><\/div><\/div>\t\t\t\t\t\t\t\t<\/div>\n\t\t\t\t<\/div>\n\t\t\t\t<div class=\"elementor-element elementor-element-4a2cd44a elementor-widget elementor-widget-image\" data-id=\"4a2cd44a\" data-element_type=\"widget\" data-e-type=\"widget\" data-widget_type=\"image.default\">\n\t\t\t\t<div class=\"elementor-widget-container\">\n\t\t\t\t\t<span id=\"4a2cd44a\"><\/span>\t\t\t\t\t\t\t\t\t\t<img fetchpriority=\"high\" decoding=\"async\" width=\"768\" height=\"512\" src=\"https:\/\/agotrans-frankfurt.de\/wp-content\/uploads\/2021\/03\/10536430_M-1-768x512.jpg\" class=\"attachment-medium_large size-medium_large wp-image-428\" alt=\"\" srcset=\"https:\/\/agotrans-frankfurt.de\/wp-content\/uploads\/2021\/03\/10536430_M-1-768x512.jpg 768w, https:\/\/agotrans-frankfurt.de\/wp-content\/uploads\/2021\/03\/10536430_M-1-300x200.jpg 300w, https:\/\/agotrans-frankfurt.de\/wp-content\/uploads\/2021\/03\/10536430_M-1-16x12.jpg 16w, https:\/\/agotrans-frankfurt.de\/wp-content\/uploads\/2021\/03\/10536430_M-1.jpg 848w\" sizes=\"(max-width: 768px) 100vw, 768px\" \/>\t\t\t\t\t\t\t\t\t\t\t\t\t\t\t<\/div>\n\t\t\t\t<\/div>\n\t\t\t\t<div class=\"elementor-element elementor-element-27fc86ac elementor-widget elementor-widget-spacer\" data-id=\"27fc86ac\" data-element_type=\"widget\" data-e-type=\"widget\" data-widget_type=\"spacer.default\">\n\t\t\t\t<div class=\"elementor-widget-container\">\n\t\t\t\t\t<span id=\"27fc86ac\"><\/span>\t\t<div class=\"elementor-spacer\">\n\t\t\t<div class=\"elementor-spacer-inner\"><\/div>\n\t\t<\/div>\n\t\t\t\t\t\t<\/div>\n\t\t\t\t<\/div>\n\t\t\t\t\t<\/div>\n\t\t<\/div>\n\t\t\t\t\t<\/div>\n\t\t<\/section>\n\t\t\t\t<\/div>","protected":false},"excerpt":{"rendered":"<p>Seefracht Import Frankfurt Seefracht Import Frankfurt Ihr Spezialist f\u00fcr&nbsp;Seefracht&nbsp;in&nbsp;Frankfurt Schiffstransporte spielen im internationalen Warenverkehr eine herausragende Rolle: Als etablierter Logistikdienstleister in&nbsp;Frankfurt&nbsp;am Main pr\u00e4sentieren wir Ihnen deshalb auch ma\u00dfgeschneiderte Angebote f\u00fcr die&nbsp;Seefracht. Damit erg\u00e4nzen wir unsere Leistungen bei Flugzeugtransporten und Lkw-Transporten sinnvoll. In vielen F\u00e4llen erweist sich die&nbsp;Seefracht&nbsp;als preiswerte und zuverl\u00e4ssige Alternative: Der Transport dauert im [&hellip;]<\/p>\n","protected":false},"author":1,"featured_media":0,"parent":0,"menu_order":0,"comment_status":"closed","ping_status":"closed","template":"elementor_canvas","meta":{"_seopress_robots_primary_cat":"","_seopress_titles_title":"","_seopress_titles_desc":"","_seopress_robots_index":"","footnotes":""},"class_list":["post-904","page","type-page","status-publish","hentry"],"_links":{"self":[{"href":"https:\/\/agotrans-frankfurt.de\/en\/wp-json\/wp\/v2\/pages\/904","targetHints":{"allow":["GET"]}}],"collection":[{"href":"https:\/\/agotrans-frankfurt.de\/en\/wp-json\/wp\/v2\/pages"}],"about":[{"href":"https:\/\/agotrans-frankfurt.de\/en\/wp-json\/wp\/v2\/types\/page"}],"author":[{"embeddable":true,"href":"https:\/\/agotrans-frankfurt.de\/en\/wp-json\/wp\/v2\/users\/1"}],"replies":[{"embeddable":true,"href":"https:\/\/agotrans-frankfurt.de\/en\/wp-json\/wp\/v2\/comments?post=904"}],"version-history":[{"count":4,"href":"https:\/\/agotrans-frankfurt.de\/en\/wp-json\/wp\/v2\/pages\/904\/revisions"}],"predecessor-version":[{"id":908,"href":"https:\/\/agotrans-frankfurt.de\/en\/wp-json\/wp\/v2\/pages\/904\/revisions\/908"}],"wp:attachment":[{"href":"https:\/\/agotrans-frankfurt.de\/en\/wp-json\/wp\/v2\/media?parent=904"}],"curies":[{"name":"wp","href":"https:\/\/api.w.org\/{rel}","templated":true}]}}