{"id":883,"date":"2024-04-26T11:05:41","date_gmt":"2024-04-26T09:05:41","guid":{"rendered":"https:\/\/agotrans-frankfurt.de\/?page_id=883"},"modified":"2024-04-26T11:06:41","modified_gmt":"2024-04-26T09:06:41","slug":"speditionsunternehmen-am-frankfurter-flughafen","status":"publish","type":"page","link":"https:\/\/agotrans-frankfurt.de\/en\/speditionsunternehmen-am-frankfurter-flughafen\/","title":{"rendered":"Speditionsunternehmen am Frankfurter Flughafen"},"content":{"rendered":"<div data-elementor-type=\"wp-page\" data-elementor-id=\"883\" class=\"elementor elementor-883\">\n\t\t\t\t\t\t<section class=\"elementor-section elementor-top-section elementor-element elementor-element-35919472 elementor-section-height-min-height elementor-section-boxed elementor-section-height-default elementor-section-items-middle\" data-id=\"35919472\" data-element_type=\"section\" data-e-type=\"section\" data-settings=\"{&quot;background_background&quot;:&quot;classic&quot;}\">\n\t\t\t\t\t\t\t<div class=\"elementor-background-overlay\"><\/div>\n\t\t\t\t\t\t\t<div class=\"elementor-container elementor-column-gap-default\">\n\t\t\t\t\t<div class=\"elementor-column elementor-col-100 elementor-top-column elementor-element elementor-element-64ca5886\" data-id=\"64ca5886\" data-element_type=\"column\" data-e-type=\"column\">\n\t\t\t<div class=\"elementor-widget-wrap elementor-element-populated\">\n\t\t\t\t\t\t<div class=\"elementor-element elementor-element-6af9a550 elementor-widget elementor-widget-page-title\" data-id=\"6af9a550\" data-element_type=\"widget\" data-e-type=\"widget\" data-settings=\"{&quot;align&quot;:&quot;center&quot;}\" data-widget_type=\"page-title.default\">\n\t\t\t\t<div class=\"elementor-widget-container\">\n\t\t\t\t\t<span id=\"6af9a550\"><\/span>\t\t\n\t\t<div class=\"hfe-page-title hfe-page-title-wrapper elementor-widget-heading\">\n\n\t\t\t\t\t\t\t\t\t\t\t<a href=\"https:\/\/agotrans-frankfurt.de\/en\">\n\t\t\t\t\t\t<h1 class=\"elementor-heading-title elementor-size-xxl\">\n\t\t\t\t\t\t\t\t\n\t\t\t\tSpeditionsunternehmen am Frankfurter Flughafen  \n\t\t\t<\/h1> \n\t\t\t\t\t\t\t\t\t<\/a>\n\t\t\t\t\t<\/div>\n\t\t\t\t\t\t<\/div>\n\t\t\t\t<\/div>\n\t\t\t\t<div class=\"elementor-element elementor-element-766bbca4 elementor-widget-divider--view-line elementor-widget elementor-widget-divider\" data-id=\"766bbca4\" data-element_type=\"widget\" data-e-type=\"widget\" data-widget_type=\"divider.default\">\n\t\t\t\t<div class=\"elementor-widget-container\">\n\t\t\t\t\t<span id=\"766bbca4\"><\/span>\t\t<div class=\"elementor-divider\">\n\t\t\t<span class=\"elementor-divider-separator\">\n\t\t\t\t\t\t<\/span>\n\t\t<\/div>\n\t\t\t\t\t\t<\/div>\n\t\t\t\t<\/div>\n\t\t\t\t\t<\/div>\n\t\t<\/div>\n\t\t\t\t\t<\/div>\n\t\t<\/section>\n\t\t\t\t<section class=\"elementor-section elementor-top-section elementor-element elementor-element-46c06255 elementor-section-boxed elementor-section-height-default elementor-section-height-default\" data-id=\"46c06255\" data-element_type=\"section\" data-e-type=\"section\">\n\t\t\t\t\t\t<div class=\"elementor-container elementor-column-gap-default\">\n\t\t\t\t\t<div class=\"elementor-column elementor-col-100 elementor-top-column elementor-element elementor-element-654671e4 animated-fast elementor-invisible\" data-id=\"654671e4\" data-element_type=\"column\" data-e-type=\"column\" data-settings=\"{&quot;animation&quot;:&quot;fadeInUp&quot;}\">\n\t\t\t<div class=\"elementor-widget-wrap elementor-element-populated\">\n\t\t\t\t\t\t<div class=\"elementor-element elementor-element-449ae9cd elementor-widget elementor-widget-spacer\" data-id=\"449ae9cd\" data-element_type=\"widget\" data-e-type=\"widget\" data-widget_type=\"spacer.default\">\n\t\t\t\t<div class=\"elementor-widget-container\">\n\t\t\t\t\t<span id=\"449ae9cd\"><\/span>\t\t<div class=\"elementor-spacer\">\n\t\t\t<div class=\"elementor-spacer-inner\"><\/div>\n\t\t<\/div>\n\t\t\t\t\t\t<\/div>\n\t\t\t\t<\/div>\n\t\t\t\t<div class=\"elementor-element elementor-element-f88f671 elementor-widget elementor-widget-text-editor\" data-id=\"f88f671\" data-element_type=\"widget\" data-e-type=\"widget\" data-widget_type=\"text-editor.default\">\n\t\t\t\t<div class=\"elementor-widget-container\">\n\t\t\t\t\t<span id=\"f88f671\"><\/span>\t\t\t\t<div class=\"nz-column-text nz-clearfix element-animate-false\" data-effect=\"none\" data-effect-speed=\"50\"><div id=\"text_highlighted\"><p><b>Ihr internationales Speditionsunternehmen am Frankfurter Flughafen<\/b><\/p><div><div class=\"preview\"><p>Wir sind ein internationales\u00a0Speditionsunternehmen\u00a0am\u00a0Flughafen von Frankfurt, das ma\u00dfgeschneiderte Transport- sowie Logistikl\u00f6sungen f\u00fcr Unternehmen und Privatkunden anbietet. Wir koordinieren die Abholung, Versendung und Buchung der Lieferauftr\u00e4ge, damit Ihre Fracht sicher und p\u00fcnktlich am Zielort ankommt. Unser erfahrenes Logistikteam informiert Sie p\u00fcnktlich \u00fcber den Abholtermin oder die Lieferung Ihrer Waren. Schlie\u00dflich ist unser\u00a0Speditionsunternehmen\u00a0am\u00a0Flughafen Frankfurt\u00a0in ein globales Netzwerk von Anbietern und Partnern integriert, die es erm\u00f6glichen, effiziente Transporte aller Art anbieten zu k\u00f6nnen. Ganz gleich, ob Sie Ihre Waren weltweit versenden m\u00f6chten, Spezialtransporte ben\u00f6tigen oder die zuverl\u00e4ssige Abwicklung eines Umzugs w\u00fcnschen. Unser internationales\u00a0Speditionsunternehmen\u00a0vom\u00a0Flughafen Frankfurt\u00a0arbeitet seit Jahrzehnten mit renommierten Fluggesellschaften und Reedereien zusammen, die f\u00fcr ein gemeinsames Ziel stehen.<\/p><p>Wir erarbeiten exakte L\u00f6sungen<br \/>Am\u00a0Flughafen von Frankfurt\u00a0erwartet Sie unser\u00a0Speditionsunternehmen\u00a0mit einem umfangreichen Service, der gen\u00fcgend Spielraum zur Zeiteinteilung Ihrer anstehenden Versandg\u00fcter l\u00e4sst. Obendrein erf\u00fcllen wir s\u00e4mtliche Kriterien des Luftfahrtbundesamts und f\u00fcgen die erforderlichen Zertifikate jedem Auftrag vollst\u00e4ndig dokumentiert bei. Vom\u00a0Flughafen Frankfurt\u00a0aus werden die Waren mittels Luftfracht direkt an ihren Zielort gebracht. Sie m\u00f6chten die Waren via Flug und Seefracht zu der Adresse Ihres Auftraggebers bef\u00f6rdern lassen? Unser\u00a0Speditionsunternehmen\u00a0\u00fcbernimmt s\u00e4mtliche Schritte, damit Ihre Sendung auch am Hafen z\u00fcgig verladen und weitertransportiert wird.<\/p><p>Unser\u00a0Speditionsunternehmen\u00a0am\u00a0Flughafen Frankfurt\u00a0ist jederzeit f\u00fcr Sie da<br \/>Das gilt f\u00fcr Exporte sowie Importe. Erwarten Sie Produkte aus Europa oder \u00dcbersee? Wir tauschen uns regelm\u00e4\u00dfig mit den dort ans\u00e4ssigen Partnern aus. Schlie\u00dflich ist es unser gemeinsames Ziel, Produktionsausf\u00e4lle zu vermeiden und dadurch die Lieferf\u00e4higkeit Ihres Unternehmens zu erhalten. Unsere qualifizierten Mitarbeiter informieren Sie regelm\u00e4\u00dfig dar\u00fcber, wo sich Ihre Fracht gerade befindet und zu welchem Zeitpunkt sie ankommt. Daf\u00fcr sorgt unser zuverl\u00e4ssiges\u00a0Speditionsunternehmen\u00a0am\u00a0Flughafen von Frankfurt\u00a0bei Tag und Nacht.<\/p><\/div><\/div><\/div><\/div>\t\t\t\t\t\t\t\t<\/div>\n\t\t\t\t<\/div>\n\t\t\t\t<div class=\"elementor-element elementor-element-4a2cd44a elementor-widget elementor-widget-image\" data-id=\"4a2cd44a\" data-element_type=\"widget\" data-e-type=\"widget\" data-widget_type=\"image.default\">\n\t\t\t\t<div class=\"elementor-widget-container\">\n\t\t\t\t\t<span id=\"4a2cd44a\"><\/span>\t\t\t\t\t\t\t\t\t\t<img fetchpriority=\"high\" decoding=\"async\" width=\"768\" height=\"512\" src=\"https:\/\/agotrans-frankfurt.de\/wp-content\/uploads\/2021\/03\/10536430_M-1-768x512.jpg\" class=\"attachment-medium_large size-medium_large wp-image-428\" alt=\"\" srcset=\"https:\/\/agotrans-frankfurt.de\/wp-content\/uploads\/2021\/03\/10536430_M-1-768x512.jpg 768w, https:\/\/agotrans-frankfurt.de\/wp-content\/uploads\/2021\/03\/10536430_M-1-300x200.jpg 300w, https:\/\/agotrans-frankfurt.de\/wp-content\/uploads\/2021\/03\/10536430_M-1-16x12.jpg 16w, https:\/\/agotrans-frankfurt.de\/wp-content\/uploads\/2021\/03\/10536430_M-1.jpg 848w\" sizes=\"(max-width: 768px) 100vw, 768px\" \/>\t\t\t\t\t\t\t\t\t\t\t\t\t\t\t<\/div>\n\t\t\t\t<\/div>\n\t\t\t\t<div class=\"elementor-element elementor-element-27fc86ac elementor-widget elementor-widget-spacer\" data-id=\"27fc86ac\" data-element_type=\"widget\" data-e-type=\"widget\" data-widget_type=\"spacer.default\">\n\t\t\t\t<div class=\"elementor-widget-container\">\n\t\t\t\t\t<span id=\"27fc86ac\"><\/span>\t\t<div class=\"elementor-spacer\">\n\t\t\t<div class=\"elementor-spacer-inner\"><\/div>\n\t\t<\/div>\n\t\t\t\t\t\t<\/div>\n\t\t\t\t<\/div>\n\t\t\t\t\t<\/div>\n\t\t<\/div>\n\t\t\t\t\t<\/div>\n\t\t<\/section>\n\t\t\t\t<\/div>","protected":false},"excerpt":{"rendered":"<p>Seefracht Import Frankfurt Seefracht Import Frankfurt Ihr Spezialist f\u00fcr&nbsp;Seefracht&nbsp;in&nbsp;Frankfurt Schiffstransporte spielen im internationalen Warenverkehr eine herausragende Rolle: Als etablierter Logistikdienstleister in&nbsp;Frankfurt&nbsp;am Main pr\u00e4sentieren wir Ihnen deshalb auch ma\u00dfgeschneiderte Angebote f\u00fcr die&nbsp;Seefracht. Damit erg\u00e4nzen wir unsere Leistungen bei Flugzeugtransporten und Lkw-Transporten sinnvoll. In vielen F\u00e4llen erweist sich die&nbsp;Seefracht&nbsp;als preiswerte und zuverl\u00e4ssige Alternative: Der Transport dauert im [&hellip;]<\/p>\n","protected":false},"author":1,"featured_media":0,"parent":0,"menu_order":0,"comment_status":"closed","ping_status":"closed","template":"elementor_canvas","meta":{"_seopress_robots_primary_cat":"","_seopress_titles_title":"","_seopress_titles_desc":"","_seopress_robots_index":"","footnotes":""},"class_list":["post-883","page","type-page","status-publish","hentry"],"_links":{"self":[{"href":"https:\/\/agotrans-frankfurt.de\/en\/wp-json\/wp\/v2\/pages\/883","targetHints":{"allow":["GET"]}}],"collection":[{"href":"https:\/\/agotrans-frankfurt.de\/en\/wp-json\/wp\/v2\/pages"}],"about":[{"href":"https:\/\/agotrans-frankfurt.de\/en\/wp-json\/wp\/v2\/types\/page"}],"author":[{"embeddable":true,"href":"https:\/\/agotrans-frankfurt.de\/en\/wp-json\/wp\/v2\/users\/1"}],"replies":[{"embeddable":true,"href":"https:\/\/agotrans-frankfurt.de\/en\/wp-json\/wp\/v2\/comments?post=883"}],"version-history":[{"count":7,"href":"https:\/\/agotrans-frankfurt.de\/en\/wp-json\/wp\/v2\/pages\/883\/revisions"}],"predecessor-version":[{"id":890,"href":"https:\/\/agotrans-frankfurt.de\/en\/wp-json\/wp\/v2\/pages\/883\/revisions\/890"}],"wp:attachment":[{"href":"https:\/\/agotrans-frankfurt.de\/en\/wp-json\/wp\/v2\/media?parent=883"}],"curies":[{"name":"wp","href":"https:\/\/api.w.org\/{rel}","templated":true}]}}