{"id":875,"date":"2024-03-27T08:55:56","date_gmt":"2024-03-27T07:55:56","guid":{"rendered":"https:\/\/agotrans-frankfurt.de\/?page_id=875"},"modified":"2024-03-27T08:56:32","modified_gmt":"2024-03-27T07:56:32","slug":"aircargo-flughafen-frankfurt","status":"publish","type":"page","link":"https:\/\/agotrans-frankfurt.de\/en\/aircargo-flughafen-frankfurt\/","title":{"rendered":"Aircargo Flughafen Frankfurt"},"content":{"rendered":"<div data-elementor-type=\"wp-page\" data-elementor-id=\"875\" class=\"elementor elementor-875\">\n\t\t\t\t\t\t<section class=\"elementor-section elementor-top-section elementor-element elementor-element-35919472 elementor-section-height-min-height elementor-section-boxed elementor-section-height-default elementor-section-items-middle\" data-id=\"35919472\" data-element_type=\"section\" data-e-type=\"section\" data-settings=\"{&quot;background_background&quot;:&quot;classic&quot;}\">\n\t\t\t\t\t\t\t<div class=\"elementor-background-overlay\"><\/div>\n\t\t\t\t\t\t\t<div class=\"elementor-container elementor-column-gap-default\">\n\t\t\t\t\t<div class=\"elementor-column elementor-col-100 elementor-top-column elementor-element elementor-element-64ca5886\" data-id=\"64ca5886\" data-element_type=\"column\" data-e-type=\"column\">\n\t\t\t<div class=\"elementor-widget-wrap elementor-element-populated\">\n\t\t\t\t\t\t<div class=\"elementor-element elementor-element-6af9a550 elementor-widget elementor-widget-page-title\" data-id=\"6af9a550\" data-element_type=\"widget\" data-e-type=\"widget\" data-settings=\"{&quot;align&quot;:&quot;center&quot;}\" data-widget_type=\"page-title.default\">\n\t\t\t\t<div class=\"elementor-widget-container\">\n\t\t\t\t\t<span id=\"6af9a550\"><\/span>\t\t\n\t\t<div class=\"hfe-page-title hfe-page-title-wrapper elementor-widget-heading\">\n\n\t\t\t\t\t\t\t\t\t\t\t<a href=\"https:\/\/agotrans-frankfurt.de\/en\">\n\t\t\t\t\t\t<h1 class=\"elementor-heading-title elementor-size-xxl\">\n\t\t\t\t\t\t\t\t\n\t\t\t\tAircargo Flughafen Frankfurt  \n\t\t\t<\/h1> \n\t\t\t\t\t\t\t\t\t<\/a>\n\t\t\t\t\t<\/div>\n\t\t\t\t\t\t<\/div>\n\t\t\t\t<\/div>\n\t\t\t\t<div class=\"elementor-element elementor-element-766bbca4 elementor-widget-divider--view-line elementor-widget elementor-widget-divider\" data-id=\"766bbca4\" data-element_type=\"widget\" data-e-type=\"widget\" data-widget_type=\"divider.default\">\n\t\t\t\t<div class=\"elementor-widget-container\">\n\t\t\t\t\t<span id=\"766bbca4\"><\/span>\t\t<div class=\"elementor-divider\">\n\t\t\t<span class=\"elementor-divider-separator\">\n\t\t\t\t\t\t<\/span>\n\t\t<\/div>\n\t\t\t\t\t\t<\/div>\n\t\t\t\t<\/div>\n\t\t\t\t\t<\/div>\n\t\t<\/div>\n\t\t\t\t\t<\/div>\n\t\t<\/section>\n\t\t\t\t<section class=\"elementor-section elementor-top-section elementor-element elementor-element-46c06255 elementor-section-boxed elementor-section-height-default elementor-section-height-default\" data-id=\"46c06255\" data-element_type=\"section\" data-e-type=\"section\">\n\t\t\t\t\t\t<div class=\"elementor-container elementor-column-gap-default\">\n\t\t\t\t\t<div class=\"elementor-column elementor-col-100 elementor-top-column elementor-element elementor-element-654671e4 animated-fast elementor-invisible\" data-id=\"654671e4\" data-element_type=\"column\" data-e-type=\"column\" data-settings=\"{&quot;animation&quot;:&quot;fadeInUp&quot;}\">\n\t\t\t<div class=\"elementor-widget-wrap elementor-element-populated\">\n\t\t\t\t\t\t<div class=\"elementor-element elementor-element-449ae9cd elementor-widget elementor-widget-spacer\" data-id=\"449ae9cd\" data-element_type=\"widget\" data-e-type=\"widget\" data-widget_type=\"spacer.default\">\n\t\t\t\t<div class=\"elementor-widget-container\">\n\t\t\t\t\t<span id=\"449ae9cd\"><\/span>\t\t<div class=\"elementor-spacer\">\n\t\t\t<div class=\"elementor-spacer-inner\"><\/div>\n\t\t<\/div>\n\t\t\t\t\t\t<\/div>\n\t\t\t\t<\/div>\n\t\t\t\t<div class=\"elementor-element elementor-element-f88f671 elementor-widget elementor-widget-text-editor\" data-id=\"f88f671\" data-element_type=\"widget\" data-e-type=\"widget\" data-widget_type=\"text-editor.default\">\n\t\t\t\t<div class=\"elementor-widget-container\">\n\t\t\t\t\t<span id=\"f88f671\"><\/span>\t\t\t\t<div class=\"nz-column-text nz-clearfix element-animate-false\" data-effect=\"none\" data-effect-speed=\"50\"><div id=\"text_highlighted\"><p><b>Aircargo Flughafen Frankfurt<\/b><\/p><p>\u00a0<\/p><div><div class=\"preview\">Seit dem Jahr 1988 ist Agotrans\u00a0Aircargo\u00a0auf dem Markt aktiv und hat sich zu einem weltweit agierenden Speditionsunternehmen entwickelt. Das Unternehmen st\u00fctzt sich auf ein globales Netzwerk von Agenten in \u00fcber 30 L\u00e4ndern. Agotrans\u00a0Aircargo\u00a0arbeitet dabei mit zuverl\u00e4ssigen Dienstleistern zusammen, einschlie\u00dflich namhafter Fluggesellschaften, Reedereien und Agenturen und stellt unter anderem am\u00a0Flughafen Frankfurt\u00a0seine Dienste bereit.<br \/><br \/>Das Unternehmen bietet individuell zugeschnittene Komplettl\u00f6sungen am\u00a0Flughafen Frankfurt, die genau auf die Bed\u00fcrfnisse der Kunden abgestimmt sind. Kunden von Agotrans\u00a0Aircargo\u00a0profitieren von umfangreichen und vielf\u00e4ltigen Logistikl\u00f6sungen, die speziell an ihre Anforderungen angepasst sind.<br \/><br \/>Luftfracht-Importe am\u00a0Flughafen Frankfurt<br \/><br \/>Die Zunahme des internationalen Warenverkehrs ist eine unaufhaltsame Entwicklung. Viele mittelst\u00e4ndische Unternehmen in Deutschland zeichnen sich durch umfangreiche Importe verschiedenster G\u00fcter aus. F\u00fcr die \u00dcberwindung gro\u00dfer Entfernungen erweist sich das Flugzeug oft als bevorzugtes Transportmittel. Der damit verbundene organisatorische und b\u00fcrokratische Aufwand stellt kleine und mittlere Unternehmen jedoch h\u00e4ufig vor gro\u00dfe Herausforderungen. Die L\u00f6sung bietet\u00a0Aircargo\u00a0als ein erfahrener Spediteur und etablierter Zollagent, der umfassende Unterst\u00fctzung bei der Luftfracht-Einfuhr am\u00a0Flughafen Frankfurt\u00a0bietet.<br \/><br \/>Unabh\u00e4ngig vom Herkunftsland oder der Fluggesellschaft k\u00f6nnen die Spezialisten Importauftr\u00e4ge innerhalb eines Tages zur Zollabfertigung bringen. Auch eine Zustellung bis vor die Haust\u00fcr ist m\u00f6glich. Dar\u00fcber hinaus umfasst das Serviceangebot die Abwicklung ab Werk im Ausland durch lokale Partner, wobei die Kosten bei Bedarf individuell vor Ort ermittelt werden.<br \/><br \/>Luftfracht-Exporte von\u00a0Flughafen Frankfurt<br \/><br \/>Aircargo\u00a0erm\u00f6glicht durch sein Exportnetzwerk den einfachen Transport von Luftfracht ab\u00a0Flughafen Frankfurt. Die Kunden k\u00f6nnen sich darauf verlassen, dass alle Sendungen schnell und in einwandfreiem Zustand beim Empf\u00e4nger ankommen.\u00a0Aircargo\u00a0bietet regelm\u00e4\u00dfige Luftfrachtdienste zu \u00fcber 30 Zielen weltweit und arbeitet in\u00a0Flughafen Frankfurt\u00a0mit allen namhaften Carriern zusammen.<br \/><br \/>Aircargo\u00a0ber\u00e4t seine Kunden \u00fcber Direktverkehre oder kosteng\u00fcnstige Sammelverkehre und erl\u00e4utert die verschiedenen M\u00f6glichkeiten und Optionen. Das Frachtangebot umfasst neben Standardfracht auch Spezialtransporte wie Gefahrgut-, Lebensmittel-, K\u00fchl- oder Umzugsgutabfertigung. Dar\u00fcber hinaus werden in den Ziell\u00e4ndern \u00fcber Partneragenturen Haus-zu-Haus-Lieferungen inklusive CFR, DAP oder DDP angeboten.<\/div><\/div><\/div><\/div>\t\t\t\t\t\t\t\t<\/div>\n\t\t\t\t<\/div>\n\t\t\t\t<div class=\"elementor-element elementor-element-4a2cd44a elementor-widget elementor-widget-image\" data-id=\"4a2cd44a\" data-element_type=\"widget\" data-e-type=\"widget\" data-widget_type=\"image.default\">\n\t\t\t\t<div class=\"elementor-widget-container\">\n\t\t\t\t\t<span id=\"4a2cd44a\"><\/span>\t\t\t\t\t\t\t\t\t\t<img fetchpriority=\"high\" decoding=\"async\" width=\"768\" height=\"512\" src=\"https:\/\/agotrans-frankfurt.de\/wp-content\/uploads\/2021\/03\/10536430_M-1-768x512.jpg\" class=\"attachment-medium_large size-medium_large wp-image-428\" alt=\"\" srcset=\"https:\/\/agotrans-frankfurt.de\/wp-content\/uploads\/2021\/03\/10536430_M-1-768x512.jpg 768w, https:\/\/agotrans-frankfurt.de\/wp-content\/uploads\/2021\/03\/10536430_M-1-300x200.jpg 300w, https:\/\/agotrans-frankfurt.de\/wp-content\/uploads\/2021\/03\/10536430_M-1-16x12.jpg 16w, https:\/\/agotrans-frankfurt.de\/wp-content\/uploads\/2021\/03\/10536430_M-1.jpg 848w\" sizes=\"(max-width: 768px) 100vw, 768px\" \/>\t\t\t\t\t\t\t\t\t\t\t\t\t\t\t<\/div>\n\t\t\t\t<\/div>\n\t\t\t\t<div class=\"elementor-element elementor-element-27fc86ac elementor-widget elementor-widget-spacer\" data-id=\"27fc86ac\" data-element_type=\"widget\" data-e-type=\"widget\" data-widget_type=\"spacer.default\">\n\t\t\t\t<div class=\"elementor-widget-container\">\n\t\t\t\t\t<span id=\"27fc86ac\"><\/span>\t\t<div class=\"elementor-spacer\">\n\t\t\t<div class=\"elementor-spacer-inner\"><\/div>\n\t\t<\/div>\n\t\t\t\t\t\t<\/div>\n\t\t\t\t<\/div>\n\t\t\t\t\t<\/div>\n\t\t<\/div>\n\t\t\t\t\t<\/div>\n\t\t<\/section>\n\t\t\t\t<\/div>","protected":false},"excerpt":{"rendered":"<p>Seefracht Import Frankfurt Seefracht Import Frankfurt Ihr Spezialist f\u00fcr&nbsp;Seefracht&nbsp;in&nbsp;Frankfurt Schiffstransporte spielen im internationalen Warenverkehr eine herausragende Rolle: Als etablierter Logistikdienstleister in&nbsp;Frankfurt&nbsp;am Main pr\u00e4sentieren wir Ihnen deshalb auch ma\u00dfgeschneiderte Angebote f\u00fcr die&nbsp;Seefracht. Damit erg\u00e4nzen wir unsere Leistungen bei Flugzeugtransporten und Lkw-Transporten sinnvoll. In vielen F\u00e4llen erweist sich die&nbsp;Seefracht&nbsp;als preiswerte und zuverl\u00e4ssige Alternative: Der Transport dauert im [&hellip;]<\/p>\n","protected":false},"author":1,"featured_media":0,"parent":0,"menu_order":0,"comment_status":"closed","ping_status":"closed","template":"elementor_canvas","meta":{"_seopress_robots_primary_cat":"","_seopress_titles_title":"","_seopress_titles_desc":"","_seopress_robots_index":"","footnotes":""},"class_list":["post-875","page","type-page","status-publish","hentry"],"_links":{"self":[{"href":"https:\/\/agotrans-frankfurt.de\/en\/wp-json\/wp\/v2\/pages\/875","targetHints":{"allow":["GET"]}}],"collection":[{"href":"https:\/\/agotrans-frankfurt.de\/en\/wp-json\/wp\/v2\/pages"}],"about":[{"href":"https:\/\/agotrans-frankfurt.de\/en\/wp-json\/wp\/v2\/types\/page"}],"author":[{"embeddable":true,"href":"https:\/\/agotrans-frankfurt.de\/en\/wp-json\/wp\/v2\/users\/1"}],"replies":[{"embeddable":true,"href":"https:\/\/agotrans-frankfurt.de\/en\/wp-json\/wp\/v2\/comments?post=875"}],"version-history":[{"count":4,"href":"https:\/\/agotrans-frankfurt.de\/en\/wp-json\/wp\/v2\/pages\/875\/revisions"}],"predecessor-version":[{"id":879,"href":"https:\/\/agotrans-frankfurt.de\/en\/wp-json\/wp\/v2\/pages\/875\/revisions\/879"}],"wp:attachment":[{"href":"https:\/\/agotrans-frankfurt.de\/en\/wp-json\/wp\/v2\/media?parent=875"}],"curies":[{"name":"wp","href":"https:\/\/api.w.org\/{rel}","templated":true}]}}