{"id":842,"date":"2024-02-20T10:02:04","date_gmt":"2024-02-20T09:02:04","guid":{"rendered":"https:\/\/agotrans-frankfurt.de\/?page_id=842"},"modified":"2024-02-20T10:02:51","modified_gmt":"2024-02-20T09:02:51","slug":"frachtunternehmen-am-flughafen-frankfurt","status":"publish","type":"page","link":"https:\/\/agotrans-frankfurt.de\/en\/frachtunternehmen-am-flughafen-frankfurt\/","title":{"rendered":"Frachtunternehmen am Flughafen Frankfurt"},"content":{"rendered":"<div data-elementor-type=\"wp-page\" data-elementor-id=\"842\" class=\"elementor elementor-842\">\n\t\t\t\t\t\t<section class=\"elementor-section elementor-top-section elementor-element elementor-element-35919472 elementor-section-height-min-height elementor-section-boxed elementor-section-height-default elementor-section-items-middle\" data-id=\"35919472\" data-element_type=\"section\" data-e-type=\"section\" data-settings=\"{&quot;background_background&quot;:&quot;classic&quot;}\">\n\t\t\t\t\t\t\t<div class=\"elementor-background-overlay\"><\/div>\n\t\t\t\t\t\t\t<div class=\"elementor-container elementor-column-gap-default\">\n\t\t\t\t\t<div class=\"elementor-column elementor-col-100 elementor-top-column elementor-element elementor-element-64ca5886\" data-id=\"64ca5886\" data-element_type=\"column\" data-e-type=\"column\">\n\t\t\t<div class=\"elementor-widget-wrap elementor-element-populated\">\n\t\t\t\t\t\t<div class=\"elementor-element elementor-element-6af9a550 elementor-widget elementor-widget-page-title\" data-id=\"6af9a550\" data-element_type=\"widget\" data-e-type=\"widget\" data-settings=\"{&quot;align&quot;:&quot;center&quot;}\" data-widget_type=\"page-title.default\">\n\t\t\t\t<div class=\"elementor-widget-container\">\n\t\t\t\t\t<span id=\"6af9a550\"><\/span>\t\t\n\t\t<div class=\"hfe-page-title hfe-page-title-wrapper elementor-widget-heading\">\n\n\t\t\t\t\t\t\t\t\t\t\t<a href=\"https:\/\/agotrans-frankfurt.de\/en\">\n\t\t\t\t\t\t<h1 class=\"elementor-heading-title elementor-size-xxl\">\n\t\t\t\t\t\t\t\t\n\t\t\t\tFrachtunternehmen am Flughafen Frankfurt  \n\t\t\t<\/h1> \n\t\t\t\t\t\t\t\t\t<\/a>\n\t\t\t\t\t<\/div>\n\t\t\t\t\t\t<\/div>\n\t\t\t\t<\/div>\n\t\t\t\t<div class=\"elementor-element elementor-element-766bbca4 elementor-widget-divider--view-line elementor-widget elementor-widget-divider\" data-id=\"766bbca4\" data-element_type=\"widget\" data-e-type=\"widget\" data-widget_type=\"divider.default\">\n\t\t\t\t<div class=\"elementor-widget-container\">\n\t\t\t\t\t<span id=\"766bbca4\"><\/span>\t\t<div class=\"elementor-divider\">\n\t\t\t<span class=\"elementor-divider-separator\">\n\t\t\t\t\t\t<\/span>\n\t\t<\/div>\n\t\t\t\t\t\t<\/div>\n\t\t\t\t<\/div>\n\t\t\t\t\t<\/div>\n\t\t<\/div>\n\t\t\t\t\t<\/div>\n\t\t<\/section>\n\t\t\t\t<section class=\"elementor-section elementor-top-section elementor-element elementor-element-46c06255 elementor-section-boxed elementor-section-height-default elementor-section-height-default\" data-id=\"46c06255\" data-element_type=\"section\" data-e-type=\"section\">\n\t\t\t\t\t\t<div class=\"elementor-container elementor-column-gap-default\">\n\t\t\t\t\t<div class=\"elementor-column elementor-col-100 elementor-top-column elementor-element elementor-element-654671e4 animated-fast elementor-invisible\" data-id=\"654671e4\" data-element_type=\"column\" data-e-type=\"column\" data-settings=\"{&quot;animation&quot;:&quot;fadeInUp&quot;}\">\n\t\t\t<div class=\"elementor-widget-wrap elementor-element-populated\">\n\t\t\t\t\t\t<div class=\"elementor-element elementor-element-449ae9cd elementor-widget elementor-widget-spacer\" data-id=\"449ae9cd\" data-element_type=\"widget\" data-e-type=\"widget\" data-widget_type=\"spacer.default\">\n\t\t\t\t<div class=\"elementor-widget-container\">\n\t\t\t\t\t<span id=\"449ae9cd\"><\/span>\t\t<div class=\"elementor-spacer\">\n\t\t\t<div class=\"elementor-spacer-inner\"><\/div>\n\t\t<\/div>\n\t\t\t\t\t\t<\/div>\n\t\t\t\t<\/div>\n\t\t\t\t<div class=\"elementor-element elementor-element-f88f671 elementor-widget elementor-widget-text-editor\" data-id=\"f88f671\" data-element_type=\"widget\" data-e-type=\"widget\" data-widget_type=\"text-editor.default\">\n\t\t\t\t<div class=\"elementor-widget-container\">\n\t\t\t\t\t<span id=\"f88f671\"><\/span>\t\t\t\t<div class=\"nz-column-text nz-clearfix element-animate-false\" data-effect=\"none\" data-effect-speed=\"50\"><div id=\"text_highlighted\"><p><b>Frachtunternehmen am Flughafen Frankfurt: Das k\u00f6nnen wir f\u00fcr Sie tun<\/b><\/p><p>\u00a0<\/p><div><div class=\"preview\">Der\u00a0Flughafen Frankfurt\u00a0ist einer der gr\u00f6\u00dften Airports auf der Welt und spielt eine wichtige Rolle in der Luftfrachtbranche. Wir haben unsere Basis als\u00a0Frachtunternehmen\u00a0hier und bieten eine Vielzahl von Dienstleistungen an, um den Transport und die Logistik von G\u00fctern effektiv und effizient zu gestalten. In diesem Text erfahren Sie, welche Leistungen wir dabei konkret anbieten und wie sie Ihnen bei der Abwicklung von Luftfracht helfen k\u00f6nnen.<br \/><br \/><br \/>Unsere wichtigsten Dienstleistungen als\u00a0Frachtunternehmen\u00a0am\u00a0Flughafen Frankfurt<br \/><br \/>Zu unseren wichtigsten Dienstleistungen geh\u00f6rt die Abfertigung von Flugzeugen und die Organisation von Fracht. Vom Moment an, wenn die Fracht in den Flughafen kommt, \u00fcbernehmen wir als\u00a0Frachtunternehmen\u00a0den Transport zum Flugzeug sowie die Beladung und Entladung von Frachtflugzeugen. Wir k\u00fcmmern uns dabei ebenfalls um alle Zollfragen.<br \/><br \/><br \/>Wir lagern Ihre G\u00fcter und Waren als Ihr\u00a0Frachtunternehmen\u00a0am\u00a0Flughafen Frankfurt<br \/><br \/>Ein weiterer wichtiger Aspekt unserer T\u00e4tigkeiten als Ihr\u00a0Frachtunternehmen\u00a0am\u00a0Flughafen Frankfurt\u00a0ist die Lagerung und Verwaltung von G\u00fctern. Wir halten hierf\u00fcr spezielle Einrichtungen vor, in denen die Fracht f\u00fcr den Weitertransport vorbereitet wird.<br \/><br \/>Ein weiterer wichtiger Faktor f\u00fcr uns als Ihr\u00a0Frachtunternehmen\u00a0am\u00a0Flughafen Frankfurt\u00a0ist die Einhaltung von Sicherheitsvorschriften. Angesichts der Bedrohung durch Terrorismus und Kriminalit\u00e4t m\u00fcssen wir sicherstellen, dass alle Sendungen ordnungsgem\u00e4\u00df \u00fcberpr\u00fcft und gesichert sind. Hier kommt das Know-how von professionellen Sicherheitskr\u00e4ften zum Einsatz. Dies ist auch gut f\u00fcr Sie. Es ist sichergestellt, dass es mit Ihren Sendungen keine rechtlichen Probleme gibt.<br \/><br \/>Wir gehen auf Spezialw\u00fcnsche ein<br \/><br \/>Neben den genannten Grunddienstleistungen bieten wir als Ihr\u00a0Frachtunternehmen\u00a0auch zus\u00e4tzliche Optionen, um etwaigen besonderen W\u00fcnschen zu entsprechen, die Sie m\u00f6glicherweise haben. Dies kann z.B. die Zusammenstellung von G\u00fctern aus verschiedenen Quellen sein, um eine Komplettladung auf dem Weg zu einem Zielort zu schaffen.<br \/><br \/>Fazit: Wir bieten einen vielf\u00e4ltigen Service als Ihr\u00a0Frachtunternehmen\u00a0am\u00a0Flughafen Frankfurt\u00a0an<br \/><br \/>Insgesamt gilt: Wir bieten Ihnen als Ihr\u00a0Frachtunternehmen\u00a0am\u00a0Flughafen Frankfurt\u00a0eine breite Palette von Dienstleistungen an, um den Transport Ihrer G\u00fcter schnell und effizient zu gestalten.<\/div><\/div><\/div><\/div>\t\t\t\t\t\t\t\t<\/div>\n\t\t\t\t<\/div>\n\t\t\t\t<div class=\"elementor-element elementor-element-4a2cd44a elementor-widget elementor-widget-image\" data-id=\"4a2cd44a\" data-element_type=\"widget\" data-e-type=\"widget\" data-widget_type=\"image.default\">\n\t\t\t\t<div class=\"elementor-widget-container\">\n\t\t\t\t\t<span id=\"4a2cd44a\"><\/span>\t\t\t\t\t\t\t\t\t\t<img fetchpriority=\"high\" decoding=\"async\" width=\"768\" height=\"512\" src=\"https:\/\/agotrans-frankfurt.de\/wp-content\/uploads\/2021\/03\/10536430_M-1-768x512.jpg\" class=\"attachment-medium_large size-medium_large wp-image-428\" alt=\"\" srcset=\"https:\/\/agotrans-frankfurt.de\/wp-content\/uploads\/2021\/03\/10536430_M-1-768x512.jpg 768w, https:\/\/agotrans-frankfurt.de\/wp-content\/uploads\/2021\/03\/10536430_M-1-300x200.jpg 300w, https:\/\/agotrans-frankfurt.de\/wp-content\/uploads\/2021\/03\/10536430_M-1-16x12.jpg 16w, https:\/\/agotrans-frankfurt.de\/wp-content\/uploads\/2021\/03\/10536430_M-1.jpg 848w\" sizes=\"(max-width: 768px) 100vw, 768px\" \/>\t\t\t\t\t\t\t\t\t\t\t\t\t\t\t<\/div>\n\t\t\t\t<\/div>\n\t\t\t\t<div class=\"elementor-element elementor-element-27fc86ac elementor-widget elementor-widget-spacer\" data-id=\"27fc86ac\" data-element_type=\"widget\" data-e-type=\"widget\" data-widget_type=\"spacer.default\">\n\t\t\t\t<div class=\"elementor-widget-container\">\n\t\t\t\t\t<span id=\"27fc86ac\"><\/span>\t\t<div class=\"elementor-spacer\">\n\t\t\t<div class=\"elementor-spacer-inner\"><\/div>\n\t\t<\/div>\n\t\t\t\t\t\t<\/div>\n\t\t\t\t<\/div>\n\t\t\t\t\t<\/div>\n\t\t<\/div>\n\t\t\t\t\t<\/div>\n\t\t<\/section>\n\t\t\t\t<\/div>","protected":false},"excerpt":{"rendered":"<p>Seefracht Import Frankfurt Seefracht Import Frankfurt Ihr Spezialist f\u00fcr&nbsp;Seefracht&nbsp;in&nbsp;Frankfurt Schiffstransporte spielen im internationalen Warenverkehr eine herausragende Rolle: Als etablierter Logistikdienstleister in&nbsp;Frankfurt&nbsp;am Main pr\u00e4sentieren wir Ihnen deshalb auch ma\u00dfgeschneiderte Angebote f\u00fcr die&nbsp;Seefracht. Damit erg\u00e4nzen wir unsere Leistungen bei Flugzeugtransporten und Lkw-Transporten sinnvoll. In vielen F\u00e4llen erweist sich die&nbsp;Seefracht&nbsp;als preiswerte und zuverl\u00e4ssige Alternative: Der Transport dauert im [&hellip;]<\/p>\n","protected":false},"author":1,"featured_media":0,"parent":0,"menu_order":0,"comment_status":"closed","ping_status":"closed","template":"elementor_canvas","meta":{"_seopress_robots_primary_cat":"","_seopress_titles_title":"","_seopress_titles_desc":"","_seopress_robots_index":"","footnotes":""},"class_list":["post-842","page","type-page","status-publish","hentry"],"_links":{"self":[{"href":"https:\/\/agotrans-frankfurt.de\/en\/wp-json\/wp\/v2\/pages\/842","targetHints":{"allow":["GET"]}}],"collection":[{"href":"https:\/\/agotrans-frankfurt.de\/en\/wp-json\/wp\/v2\/pages"}],"about":[{"href":"https:\/\/agotrans-frankfurt.de\/en\/wp-json\/wp\/v2\/types\/page"}],"author":[{"embeddable":true,"href":"https:\/\/agotrans-frankfurt.de\/en\/wp-json\/wp\/v2\/users\/1"}],"replies":[{"embeddable":true,"href":"https:\/\/agotrans-frankfurt.de\/en\/wp-json\/wp\/v2\/comments?post=842"}],"version-history":[{"count":4,"href":"https:\/\/agotrans-frankfurt.de\/en\/wp-json\/wp\/v2\/pages\/842\/revisions"}],"predecessor-version":[{"id":846,"href":"https:\/\/agotrans-frankfurt.de\/en\/wp-json\/wp\/v2\/pages\/842\/revisions\/846"}],"wp:attachment":[{"href":"https:\/\/agotrans-frankfurt.de\/en\/wp-json\/wp\/v2\/media?parent=842"}],"curies":[{"name":"wp","href":"https:\/\/api.w.org\/{rel}","templated":true}]}}