{"id":800,"date":"2023-10-30T09:53:17","date_gmt":"2023-10-30T08:53:17","guid":{"rendered":"https:\/\/agotrans-frankfurt.de\/?page_id=800"},"modified":"2023-10-30T09:54:05","modified_gmt":"2023-10-30T08:54:05","slug":"aircargo-deutschland","status":"publish","type":"page","link":"https:\/\/agotrans-frankfurt.de\/en\/aircargo-deutschland\/","title":{"rendered":"Aircargo Deutschland"},"content":{"rendered":"<div data-elementor-type=\"wp-page\" data-elementor-id=\"800\" class=\"elementor elementor-800\">\n\t\t\t\t\t\t<section class=\"elementor-section elementor-top-section elementor-element elementor-element-35919472 elementor-section-height-min-height elementor-section-boxed elementor-section-height-default elementor-section-items-middle\" data-id=\"35919472\" data-element_type=\"section\" data-e-type=\"section\" data-settings=\"{&quot;background_background&quot;:&quot;classic&quot;}\">\n\t\t\t\t\t\t\t<div class=\"elementor-background-overlay\"><\/div>\n\t\t\t\t\t\t\t<div class=\"elementor-container elementor-column-gap-default\">\n\t\t\t\t\t<div class=\"elementor-column elementor-col-100 elementor-top-column elementor-element elementor-element-64ca5886\" data-id=\"64ca5886\" data-element_type=\"column\" data-e-type=\"column\">\n\t\t\t<div class=\"elementor-widget-wrap elementor-element-populated\">\n\t\t\t\t\t\t<div class=\"elementor-element elementor-element-6af9a550 elementor-widget elementor-widget-page-title\" data-id=\"6af9a550\" data-element_type=\"widget\" data-e-type=\"widget\" data-settings=\"{&quot;align&quot;:&quot;center&quot;}\" data-widget_type=\"page-title.default\">\n\t\t\t\t<div class=\"elementor-widget-container\">\n\t\t\t\t\t<span id=\"6af9a550\"><\/span>\t\t\n\t\t<div class=\"hfe-page-title hfe-page-title-wrapper elementor-widget-heading\">\n\n\t\t\t\t\t\t\t\t\t\t\t<a href=\"https:\/\/agotrans-frankfurt.de\/en\">\n\t\t\t\t\t\t<h1 class=\"elementor-heading-title elementor-size-xxl\">\n\t\t\t\t\t\t\t\t\n\t\t\t\tAircargo Deutschland  \n\t\t\t<\/h1> \n\t\t\t\t\t\t\t\t\t<\/a>\n\t\t\t\t\t<\/div>\n\t\t\t\t\t\t<\/div>\n\t\t\t\t<\/div>\n\t\t\t\t<div class=\"elementor-element elementor-element-766bbca4 elementor-widget-divider--view-line elementor-widget elementor-widget-divider\" data-id=\"766bbca4\" data-element_type=\"widget\" data-e-type=\"widget\" data-widget_type=\"divider.default\">\n\t\t\t\t<div class=\"elementor-widget-container\">\n\t\t\t\t\t<span id=\"766bbca4\"><\/span>\t\t<div class=\"elementor-divider\">\n\t\t\t<span class=\"elementor-divider-separator\">\n\t\t\t\t\t\t<\/span>\n\t\t<\/div>\n\t\t\t\t\t\t<\/div>\n\t\t\t\t<\/div>\n\t\t\t\t\t<\/div>\n\t\t<\/div>\n\t\t\t\t\t<\/div>\n\t\t<\/section>\n\t\t\t\t<section class=\"elementor-section elementor-top-section elementor-element elementor-element-46c06255 elementor-section-boxed elementor-section-height-default elementor-section-height-default\" data-id=\"46c06255\" data-element_type=\"section\" data-e-type=\"section\">\n\t\t\t\t\t\t<div class=\"elementor-container elementor-column-gap-default\">\n\t\t\t\t\t<div class=\"elementor-column elementor-col-100 elementor-top-column elementor-element elementor-element-654671e4 animated-fast elementor-invisible\" data-id=\"654671e4\" data-element_type=\"column\" data-e-type=\"column\" data-settings=\"{&quot;animation&quot;:&quot;fadeInUp&quot;}\">\n\t\t\t<div class=\"elementor-widget-wrap elementor-element-populated\">\n\t\t\t\t\t\t<div class=\"elementor-element elementor-element-449ae9cd elementor-widget elementor-widget-spacer\" data-id=\"449ae9cd\" data-element_type=\"widget\" data-e-type=\"widget\" data-widget_type=\"spacer.default\">\n\t\t\t\t<div class=\"elementor-widget-container\">\n\t\t\t\t\t<span id=\"449ae9cd\"><\/span>\t\t<div class=\"elementor-spacer\">\n\t\t\t<div class=\"elementor-spacer-inner\"><\/div>\n\t\t<\/div>\n\t\t\t\t\t\t<\/div>\n\t\t\t\t<\/div>\n\t\t\t\t<div class=\"elementor-element elementor-element-f88f671 elementor-widget elementor-widget-text-editor\" data-id=\"f88f671\" data-element_type=\"widget\" data-e-type=\"widget\" data-widget_type=\"text-editor.default\">\n\t\t\t\t<div class=\"elementor-widget-container\">\n\t\t\t\t\t<span id=\"f88f671\"><\/span>\t\t\t\t<div class=\"nz-column-text nz-clearfix element-animate-false\" data-effect=\"none\" data-effect-speed=\"50\"><p><b>Aircargo Deutschland<\/b><\/p><p>\u00a0<\/p><div><div class=\"preview\">Aircargo\u00a0Deutschland\u00a0&#8211; Ihr zuverl\u00e4ssiges Fracht- und Transportunternehmen<br \/>Wir leben in einer globalisierten Welt, die ohne internationalen Handel nicht mehr funktionieren w\u00fcrde. Damit der internationale Handel und Transport reibungslos abl\u00e4uft, werden zuverl\u00e4ssige internationale Speditionen ben\u00f6tigt. Und genau hier kommt die Argotrans\u00a0Aircargo\u00a0GmbH ins Spiel. Wir sind der starke Partner an Ihrer Seite, wenn es darum geht, Waren international zu transportieren. Die\u00a0Aircargo\u00a0Deutschland\u00a0ist bereits in \u00fcber 50 L\u00e4ndern t\u00e4tig und blickt auf eine Erfahrung von \u00fcber 30 Jahren zur\u00fcck. Kurzum, die\u00a0Aircargo\u00a0Deutschland\u00a0wei\u00df genau, worauf es beim Transport Ihrer Waren in internationalen Gebieten ankommt.<br \/><br \/>Jedes Unternehmen und jede Ware sind unterschiedlich. Daher erhalten Sie bei uns stets ma\u00dfgeschneiderte L\u00f6sungen. Wir sind f\u00fcr Sie als Unternehmen im Mittelstand mit unserem Angebot stets sicher und zuverl\u00e4ssig verf\u00fcgbar. Hierbei bieten wir Ihnen praktische und individuelle Komplettl\u00f6sungen an, sodass Sie sich \u00fcber den Transport Ihrer Waren keine Gedanken machen m\u00fcssen. Dank verschiedener Kooperationen mit Partnerunternehmen, die \u00fcber den gesamten Globus verteilt sind, sorgt die\u00a0Aircargo\u00a0Deutschland\u00a0daf\u00fcr, dass Ihre Waren sicher und zuverl\u00e4ssig sowie so schnell wie m\u00f6glich von A nach B transportiert werden.<br \/><br \/><br \/><br \/><br \/>Weltweit aktiv &#8211; f\u00fcr Sie immer pers\u00f6nlich erreichbar<br \/>Egal, ob Ihre Ware innerhalb Europas oder \u00fcber mehrere Kontinente hinweg transportiert werden muss, es ist immer wichtig, dass sie hierbei sicher und zuverl\u00e4ssig transportiert wird. Gerade wenn der Transport au\u00dferhalb der EU stattfindet, ist das wichtig, dass Zollbestimmungen und unterschiedliche Ein- und Ausfuhrbestimmungen eingehalten werden. Selbstverst\u00e4ndlich gibt es auch innerhalb der EU verschiedene Regularien, die den Transport von Waren und G\u00fctern betreffen. Egal, um welches Land es geht, um die notwendigen Formalien k\u00fcmmert sich die\u00a0Aircargo\u00a0Deutschland\u00a0f\u00fcr Sie. Denn wir wissen, welche Formulare ausgef\u00fcllt werden m\u00fcssen und welche Bestimmungen es in unterschiedlichen L\u00e4ndern gibt.<br \/><br \/>Egal, ob es um Luftfracht oder Seefracht geht, ob bestimmte Kurier- oder Sonderfahrten ben\u00f6tigt werden oder ob Sie einen Spezialcontainer f\u00fcr einen bestimmten Auftrag ben\u00f6tigen, bei\u00a0Aircargo\u00a0Deutschland\u00a0ist alles m\u00f6glich. Bei\u00a0Aircargo\u00a0Deutschland\u00a0finden Sie immer genau das Angebot, das Sie f\u00fcr Ihren Transport als mittelst\u00e4ndisches Unternehmen ben\u00f6tigen. Denn eines ist sicher, nicht Sie m\u00fcssen sich an das Transportangebot anpassen, sondern das Transportangebot passt sich an Sie und Ihre Bed\u00fcrfnisse an. Hierbei k\u00f6nnen Sie jederzeit bei Fragen mit unserem zuverl\u00e4ssigen Team in Kontakt treten. Wir beraten Sie gerne pers\u00f6nlich und finden gemeinsam mit Ihnen die ma\u00dfgeschneiderte L\u00f6sung, die f\u00fcr Sie und Ihre Waren perfekt passt.<br \/><br \/>Doch nicht nur als Unternehmen k\u00f6nnen Sie die Dienstleistungen von\u00a0Aircargo\u00a0Deutschland\u00a0in Anspruch nehmen. Auch als Privatperson haben Sie M\u00f6glichkeit, mit uns Ihre Besitzt\u00fcmer zu transportieren. Dank unserer internationalen Kontakte und Transportwege k\u00f6nnen Sie so z. B. gemeinsam mit\u00a0Aircargo\u00a0Deutschland\u00a0Ihren internationalen Umzug organisieren.<br \/><br \/><br \/><br \/><br \/>Internationale Spedition &#8211; immer zur richtigen Zeit am richtigen Ort<br \/>Zuverl\u00e4ssigkeit, Seriosit\u00e4t und P\u00fcnktlichkeit sind die Grunds\u00e4ulen der Arbeit von\u00a0Aircargo\u00a0Deutschland. Denn eines ist sicher, als internationale Spedition ist es wichtig, dass wir daf\u00fcr sorgen, dass Ihre Waren und G\u00fcter zur richtigen Zeit am richtigen Ort sind. Dank unserer internationalen Kooperationspartner transportieren wir Ihre Waren zum gew\u00fcnschten Zeitpunkt von A nach B. Sie haben Waren, die international oder national transportiert werden m\u00fcssen? Dann z\u00f6gern Sie nicht und treten Sie mit uns von\u00a0Aircargo\u00a0Deutschland\u00a0in Kontakt. Lassen Sie sich individuell und zuverl\u00e4ssig beraten. Nehmen Sie hierf\u00fcr entweder \u00fcber das Kontaktformular auf unserer Website mit uns Kontakt auf oder rufen Sie uns an. Selbstverst\u00e4ndlich k\u00f6nnen Sie uns auch in unserem Unternehmenssitz am Flughafen in Frankfurt besuchen. Egal welche Form der Kontaktm\u00f6glichkeit Sie w\u00e4hlen, Sie erhalten von\u00a0Aircargo\u00a0Deutschland\u00a0immer eine zuverl\u00e4ssige und zeitnahe Antwort.<br \/><br \/>Z\u00f6gern Sie nicht, sondern nehmen Sie umgehend Kontakt mit\u00a0Aircargo\u00a0Deutschland\u00a0auf, damit Ihre Waren zuverl\u00e4ssig von Experten transportiert werden!<\/div><\/div><\/div>\t\t\t\t\t\t\t\t<\/div>\n\t\t\t\t<\/div>\n\t\t\t\t<div class=\"elementor-element elementor-element-4a2cd44a elementor-widget elementor-widget-image\" data-id=\"4a2cd44a\" data-element_type=\"widget\" data-e-type=\"widget\" data-widget_type=\"image.default\">\n\t\t\t\t<div class=\"elementor-widget-container\">\n\t\t\t\t\t<span id=\"4a2cd44a\"><\/span>\t\t\t\t\t\t\t\t\t\t<img fetchpriority=\"high\" decoding=\"async\" width=\"768\" height=\"512\" src=\"https:\/\/agotrans-frankfurt.de\/wp-content\/uploads\/2021\/03\/10536430_M-1-768x512.jpg\" class=\"attachment-medium_large size-medium_large wp-image-428\" alt=\"\" srcset=\"https:\/\/agotrans-frankfurt.de\/wp-content\/uploads\/2021\/03\/10536430_M-1-768x512.jpg 768w, https:\/\/agotrans-frankfurt.de\/wp-content\/uploads\/2021\/03\/10536430_M-1-300x200.jpg 300w, https:\/\/agotrans-frankfurt.de\/wp-content\/uploads\/2021\/03\/10536430_M-1-16x12.jpg 16w, https:\/\/agotrans-frankfurt.de\/wp-content\/uploads\/2021\/03\/10536430_M-1.jpg 848w\" sizes=\"(max-width: 768px) 100vw, 768px\" \/>\t\t\t\t\t\t\t\t\t\t\t\t\t\t\t<\/div>\n\t\t\t\t<\/div>\n\t\t\t\t<div class=\"elementor-element elementor-element-27fc86ac elementor-widget elementor-widget-spacer\" data-id=\"27fc86ac\" data-element_type=\"widget\" data-e-type=\"widget\" data-widget_type=\"spacer.default\">\n\t\t\t\t<div class=\"elementor-widget-container\">\n\t\t\t\t\t<span id=\"27fc86ac\"><\/span>\t\t<div class=\"elementor-spacer\">\n\t\t\t<div class=\"elementor-spacer-inner\"><\/div>\n\t\t<\/div>\n\t\t\t\t\t\t<\/div>\n\t\t\t\t<\/div>\n\t\t\t\t\t<\/div>\n\t\t<\/div>\n\t\t\t\t\t<\/div>\n\t\t<\/section>\n\t\t\t\t<\/div>","protected":false},"excerpt":{"rendered":"<p>Seefracht Import Frankfurt Seefracht Import Frankfurt Ihr Spezialist f\u00fcr&nbsp;Seefracht&nbsp;in&nbsp;Frankfurt Schiffstransporte spielen im internationalen Warenverkehr eine herausragende Rolle: Als etablierter Logistikdienstleister in&nbsp;Frankfurt&nbsp;am Main pr\u00e4sentieren wir Ihnen deshalb auch ma\u00dfgeschneiderte Angebote f\u00fcr die&nbsp;Seefracht. Damit erg\u00e4nzen wir unsere Leistungen bei Flugzeugtransporten und Lkw-Transporten sinnvoll. In vielen F\u00e4llen erweist sich die&nbsp;Seefracht&nbsp;als preiswerte und zuverl\u00e4ssige Alternative: Der Transport dauert im [&hellip;]<\/p>\n","protected":false},"author":1,"featured_media":0,"parent":0,"menu_order":0,"comment_status":"closed","ping_status":"closed","template":"elementor_canvas","meta":{"_seopress_robots_primary_cat":"","_seopress_titles_title":"","_seopress_titles_desc":"","_seopress_robots_index":"","footnotes":""},"class_list":["post-800","page","type-page","status-publish","hentry"],"_links":{"self":[{"href":"https:\/\/agotrans-frankfurt.de\/en\/wp-json\/wp\/v2\/pages\/800","targetHints":{"allow":["GET"]}}],"collection":[{"href":"https:\/\/agotrans-frankfurt.de\/en\/wp-json\/wp\/v2\/pages"}],"about":[{"href":"https:\/\/agotrans-frankfurt.de\/en\/wp-json\/wp\/v2\/types\/page"}],"author":[{"embeddable":true,"href":"https:\/\/agotrans-frankfurt.de\/en\/wp-json\/wp\/v2\/users\/1"}],"replies":[{"embeddable":true,"href":"https:\/\/agotrans-frankfurt.de\/en\/wp-json\/wp\/v2\/comments?post=800"}],"version-history":[{"count":4,"href":"https:\/\/agotrans-frankfurt.de\/en\/wp-json\/wp\/v2\/pages\/800\/revisions"}],"predecessor-version":[{"id":804,"href":"https:\/\/agotrans-frankfurt.de\/en\/wp-json\/wp\/v2\/pages\/800\/revisions\/804"}],"wp:attachment":[{"href":"https:\/\/agotrans-frankfurt.de\/en\/wp-json\/wp\/v2\/media?parent=800"}],"curies":[{"name":"wp","href":"https:\/\/api.w.org\/{rel}","templated":true}]}}