{"id":716,"date":"2023-02-02T12:41:02","date_gmt":"2023-02-02T11:41:02","guid":{"rendered":"https:\/\/agotrans-frankfurt.de\/?page_id=716"},"modified":"2023-02-02T12:41:17","modified_gmt":"2023-02-02T11:41:17","slug":"seefracht-import-frankfurt","status":"publish","type":"page","link":"https:\/\/agotrans-frankfurt.de\/en\/seefracht-import-frankfurt\/","title":{"rendered":"Seefracht Import Frankfurt"},"content":{"rendered":"<div data-elementor-type=\"wp-page\" data-elementor-id=\"716\" class=\"elementor elementor-716\">\n\t\t\t\t\t\t<section class=\"elementor-section elementor-top-section elementor-element elementor-element-35919472 elementor-section-height-min-height elementor-section-boxed elementor-section-height-default elementor-section-items-middle\" data-id=\"35919472\" data-element_type=\"section\" data-e-type=\"section\" data-settings=\"{&quot;background_background&quot;:&quot;classic&quot;}\">\n\t\t\t\t\t\t\t<div class=\"elementor-background-overlay\"><\/div>\n\t\t\t\t\t\t\t<div class=\"elementor-container elementor-column-gap-default\">\n\t\t\t\t\t<div class=\"elementor-column elementor-col-100 elementor-top-column elementor-element elementor-element-64ca5886\" data-id=\"64ca5886\" data-element_type=\"column\" data-e-type=\"column\">\n\t\t\t<div class=\"elementor-widget-wrap elementor-element-populated\">\n\t\t\t\t\t\t<div class=\"elementor-element elementor-element-6af9a550 elementor-widget elementor-widget-page-title\" data-id=\"6af9a550\" data-element_type=\"widget\" data-e-type=\"widget\" data-settings=\"{&quot;align&quot;:&quot;center&quot;}\" data-widget_type=\"page-title.default\">\n\t\t\t\t<div class=\"elementor-widget-container\">\n\t\t\t\t\t<span id=\"6af9a550\"><\/span>\t\t\n\t\t<div class=\"hfe-page-title hfe-page-title-wrapper elementor-widget-heading\">\n\n\t\t\t\t\t\t\t\t\t\t\t<a href=\"https:\/\/agotrans-frankfurt.de\/en\">\n\t\t\t\t\t\t<h1 class=\"elementor-heading-title elementor-size-xxl\">\n\t\t\t\t\t\t\t\t\n\t\t\t\tSeefracht Import Frankfurt  \n\t\t\t<\/h1> \n\t\t\t\t\t\t\t\t\t<\/a>\n\t\t\t\t\t<\/div>\n\t\t\t\t\t\t<\/div>\n\t\t\t\t<\/div>\n\t\t\t\t<div class=\"elementor-element elementor-element-766bbca4 elementor-widget-divider--view-line elementor-widget elementor-widget-divider\" data-id=\"766bbca4\" data-element_type=\"widget\" data-e-type=\"widget\" data-widget_type=\"divider.default\">\n\t\t\t\t<div class=\"elementor-widget-container\">\n\t\t\t\t\t<span id=\"766bbca4\"><\/span>\t\t<div class=\"elementor-divider\">\n\t\t\t<span class=\"elementor-divider-separator\">\n\t\t\t\t\t\t<\/span>\n\t\t<\/div>\n\t\t\t\t\t\t<\/div>\n\t\t\t\t<\/div>\n\t\t\t\t\t<\/div>\n\t\t<\/div>\n\t\t\t\t\t<\/div>\n\t\t<\/section>\n\t\t\t\t<section class=\"elementor-section elementor-top-section elementor-element elementor-element-46c06255 elementor-section-boxed elementor-section-height-default elementor-section-height-default\" data-id=\"46c06255\" data-element_type=\"section\" data-e-type=\"section\">\n\t\t\t\t\t\t<div class=\"elementor-container elementor-column-gap-default\">\n\t\t\t\t\t<div class=\"elementor-column elementor-col-100 elementor-top-column elementor-element elementor-element-654671e4 animated-fast elementor-invisible\" data-id=\"654671e4\" data-element_type=\"column\" data-e-type=\"column\" data-settings=\"{&quot;animation&quot;:&quot;fadeInUp&quot;}\">\n\t\t\t<div class=\"elementor-widget-wrap elementor-element-populated\">\n\t\t\t\t\t\t<div class=\"elementor-element elementor-element-449ae9cd elementor-widget elementor-widget-spacer\" data-id=\"449ae9cd\" data-element_type=\"widget\" data-e-type=\"widget\" data-widget_type=\"spacer.default\">\n\t\t\t\t<div class=\"elementor-widget-container\">\n\t\t\t\t\t<span id=\"449ae9cd\"><\/span>\t\t<div class=\"elementor-spacer\">\n\t\t\t<div class=\"elementor-spacer-inner\"><\/div>\n\t\t<\/div>\n\t\t\t\t\t\t<\/div>\n\t\t\t\t<\/div>\n\t\t\t\t<div class=\"elementor-element elementor-element-f88f671 elementor-widget elementor-widget-text-editor\" data-id=\"f88f671\" data-element_type=\"widget\" data-e-type=\"widget\" data-widget_type=\"text-editor.default\">\n\t\t\t\t<div class=\"elementor-widget-container\">\n\t\t\t\t\t<span id=\"f88f671\"><\/span>\t\t\t\t<div class=\"nz-column-text nz-clearfix element-animate-false\" data-effect=\"none\" data-effect-speed=\"50\">\n<p><b>Seefracht Import Frankfurt<\/b><\/p>\n<p>\u00a0<\/p>\n<div>\n<div class=\"preview\">Ihr Spezialist f\u00fcr\u00a0Seefracht\u00a0in\u00a0Frankfurt<br \/><br \/>Schiffstransporte spielen im internationalen Warenverkehr eine herausragende Rolle: Als etablierter Logistikdienstleister in\u00a0Frankfurt\u00a0am Main pr\u00e4sentieren wir Ihnen deshalb auch ma\u00dfgeschneiderte Angebote f\u00fcr die\u00a0Seefracht. Damit erg\u00e4nzen wir unsere Leistungen bei Flugzeugtransporten und Lkw-Transporten sinnvoll.<br \/><br \/>In vielen F\u00e4llen erweist sich die\u00a0Seefracht\u00a0als preiswerte und zuverl\u00e4ssige Alternative: Der Transport dauert im Vergleich zur Flugzeugfracht zwar l\u00e4nger, daf\u00fcr sparen Sie bei den Transportkosten. Gerne beraten wir Sie individuell und zeigen Ihnen transparent auf, welche Transportart sich am besten f\u00fcr Ihren Zweck eignet! Anschlie\u00dfend unterbreiten wir Ihnen ein transparentes Angebot.<br \/><br \/>Kosteneffiziente L\u00f6sungen f\u00fcr die\u00a0Seefracht: FCL oder LCL<br \/><br \/>Beim Transport per Schiff bieten wir Ihnen zwei g\u00e4ngige Verfahren an: FCL und LCL. Die erstgenannte Abk\u00fcrzung steht f\u00fcr Full Container Load. Wir bringen Ihre Waren in einem separaten Container unter. Diese Variante lohnt sich bei einem gr\u00f6\u00dferen Volumen an Speditionsgut. LCL bedeutet Less than a Container Load. Nutzen Sie dieses Angebot, wenn Sie in\u00a0Frankfurt\u00a0oder anderswo Waren mit geringerem Umfang transportieren lassen wollen. Bei dieser Transportart befinden sich G\u00fcter mehrerer Unternehmen in einem Container, das reduziert f\u00fcr alle Beteiligten die Kosten.<br \/><br \/>Auch f\u00fcr Spezialtransporte sind wir der optimale Ansprechpartner. Wir organisieren mit unseren Partnern zum Beispiel die\u00a0Seefracht\u00a0in Flat Racks. Diese Container empfehlen sich f\u00fcr besonders sperrige G\u00fcter. Beliebt ist auch der Versand per Break Bulk: Mit der St\u00fcckgutverschiffung bef\u00f6rdern wir einzelne Gegenst\u00e4nde sicher von\u00a0Frankfurt\u00a0zum Zielort oder auf dem umgekehrten Weg.<br \/><br \/>\u00dcberlassen Sie die\u00a0Seefracht\u00a0Ihrem Logistikexperten in\u00a0Frankfurt!<br \/><br \/>F\u00fcr unsere Serviceleistungen im Bereich\u00a0Seefracht\u00a0arbeiten wir mit den Marktf\u00fchrern an den H\u00e4fen Hamburg, Bremen, Rotterdam und Antwerpen zusammen. Wie bei unseren Flugzeugtransporten profitieren Sie von attraktiven Komplettl\u00f6sungen: Wir organisieren zum Beispiel T\u00fcr-zu-T\u00fcr-Transporte von\u00a0Frankfurt\u00a0aus oder nach\u00a0Frankfurt. Bei diesen Speditionsauftr\u00e4gen k\u00fcmmern wir uns um alle Transportmittel der Logistikkette. Zudem \u00fcbernehmen unsere Spezialisten s\u00e4mtliche b\u00fcrokratischen Herausforderungen wie das Ausstellen von Frachtpapieren und die Zollanmeldung. Kontaktieren Sie Ihren Fachbetrieb f\u00fcr\u00a0Seefracht, Flugzeugtransporte und mehr!<\/div>\n<\/div>\n<\/div>\t\t\t\t\t\t\t\t<\/div>\n\t\t\t\t<\/div>\n\t\t\t\t<div class=\"elementor-element elementor-element-4a2cd44a elementor-widget elementor-widget-image\" data-id=\"4a2cd44a\" data-element_type=\"widget\" data-e-type=\"widget\" data-widget_type=\"image.default\">\n\t\t\t\t<div class=\"elementor-widget-container\">\n\t\t\t\t\t<span id=\"4a2cd44a\"><\/span>\t\t\t\t\t\t\t\t\t\t<img fetchpriority=\"high\" decoding=\"async\" width=\"768\" height=\"512\" src=\"https:\/\/agotrans-frankfurt.de\/wp-content\/uploads\/2021\/03\/10536430_M-1-768x512.jpg\" class=\"attachment-medium_large size-medium_large wp-image-428\" alt=\"\" srcset=\"https:\/\/agotrans-frankfurt.de\/wp-content\/uploads\/2021\/03\/10536430_M-1-768x512.jpg 768w, https:\/\/agotrans-frankfurt.de\/wp-content\/uploads\/2021\/03\/10536430_M-1-300x200.jpg 300w, https:\/\/agotrans-frankfurt.de\/wp-content\/uploads\/2021\/03\/10536430_M-1-16x12.jpg 16w, https:\/\/agotrans-frankfurt.de\/wp-content\/uploads\/2021\/03\/10536430_M-1.jpg 848w\" sizes=\"(max-width: 768px) 100vw, 768px\" \/>\t\t\t\t\t\t\t\t\t\t\t\t\t\t\t<\/div>\n\t\t\t\t<\/div>\n\t\t\t\t<div class=\"elementor-element elementor-element-27fc86ac elementor-widget elementor-widget-spacer\" data-id=\"27fc86ac\" data-element_type=\"widget\" data-e-type=\"widget\" data-widget_type=\"spacer.default\">\n\t\t\t\t<div class=\"elementor-widget-container\">\n\t\t\t\t\t<span id=\"27fc86ac\"><\/span>\t\t<div class=\"elementor-spacer\">\n\t\t\t<div class=\"elementor-spacer-inner\"><\/div>\n\t\t<\/div>\n\t\t\t\t\t\t<\/div>\n\t\t\t\t<\/div>\n\t\t\t\t\t<\/div>\n\t\t<\/div>\n\t\t\t\t\t<\/div>\n\t\t<\/section>\n\t\t\t\t<\/div>","protected":false},"excerpt":{"rendered":"<p>Seefracht Import Frankfurt Seefracht Import Frankfurt \u00a0 Ihr Spezialist f\u00fcr\u00a0Seefracht\u00a0in\u00a0Frankfurt Schiffstransporte spielen im internationalen Warenverkehr eine herausragende Rolle: Als etablierter Logistikdienstleister in\u00a0Frankfurt\u00a0am Main pr\u00e4sentieren wir Ihnen deshalb auch ma\u00dfgeschneiderte Angebote f\u00fcr die\u00a0Seefracht. Damit erg\u00e4nzen wir unsere Leistungen bei Flugzeugtransporten und Lkw-Transporten sinnvoll. In vielen F\u00e4llen erweist sich die\u00a0Seefracht\u00a0als preiswerte und zuverl\u00e4ssige Alternative: Der Transport dauert [&hellip;]<\/p>\n","protected":false},"author":1,"featured_media":0,"parent":0,"menu_order":0,"comment_status":"closed","ping_status":"closed","template":"elementor_canvas","meta":{"_seopress_robots_primary_cat":"","_seopress_titles_title":"","_seopress_titles_desc":"","_seopress_robots_index":"","footnotes":""},"class_list":["post-716","page","type-page","status-publish","hentry"],"_links":{"self":[{"href":"https:\/\/agotrans-frankfurt.de\/en\/wp-json\/wp\/v2\/pages\/716","targetHints":{"allow":["GET"]}}],"collection":[{"href":"https:\/\/agotrans-frankfurt.de\/en\/wp-json\/wp\/v2\/pages"}],"about":[{"href":"https:\/\/agotrans-frankfurt.de\/en\/wp-json\/wp\/v2\/types\/page"}],"author":[{"embeddable":true,"href":"https:\/\/agotrans-frankfurt.de\/en\/wp-json\/wp\/v2\/users\/1"}],"replies":[{"embeddable":true,"href":"https:\/\/agotrans-frankfurt.de\/en\/wp-json\/wp\/v2\/comments?post=716"}],"version-history":[{"count":4,"href":"https:\/\/agotrans-frankfurt.de\/en\/wp-json\/wp\/v2\/pages\/716\/revisions"}],"predecessor-version":[{"id":720,"href":"https:\/\/agotrans-frankfurt.de\/en\/wp-json\/wp\/v2\/pages\/716\/revisions\/720"}],"wp:attachment":[{"href":"https:\/\/agotrans-frankfurt.de\/en\/wp-json\/wp\/v2\/media?parent=716"}],"curies":[{"name":"wp","href":"https:\/\/api.w.org\/{rel}","templated":true}]}}