{"id":709,"date":"2022-12-15T12:24:23","date_gmt":"2022-12-15T11:24:23","guid":{"rendered":"https:\/\/agotrans-frankfurt.de\/?page_id=709"},"modified":"2022-12-15T12:25:14","modified_gmt":"2022-12-15T11:25:14","slug":"transporte-international","status":"publish","type":"page","link":"https:\/\/agotrans-frankfurt.de\/en\/transporte-international\/","title":{"rendered":"<strong>Transporte International<\/strong>"},"content":{"rendered":"<div data-elementor-type=\"wp-page\" data-elementor-id=\"709\" class=\"elementor elementor-709\">\n\t\t\t\t\t\t<section class=\"elementor-section elementor-top-section elementor-element elementor-element-8fb2533 elementor-section-height-min-height elementor-section-boxed elementor-section-height-default elementor-section-items-middle\" data-id=\"8fb2533\" data-element_type=\"section\" data-e-type=\"section\" data-settings=\"{&quot;background_background&quot;:&quot;classic&quot;}\">\n\t\t\t\t\t\t\t<div class=\"elementor-background-overlay\"><\/div>\n\t\t\t\t\t\t\t<div class=\"elementor-container elementor-column-gap-default\">\n\t\t\t\t\t<div class=\"elementor-column elementor-col-100 elementor-top-column elementor-element elementor-element-2711bac\" data-id=\"2711bac\" data-element_type=\"column\" data-e-type=\"column\">\n\t\t\t<div class=\"elementor-widget-wrap elementor-element-populated\">\n\t\t\t\t\t\t<div class=\"elementor-element elementor-element-375c76b5 elementor-widget elementor-widget-page-title\" data-id=\"375c76b5\" data-element_type=\"widget\" data-e-type=\"widget\" data-settings=\"{&quot;align&quot;:&quot;center&quot;}\" data-widget_type=\"page-title.default\">\n\t\t\t\t<div class=\"elementor-widget-container\">\n\t\t\t\t\t<span id=\"375c76b5\"><\/span>\t\t\n\t\t<div class=\"hfe-page-title hfe-page-title-wrapper elementor-widget-heading\">\n\n\t\t\t\t\t\t\t\t\t\t\t<a href=\"https:\/\/agotrans-frankfurt.de\/en\">\n\t\t\t\t\t\t<h1 class=\"elementor-heading-title elementor-size-xxl\">\n\t\t\t\t\t\t\t\t\n\t\t\t\t<strong>Transporte International<\/strong>  \n\t\t\t<\/h1> \n\t\t\t\t\t\t\t\t\t<\/a>\n\t\t\t\t\t<\/div>\n\t\t\t\t\t\t<\/div>\n\t\t\t\t<\/div>\n\t\t\t\t<div class=\"elementor-element elementor-element-12770680 elementor-widget-divider--view-line elementor-widget elementor-widget-divider\" data-id=\"12770680\" data-element_type=\"widget\" data-e-type=\"widget\" data-widget_type=\"divider.default\">\n\t\t\t\t<div class=\"elementor-widget-container\">\n\t\t\t\t\t<span id=\"12770680\"><\/span>\t\t<div class=\"elementor-divider\">\n\t\t\t<span class=\"elementor-divider-separator\">\n\t\t\t\t\t\t<\/span>\n\t\t<\/div>\n\t\t\t\t\t\t<\/div>\n\t\t\t\t<\/div>\n\t\t\t\t\t<\/div>\n\t\t<\/div>\n\t\t\t\t\t<\/div>\n\t\t<\/section>\n\t\t\t\t<section class=\"elementor-section elementor-top-section elementor-element elementor-element-198e4c96 elementor-section-boxed elementor-section-height-default elementor-section-height-default\" data-id=\"198e4c96\" data-element_type=\"section\" data-e-type=\"section\">\n\t\t\t\t\t\t<div class=\"elementor-container elementor-column-gap-default\">\n\t\t\t\t\t<div class=\"elementor-column elementor-col-100 elementor-top-column elementor-element elementor-element-351b5793 animated-fast elementor-invisible\" data-id=\"351b5793\" data-element_type=\"column\" data-e-type=\"column\" data-settings=\"{&quot;animation&quot;:&quot;fadeInUp&quot;}\">\n\t\t\t<div class=\"elementor-widget-wrap elementor-element-populated\">\n\t\t\t\t\t\t<div class=\"elementor-element elementor-element-459ad23b elementor-widget elementor-widget-spacer\" data-id=\"459ad23b\" data-element_type=\"widget\" data-e-type=\"widget\" data-widget_type=\"spacer.default\">\n\t\t\t\t<div class=\"elementor-widget-container\">\n\t\t\t\t\t<span id=\"459ad23b\"><\/span>\t\t<div class=\"elementor-spacer\">\n\t\t\t<div class=\"elementor-spacer-inner\"><\/div>\n\t\t<\/div>\n\t\t\t\t\t\t<\/div>\n\t\t\t\t<\/div>\n\t\t\t\t<div class=\"elementor-element elementor-element-30d85ab8 elementor-widget elementor-widget-text-editor\" data-id=\"30d85ab8\" data-element_type=\"widget\" data-e-type=\"widget\" data-widget_type=\"text-editor.default\">\n\t\t\t\t<div class=\"elementor-widget-container\">\n\t\t\t\t\t<span id=\"30d85ab8\"><\/span>\t\t\t\t<div class=\"nz-column-text nz-clearfix element-animate-false\" data-effect=\"none\" data-effect-speed=\"50\"><div id=\"text_highlighted\"><div id=\"text_highlighted\"><div id=\"text_highlighted\"><p><b>Transporte International<\/b><\/p><br \/><div><div class=\"preview\">Transporte\u00a0international\u00a0abzuwickeln ist seit 1988 einer unserer Schwerpunkte, auf dem wir mit Fachwissen und Erfahrung f\u00fcr einen reibungslosen Ablauf sorgen. Als im Rhein-Main-Gebiet ans\u00e4ssige\u00a0Spedition\u00a0profitieren wir von einer optimalen Lage unweit des Frankfurter Flughafens. F\u00fcr\u00a0Transporte\u00a0nach Europa und in die ganze Welt erarbeiten wir f\u00fcr Sie eine individuelle Logistikl\u00f6sung, die sich nach Ihren pers\u00f6nlichen W\u00fcnschen richtet.<br \/><br \/>Transporte\u00a0international\u00a0&#8211; Ihre\u00a0Spedition\u00a0mit Know-how und Erfahrung<br \/>In den Jahren seit unserer Gr\u00fcndung haben wir uns zu einem professionellen Logistikpartner entwickelt, der seinen Kunden alle Leistungen aus einer Hand anbietet. Um\u00a0Transporte\u00a0international\u00a0durchzuf\u00fchren, sind wir bestens aufgestellt und vernetzt. Zus\u00e4tzlich zu unseren vielf\u00e4ltigen und professionellen Leistungen als\u00a0Spedition\u00a0bieten wir Ihnen ein breit gef\u00e4chertes Spektrum an Logistikdienstleistungen aller Art an. Um Ihnen stets beste Arbeit abzuliefern, arbeitet unsere\u00a0Spedition\u00a0mit zuverl\u00e4ssigen Partnern zusammen. Ein internationales Agentennetzwerk in mehr als 30 L\u00e4ndern weltweit sorgt f\u00fcr einen reibungslosen Ablauf unserer\u00a0international\u00a0ausgef\u00fchrten\u00a0Transporte. Weitere Partner unserer\u00a0Spedition\u00a0sind namhafte Fluggesellschaften, Reedereien, Agenten und zahlreiche mehr.<br \/><br \/>Ma\u00dfgeschneiderte Logistikl\u00f6sungen f\u00fcr\u00a0Transporte\u00a0&#8211;\u00a0international\u00a0und national<br \/>Als erfahrener Experte sind Ihre\u00a0Transporte\u00a0bei uns in den besten H\u00e4nden. Wir f\u00fchren sowohl nationale als auch internationale Auftr\u00e4ge aus und erstellen Ihnen f\u00fcr einen reibungslosen Ablauf stets ein ma\u00dfgeschneidertes Angebot mit individuellen L\u00f6sungen. Ihre Ware transportieren wir in 50 L\u00e4nder auf der ganzen Welt und zwar ohne dass Sie daf\u00fcr selbst t\u00e4tig werden m\u00fcssen. Als\u00a0international\u00a0agierender Partner kennen wir uns mit allem aus, was es rund um globale\u00a0Transporte\u00a0zu erledigen gilt und k\u00fcmmern uns entsprechend darum. Sie m\u00fcssen weder Erfahrung auf diesem Gebiet mitbringen noch Zeit investieren. Wir haben f\u00fcr Ihren Transport eine optimale L\u00f6sung &#8211; egal ob innerhalb Deutschlands oder\u00a0international.<br \/><br \/>Luftfracht, Seefracht, Landverkehr &#8211; wir sind Ihre\u00a0Spedition<br \/>Waren\u00a0international\u00a0zu transportieren ist auf die unterschiedlichsten Arten m\u00f6glich. In Deutschland und den angrenzenden europ\u00e4ischen L\u00e4ndern bedienen wir Ihre Empf\u00e4nger in der Regel durch\u00a0Transporte\u00a0per Lkw. Ein\u00a0international\u00a0durchgef\u00fchrter Transport in ein weiter entferntes Land l\u00e4sst sich wahlweise per Flugzeug oder Seeschiff realisieren. Hierbei gilt es abzuw\u00e4gen zwischen der Dringlichkeit der Zustellung sowie den daf\u00fcr anfallenden Kosten. Gerne sind wir Ihnen dabei behilflich, die passende Entscheidung f\u00fcr\u00a0international\u00a0anstehende\u00a0Transporte\u00a0zu treffen. Als global agierende\u00a0Spedition\u00a0bieten wir Ihnen f\u00fcr beide Transportvarianten unsere professionelle Unterst\u00fctzung an.<br \/><br \/>Eine\u00a0Spedition\u00a0f\u00fcr alle F\u00e4lle<br \/>International\u00a0durchgef\u00fchrte\u00a0Transporte\u00a0bieten wir Unternehmen und Privatpersonen gleicherma\u00dfen an. Denn wir sind nicht nur ein professioneller Partner f\u00fcr Luftfracht- und Seefracht-Importe wie -Exporte, wir kennen uns auch mit\u00a0international\u00a0abzuwickelnden Umz\u00fcgen bestens aus. Wir wissen genau, welche Vorschriften es dabei zu beachten gilt und welche Fristen eingehalten werden m\u00fcssen. Unsere\u00a0Spedition\u00a0verf\u00fcgt \u00fcber einen reichhaltigen Erfahrungsschatz auf diesem Gebiet und sorgt dank zahlreicher\u00a0international\u00a0agierender Partner f\u00fcr den reibungslosen Ablauf s\u00e4mtlicher\u00a0Transporte, die Sie uns anvertrauen.<br \/><br \/>Transporte\u00a0international\u00a0&#8211; wir freuen uns auf Ihren Auftrag<br \/>Auf der Suche nach einer professionellen\u00a0Spedition\u00a0mit einem umfangreichen Leistungsspektrum f\u00fcr Ihre\u00a0Transporte\u00a0haben Sie mit uns den passenden Partner gefunden.\u00a0International\u00a0und national verf\u00fcgen wir \u00fcber die n\u00f6tige Erfahrung und das Fachwissen f\u00fcr passgenaue L\u00f6sungen nach Ihren Vorstellungen. M\u00f6chten Sie mehr \u00fcber uns und unsere Arbeit erfahren, vereinbaren Sie gerne einen Termin f\u00fcr ein pers\u00f6nliches Beratungsgespr\u00e4ch. Wir stellen Ihnen unsere\u00a0Spedition\u00a0vor und zeigen Ihnen auf, wie Ihre national und\u00a0international\u00a0zu bewerkstelligenden\u00a0Transporte\u00a0von uns erledigt werden.<br \/><br \/>Richten Sie Ihre Anfrage gerne \u00fcber das Kontaktformular an uns. Schnellstm\u00f6glich widmen wir uns Ihrem Anliegen und erarbeiten eine individuelle L\u00f6sung f\u00fcr Ihre\u00a0Transporte. Wir stellen uns auch besonderen Herausforderungen und sind erst zufrieden mit unseren Leistungen, wenn Sie es ebenfalls sind.<\/div><\/div><\/div><\/div><\/div><\/div>\t\t\t\t\t\t\t\t<\/div>\n\t\t\t\t<\/div>\n\t\t\t\t<div class=\"elementor-element elementor-element-18ffae01 elementor-widget elementor-widget-image\" data-id=\"18ffae01\" data-element_type=\"widget\" data-e-type=\"widget\" data-widget_type=\"image.default\">\n\t\t\t\t<div class=\"elementor-widget-container\">\n\t\t\t\t\t<span id=\"18ffae01\"><\/span>\t\t\t\t\t\t\t\t\t\t<img fetchpriority=\"high\" decoding=\"async\" width=\"768\" height=\"576\" src=\"https:\/\/agotrans-frankfurt.de\/wp-content\/uploads\/2021\/03\/IMG-20171005-WA0048_1507209501524-768x576.jpg\" class=\"attachment-medium_large size-medium_large wp-image-505\" alt=\"\" srcset=\"https:\/\/agotrans-frankfurt.de\/wp-content\/uploads\/2021\/03\/IMG-20171005-WA0048_1507209501524-768x576.jpg 768w, https:\/\/agotrans-frankfurt.de\/wp-content\/uploads\/2021\/03\/IMG-20171005-WA0048_1507209501524-300x225.jpg 300w, https:\/\/agotrans-frankfurt.de\/wp-content\/uploads\/2021\/03\/IMG-20171005-WA0048_1507209501524-1024x768.jpg 1024w, https:\/\/agotrans-frankfurt.de\/wp-content\/uploads\/2021\/03\/IMG-20171005-WA0048_1507209501524-16x12.jpg 16w, https:\/\/agotrans-frankfurt.de\/wp-content\/uploads\/2021\/03\/IMG-20171005-WA0048_1507209501524.jpg 1280w\" sizes=\"(max-width: 768px) 100vw, 768px\" \/>\t\t\t\t\t\t\t\t\t\t\t\t\t\t\t<\/div>\n\t\t\t\t<\/div>\n\t\t\t\t<div class=\"elementor-element elementor-element-444b0824 elementor-widget elementor-widget-spacer\" data-id=\"444b0824\" data-element_type=\"widget\" data-e-type=\"widget\" data-widget_type=\"spacer.default\">\n\t\t\t\t<div class=\"elementor-widget-container\">\n\t\t\t\t\t<span id=\"444b0824\"><\/span>\t\t<div class=\"elementor-spacer\">\n\t\t\t<div class=\"elementor-spacer-inner\"><\/div>\n\t\t<\/div>\n\t\t\t\t\t\t<\/div>\n\t\t\t\t<\/div>\n\t\t\t\t\t<\/div>\n\t\t<\/div>\n\t\t\t\t\t<\/div>\n\t\t<\/section>\n\t\t\t\t<\/div>","protected":false},"excerpt":{"rendered":"","protected":false},"author":1,"featured_media":0,"parent":0,"menu_order":0,"comment_status":"closed","ping_status":"closed","template":"elementor_canvas","meta":{"_seopress_robots_primary_cat":"","_seopress_titles_title":"","_seopress_titles_desc":"","_seopress_robots_index":"","footnotes":""},"class_list":["post-709","page","type-page","status-publish","hentry"],"_links":{"self":[{"href":"https:\/\/agotrans-frankfurt.de\/en\/wp-json\/wp\/v2\/pages\/709","targetHints":{"allow":["GET"]}}],"collection":[{"href":"https:\/\/agotrans-frankfurt.de\/en\/wp-json\/wp\/v2\/pages"}],"about":[{"href":"https:\/\/agotrans-frankfurt.de\/en\/wp-json\/wp\/v2\/types\/page"}],"author":[{"embeddable":true,"href":"https:\/\/agotrans-frankfurt.de\/en\/wp-json\/wp\/v2\/users\/1"}],"replies":[{"embeddable":true,"href":"https:\/\/agotrans-frankfurt.de\/en\/wp-json\/wp\/v2\/comments?post=709"}],"version-history":[{"count":4,"href":"https:\/\/agotrans-frankfurt.de\/en\/wp-json\/wp\/v2\/pages\/709\/revisions"}],"predecessor-version":[{"id":713,"href":"https:\/\/agotrans-frankfurt.de\/en\/wp-json\/wp\/v2\/pages\/709\/revisions\/713"}],"wp:attachment":[{"href":"https:\/\/agotrans-frankfurt.de\/en\/wp-json\/wp\/v2\/media?parent=709"}],"curies":[{"name":"wp","href":"https:\/\/api.w.org\/{rel}","templated":true}]}}