{"id":702,"date":"2022-10-27T12:47:30","date_gmt":"2022-10-27T10:47:30","guid":{"rendered":"https:\/\/agotrans-frankfurt.de\/?page_id=702"},"modified":"2022-10-27T12:48:11","modified_gmt":"2022-10-27T10:48:11","slug":"lkw-transporte-deutschland","status":"publish","type":"page","link":"https:\/\/agotrans-frankfurt.de\/en\/lkw-transporte-deutschland\/","title":{"rendered":"Cargo Deutschland"},"content":{"rendered":"<div data-elementor-type=\"wp-page\" data-elementor-id=\"702\" class=\"elementor elementor-702\">\n\t\t\t\t\t\t<section class=\"elementor-section elementor-top-section elementor-element elementor-element-8fb2533 elementor-section-height-min-height elementor-section-boxed elementor-section-height-default elementor-section-items-middle\" data-id=\"8fb2533\" data-element_type=\"section\" data-e-type=\"section\" data-settings=\"{&quot;background_background&quot;:&quot;classic&quot;}\">\n\t\t\t\t\t\t\t<div class=\"elementor-background-overlay\"><\/div>\n\t\t\t\t\t\t\t<div class=\"elementor-container elementor-column-gap-default\">\n\t\t\t\t\t<div class=\"elementor-column elementor-col-100 elementor-top-column elementor-element elementor-element-2711bac\" data-id=\"2711bac\" data-element_type=\"column\" data-e-type=\"column\">\n\t\t\t<div class=\"elementor-widget-wrap elementor-element-populated\">\n\t\t\t\t\t\t<div class=\"elementor-element elementor-element-375c76b5 elementor-widget elementor-widget-page-title\" data-id=\"375c76b5\" data-element_type=\"widget\" data-e-type=\"widget\" data-settings=\"{&quot;align&quot;:&quot;center&quot;}\" data-widget_type=\"page-title.default\">\n\t\t\t\t<div class=\"elementor-widget-container\">\n\t\t\t\t\t<span id=\"375c76b5\"><\/span>\t\t\n\t\t<div class=\"hfe-page-title hfe-page-title-wrapper elementor-widget-heading\">\n\n\t\t\t\t\t\t\t\t\t\t\t<a href=\"https:\/\/agotrans-frankfurt.de\/en\">\n\t\t\t\t\t\t<h1 class=\"elementor-heading-title elementor-size-xxl\">\n\t\t\t\t\t\t\t\t\n\t\t\t\tCargo Deutschland  \n\t\t\t<\/h1> \n\t\t\t\t\t\t\t\t\t<\/a>\n\t\t\t\t\t<\/div>\n\t\t\t\t\t\t<\/div>\n\t\t\t\t<\/div>\n\t\t\t\t<div class=\"elementor-element elementor-element-12770680 elementor-widget-divider--view-line elementor-widget elementor-widget-divider\" data-id=\"12770680\" data-element_type=\"widget\" data-e-type=\"widget\" data-widget_type=\"divider.default\">\n\t\t\t\t<div class=\"elementor-widget-container\">\n\t\t\t\t\t<span id=\"12770680\"><\/span>\t\t<div class=\"elementor-divider\">\n\t\t\t<span class=\"elementor-divider-separator\">\n\t\t\t\t\t\t<\/span>\n\t\t<\/div>\n\t\t\t\t\t\t<\/div>\n\t\t\t\t<\/div>\n\t\t\t\t\t<\/div>\n\t\t<\/div>\n\t\t\t\t\t<\/div>\n\t\t<\/section>\n\t\t\t\t<section class=\"elementor-section elementor-top-section elementor-element elementor-element-198e4c96 elementor-section-boxed elementor-section-height-default elementor-section-height-default\" data-id=\"198e4c96\" data-element_type=\"section\" data-e-type=\"section\">\n\t\t\t\t\t\t<div class=\"elementor-container elementor-column-gap-default\">\n\t\t\t\t\t<div class=\"elementor-column elementor-col-100 elementor-top-column elementor-element elementor-element-351b5793 animated-fast elementor-invisible\" data-id=\"351b5793\" data-element_type=\"column\" data-e-type=\"column\" data-settings=\"{&quot;animation&quot;:&quot;fadeInUp&quot;}\">\n\t\t\t<div class=\"elementor-widget-wrap elementor-element-populated\">\n\t\t\t\t\t\t<div class=\"elementor-element elementor-element-459ad23b elementor-widget elementor-widget-spacer\" data-id=\"459ad23b\" data-element_type=\"widget\" data-e-type=\"widget\" data-widget_type=\"spacer.default\">\n\t\t\t\t<div class=\"elementor-widget-container\">\n\t\t\t\t\t<span id=\"459ad23b\"><\/span>\t\t<div class=\"elementor-spacer\">\n\t\t\t<div class=\"elementor-spacer-inner\"><\/div>\n\t\t<\/div>\n\t\t\t\t\t\t<\/div>\n\t\t\t\t<\/div>\n\t\t\t\t<div class=\"elementor-element elementor-element-30d85ab8 elementor-widget elementor-widget-text-editor\" data-id=\"30d85ab8\" data-element_type=\"widget\" data-e-type=\"widget\" data-widget_type=\"text-editor.default\">\n\t\t\t\t<div class=\"elementor-widget-container\">\n\t\t\t\t\t<span id=\"30d85ab8\"><\/span>\t\t\t\t<div class=\"nz-column-text nz-clearfix element-animate-false\" data-effect=\"none\" data-effect-speed=\"50\"><div id=\"text_highlighted\"><div id=\"text_highlighted\"><p><b>Cargo Deutschland<\/b><\/p><p>\u00a0<\/p><div><div class=\"preview\">Cargo\u00a0in\u00a0Deutschland:\u00a0Spedition\u00a0f\u00fcr sichere Transporte jeder Art<br \/><br \/>Nicht jedes Transportgut l\u00e4sst sich mit einschl\u00e4gigen Postdienstleistern an einen anderen Ort bringen. Einige Gegenst\u00e4nde sind daf\u00fcr schlichtweg zu gro\u00df oder in ihrer Menge zu umfangreich. Damit Ihr Vorhaben dennoch klappt, stehen wir Ihnen als\u00a0Spedition\u00a0f\u00fcr\u00a0Cargo\u00a0in\u00a0Deutschland\u00a0zur Seite. Mit unserem durchdachten Konzept und unseren erprobten Transportdienstleistungen sorgen wir daf\u00fcr, dass Ihre G\u00fcter sicher an Ihrem Wunschort ankommen. F\u00fcr welchen Ort m\u00f6chten Sie\u00a0Cargo\u00a0in\u00a0Deutschland\u00a0in Anspruch nehmen? Verraten Sie es uns &#8211; wir k\u00fcmmern uns darum. Unser umfassender Service rund um\u00a0Cargo-Transporte steht Ihnen in ganz\u00a0Deutschland\u00a0zur Verf\u00fcgung.<br \/><br \/>Spezialist f\u00fcr\u00a0Cargo\u00a0in\u00a0Deutschland: L\u00f6sungen von A bis Z<br \/><br \/>Als\u00a0Spedition\u00a0sind wir in erster Linie f\u00fcr die logistische Komponente Ihres Transportwunsches im Einsatz. Dar\u00fcber hinaus nehmen wir Ihnen s\u00e4mtliche Formalit\u00e4ten, die mit den Transporten verbunden sind, ab. Sie m\u00f6chten sich nicht mit den rechtlichen Bestimmungen auseinandersetzen und wollen die Zollangelegenheiten ebenfalls aus den H\u00e4nden geben? Wir \u00fcbernehmen diese T\u00e4tigkeiten f\u00fcr Sie und entlasten Sie als\u00a0Spedition\u00a0f\u00fcr\u00a0Cargo\u00a0in\u00a0Deutschland\u00a0effektiv. Dabei haben wir f\u00fcr Sie auch die richtigen L\u00f6sungsans\u00e4tze, wenn Sie Speditionsleistungen f\u00fcr Reihengesch\u00e4fte wie z. B. das innergemeinschaftliche Dreiecksgesch\u00e4ft in Anspruch nehmen m\u00f6chten. Bei einem solchen Gesch\u00e4ft geht es um den G\u00fctertransport zwischen drei involvierten L\u00e4ndern. Ganz gleich, welches\u00a0Cargo-Vorhaben Sie in\u00a0Deutschland\u00a0stemmen m\u00f6chten: Mit unserer\u00a0Spedition\u00a0w\u00e4hlen Sie f\u00fcr diese Aufgabe einen Experten.<br \/><br \/>Kompetent &amp; verl\u00e4sslich:\u00a0Spedition\u00a0f\u00fcr\u00a0Cargo\u00a0in\u00a0Deutschland<br \/><br \/>Wenn es darum geht, per\u00a0Spedition\u00a0die gew\u00fcnschten G\u00fcter zu transportieren, steht vor allem der Sicherheitsaspekt im Vordergrund. Wir verstehen unser Handwerk der Logistik-Dienstleistungen und haben daf\u00fcr hohe Sicherheitsstandards etabliert. Bei unseren L\u00f6sungen f\u00fcr\u00a0Cargo\u00a0in\u00a0Deutschland\u00a0sind Ihre zu transportierenden G\u00fcter jederzeit in sicheren H\u00e4nden. Dar\u00fcber hinaus arbeiten wir sehr kosteneffizient und greifen auf ein umfangreiches Netzwerk an Partnern f\u00fcr effektive Transporte zur\u00fcck.<br \/><br \/>Fordern Sie jetzt f\u00fcr Ihren\u00a0Cargo-Wunsch in\u00a0Deutschland\u00a0Ihr individuelles, ma\u00dfgeschneidertes Angebot an. Kontaktieren Sie uns noch heute!<\/div><\/div><\/div><\/div><\/div>\t\t\t\t\t\t\t\t<\/div>\n\t\t\t\t<\/div>\n\t\t\t\t<div class=\"elementor-element elementor-element-18ffae01 elementor-widget elementor-widget-image\" data-id=\"18ffae01\" data-element_type=\"widget\" data-e-type=\"widget\" data-widget_type=\"image.default\">\n\t\t\t\t<div class=\"elementor-widget-container\">\n\t\t\t\t\t<span id=\"18ffae01\"><\/span>\t\t\t\t\t\t\t\t\t\t<img fetchpriority=\"high\" decoding=\"async\" width=\"768\" height=\"576\" src=\"https:\/\/agotrans-frankfurt.de\/wp-content\/uploads\/2021\/03\/IMG-20171005-WA0048_1507209501524-768x576.jpg\" class=\"attachment-medium_large size-medium_large wp-image-505\" alt=\"\" srcset=\"https:\/\/agotrans-frankfurt.de\/wp-content\/uploads\/2021\/03\/IMG-20171005-WA0048_1507209501524-768x576.jpg 768w, https:\/\/agotrans-frankfurt.de\/wp-content\/uploads\/2021\/03\/IMG-20171005-WA0048_1507209501524-300x225.jpg 300w, https:\/\/agotrans-frankfurt.de\/wp-content\/uploads\/2021\/03\/IMG-20171005-WA0048_1507209501524-1024x768.jpg 1024w, https:\/\/agotrans-frankfurt.de\/wp-content\/uploads\/2021\/03\/IMG-20171005-WA0048_1507209501524-16x12.jpg 16w, https:\/\/agotrans-frankfurt.de\/wp-content\/uploads\/2021\/03\/IMG-20171005-WA0048_1507209501524.jpg 1280w\" sizes=\"(max-width: 768px) 100vw, 768px\" \/>\t\t\t\t\t\t\t\t\t\t\t\t\t\t\t<\/div>\n\t\t\t\t<\/div>\n\t\t\t\t<div class=\"elementor-element elementor-element-444b0824 elementor-widget elementor-widget-spacer\" data-id=\"444b0824\" data-element_type=\"widget\" data-e-type=\"widget\" data-widget_type=\"spacer.default\">\n\t\t\t\t<div class=\"elementor-widget-container\">\n\t\t\t\t\t<span id=\"444b0824\"><\/span>\t\t<div class=\"elementor-spacer\">\n\t\t\t<div class=\"elementor-spacer-inner\"><\/div>\n\t\t<\/div>\n\t\t\t\t\t\t<\/div>\n\t\t\t\t<\/div>\n\t\t\t\t\t<\/div>\n\t\t<\/div>\n\t\t\t\t\t<\/div>\n\t\t<\/section>\n\t\t\t\t<\/div>","protected":false},"excerpt":{"rendered":"","protected":false},"author":1,"featured_media":0,"parent":0,"menu_order":0,"comment_status":"closed","ping_status":"closed","template":"elementor_canvas","meta":{"_seopress_robots_primary_cat":"","_seopress_titles_title":"","_seopress_titles_desc":"","_seopress_robots_index":"","footnotes":""},"class_list":["post-702","page","type-page","status-publish","hentry"],"_links":{"self":[{"href":"https:\/\/agotrans-frankfurt.de\/en\/wp-json\/wp\/v2\/pages\/702","targetHints":{"allow":["GET"]}}],"collection":[{"href":"https:\/\/agotrans-frankfurt.de\/en\/wp-json\/wp\/v2\/pages"}],"about":[{"href":"https:\/\/agotrans-frankfurt.de\/en\/wp-json\/wp\/v2\/types\/page"}],"author":[{"embeddable":true,"href":"https:\/\/agotrans-frankfurt.de\/en\/wp-json\/wp\/v2\/users\/1"}],"replies":[{"embeddable":true,"href":"https:\/\/agotrans-frankfurt.de\/en\/wp-json\/wp\/v2\/comments?post=702"}],"version-history":[{"count":4,"href":"https:\/\/agotrans-frankfurt.de\/en\/wp-json\/wp\/v2\/pages\/702\/revisions"}],"predecessor-version":[{"id":706,"href":"https:\/\/agotrans-frankfurt.de\/en\/wp-json\/wp\/v2\/pages\/702\/revisions\/706"}],"wp:attachment":[{"href":"https:\/\/agotrans-frankfurt.de\/en\/wp-json\/wp\/v2\/media?parent=702"}],"curies":[{"name":"wp","href":"https:\/\/api.w.org\/{rel}","templated":true}]}}