{"id":642,"date":"2022-06-24T10:46:13","date_gmt":"2022-06-24T08:46:13","guid":{"rendered":"https:\/\/agotrans-frankfurt.de\/?page_id=642"},"modified":"2024-01-25T09:11:20","modified_gmt":"2024-01-25T08:11:20","slug":"spedition-in-frankfurt","status":"publish","type":"page","link":"https:\/\/agotrans-frankfurt.de\/en\/spedition-in-frankfurt\/","title":{"rendered":"Spedition Frankfurt"},"content":{"rendered":"<div data-elementor-type=\"wp-page\" data-elementor-id=\"642\" class=\"elementor elementor-642\">\n\t\t\t\t\t\t<section class=\"elementor-section elementor-top-section elementor-element elementor-element-8fb2533 elementor-section-height-min-height elementor-section-boxed elementor-section-height-default elementor-section-items-middle\" data-id=\"8fb2533\" data-element_type=\"section\" data-e-type=\"section\" data-settings=\"{&quot;background_background&quot;:&quot;classic&quot;}\">\n\t\t\t\t\t\t\t<div class=\"elementor-background-overlay\"><\/div>\n\t\t\t\t\t\t\t<div class=\"elementor-container elementor-column-gap-default\">\n\t\t\t\t\t<div class=\"elementor-column elementor-col-100 elementor-top-column elementor-element elementor-element-2711bac\" data-id=\"2711bac\" data-element_type=\"column\" data-e-type=\"column\">\n\t\t\t<div class=\"elementor-widget-wrap elementor-element-populated\">\n\t\t\t\t\t\t<div class=\"elementor-element elementor-element-375c76b5 elementor-widget elementor-widget-page-title\" data-id=\"375c76b5\" data-element_type=\"widget\" data-e-type=\"widget\" data-settings=\"{&quot;align&quot;:&quot;center&quot;}\" data-widget_type=\"page-title.default\">\n\t\t\t\t<div class=\"elementor-widget-container\">\n\t\t\t\t\t<span id=\"375c76b5\"><\/span>\t\t\n\t\t<div class=\"hfe-page-title hfe-page-title-wrapper elementor-widget-heading\">\n\n\t\t\t\t\t\t\t\t\t\t\t<a href=\"https:\/\/agotrans-frankfurt.de\/en\">\n\t\t\t\t\t\t<h1 class=\"elementor-heading-title elementor-size-xxl\">\n\t\t\t\t\t\t\t\t\n\t\t\t\tSpedition Frankfurt  \n\t\t\t<\/h1> \n\t\t\t\t\t\t\t\t\t<\/a>\n\t\t\t\t\t<\/div>\n\t\t\t\t\t\t<\/div>\n\t\t\t\t<\/div>\n\t\t\t\t<div class=\"elementor-element elementor-element-12770680 elementor-widget-divider--view-line elementor-widget elementor-widget-divider\" data-id=\"12770680\" data-element_type=\"widget\" data-e-type=\"widget\" data-widget_type=\"divider.default\">\n\t\t\t\t<div class=\"elementor-widget-container\">\n\t\t\t\t\t<span id=\"12770680\"><\/span>\t\t<div class=\"elementor-divider\">\n\t\t\t<span class=\"elementor-divider-separator\">\n\t\t\t\t\t\t<\/span>\n\t\t<\/div>\n\t\t\t\t\t\t<\/div>\n\t\t\t\t<\/div>\n\t\t\t\t\t<\/div>\n\t\t<\/div>\n\t\t\t\t\t<\/div>\n\t\t<\/section>\n\t\t\t\t<section class=\"elementor-section elementor-top-section elementor-element elementor-element-198e4c96 elementor-section-boxed elementor-section-height-default elementor-section-height-default\" data-id=\"198e4c96\" data-element_type=\"section\" data-e-type=\"section\">\n\t\t\t\t\t\t<div class=\"elementor-container elementor-column-gap-default\">\n\t\t\t\t\t<div class=\"elementor-column elementor-col-100 elementor-top-column elementor-element elementor-element-351b5793 animated-fast elementor-invisible\" data-id=\"351b5793\" data-element_type=\"column\" data-e-type=\"column\" data-settings=\"{&quot;animation&quot;:&quot;fadeInUp&quot;}\">\n\t\t\t<div class=\"elementor-widget-wrap elementor-element-populated\">\n\t\t\t\t\t\t<div class=\"elementor-element elementor-element-459ad23b elementor-widget elementor-widget-spacer\" data-id=\"459ad23b\" data-element_type=\"widget\" data-e-type=\"widget\" data-widget_type=\"spacer.default\">\n\t\t\t\t<div class=\"elementor-widget-container\">\n\t\t\t\t\t<span id=\"459ad23b\"><\/span>\t\t<div class=\"elementor-spacer\">\n\t\t\t<div class=\"elementor-spacer-inner\"><\/div>\n\t\t<\/div>\n\t\t\t\t\t\t<\/div>\n\t\t\t\t<\/div>\n\t\t\t\t<div class=\"elementor-element elementor-element-30d85ab8 elementor-widget elementor-widget-text-editor\" data-id=\"30d85ab8\" data-element_type=\"widget\" data-e-type=\"widget\" data-widget_type=\"text-editor.default\">\n\t\t\t\t<div class=\"elementor-widget-container\">\n\t\t\t\t\t<span id=\"30d85ab8\"><\/span>\t\t\t\t<div class=\"nz-column-text nz-clearfix element-animate-false\" data-effect=\"none\" data-effect-speed=\"50\"><div id=\"text_highlighted\"><div id=\"text_highlighted\"><p><b>Spedition Frankfurt<\/b><\/p><br \/><div><div class=\"preview\">Spedition\u00a0Frankfurt\u00a0f\u00fcr nationale und internationale Speditionsauftr\u00e4ge<br \/><br \/>Unsere\u00a0Spedition\u00a0f\u00fchrt nationale und internationale Speditionsauftr\u00e4ge von\u00a0Frankfurt\u00a0aus durch. Zu einem Speditionsauftrag geh\u00f6rt neben dem Transport das Ausstellen der Speditions- und Zollpapiere. Alle Waren, die von der\u00a0Spedition\u00a0in\u00a0Frankfurt\u00a0starten, ben\u00f6tigen eine Vielzahl an Unterlagen, die es bei einer Kontrolle vorzuzeigen gilt.<br \/><br \/>Speditionsauftr\u00e4ge in der Region<br \/><br \/>Wir arbeiten im Rhein-Main-Gebiet mit verschiedenen Unternehmen zusammen, die uns regelm\u00e4\u00dfig Speditionsauftr\u00e4ge erteilen. Unser Unternehmen bietet Kunden einen starken Fuhrpark, der regelm\u00e4\u00dfig gewartet wird und so f\u00fcr die zuverl\u00e4ssige Abwicklung der Speditionsauftr\u00e4ge sorgt.<br \/><br \/>Nehmen Sie Kontakt zu uns auf und vereinbaren Sie einen Termin oder teilen uns ihre Speditionstour telefonisch oder schriftlich mit. Innerhalb der Region bieten wir Ihnen kurzfristige Speditionsfahrten von oder nach\u00a0Frankfurt\u00a0am Main an.<br \/><br \/>Nationale Speditionsauftr\u00e4ge<br \/><br \/>Waren werden nicht nur im Rhein-Main-Gebiet ben\u00f6tigt und transportiert. G\u00fcter m\u00fcssen oft \u00fcber die Landesgrenze innerhalb des Bundesgebiets transportiert werden, daf\u00fcr stellen wir unser Team zur Verf\u00fcgung. Unsere ausgebildeten Spediteure und Frachtf\u00fchrer bringen jedes Gut, welches Sie uns zur\u00a0Spedition\u00a0\u00fcberlassen, sicher ans Ziel.<br \/><br \/>Als\u00a0Spedition\u00a0verkehren wir von\u00a0Frankfurt\u00a0aus nach M\u00fcnchen, Stuttgart, Leipzig, Dresden, Berlin, Hamburg, ins Rhein-Ruhrgebiet und viele weitere St\u00e4dte und kleinen Ortschaften innerhalb des Landes. Auf Anfrage teilen wir Ihnen mit, welche Unterlagen wir individuell von Ihnen ben\u00f6tigen, um den Speditionsauftrag durchzuf\u00fchren.<br \/><br \/>Internationale Speditionsauftr\u00e4ge<br \/><br \/>F\u00fcr internationale Auftr\u00e4ge der\u00a0Spedition\u00a0ben\u00f6tigen wir neben den Frachtpapieren auch die Zollpapiere f\u00fcr den jeweiligen Staat, in den die Ware eingef\u00fchrt wird. Das gilt auch f\u00fcr Importe durch unsere\u00a0Spedition\u00a0in\u00a0Frankfurt. Ihre Vorteile bestehen darin, dass unsere\u00a0Spedition\u00a0f\u00fcr Fehler haftet, sobald Sie den Auftrag erteilt haben und wir von Ihnen alle Daten erhalten haben. Sie sind somit f\u00fcr internationale Transporte abgesichert.<br \/><br \/>Des Weiteren sparen Sie Zeit und k\u00f6nnen sich weiter auf Ihre Kernaufgabe konzentrieren, w\u00e4hrend unser Unternehmen den internationalen Transport von oder nach\u00a0Frankfurt\u00a0durchf\u00fchrt. Nehmen Sie jetzt Kontakt zur\u00a0Spedition\u00a0in\u00a0Frankfurt\u00a0auf und erteilen Sie einen Speditionsauftrag.<\/div><\/div><\/div><\/div><\/div>\t\t\t\t\t\t\t\t<\/div>\n\t\t\t\t<\/div>\n\t\t\t\t<div class=\"elementor-element elementor-element-18ffae01 elementor-widget elementor-widget-image\" data-id=\"18ffae01\" data-element_type=\"widget\" data-e-type=\"widget\" data-widget_type=\"image.default\">\n\t\t\t\t<div class=\"elementor-widget-container\">\n\t\t\t\t\t<span id=\"18ffae01\"><\/span>\t\t\t\t\t\t\t\t\t\t<img fetchpriority=\"high\" decoding=\"async\" width=\"768\" height=\"576\" src=\"https:\/\/agotrans-frankfurt.de\/wp-content\/uploads\/2021\/03\/IMG-20171005-WA0048_1507209501524-768x576.jpg\" class=\"attachment-medium_large size-medium_large wp-image-505\" alt=\"\" srcset=\"https:\/\/agotrans-frankfurt.de\/wp-content\/uploads\/2021\/03\/IMG-20171005-WA0048_1507209501524-768x576.jpg 768w, https:\/\/agotrans-frankfurt.de\/wp-content\/uploads\/2021\/03\/IMG-20171005-WA0048_1507209501524-300x225.jpg 300w, https:\/\/agotrans-frankfurt.de\/wp-content\/uploads\/2021\/03\/IMG-20171005-WA0048_1507209501524-1024x768.jpg 1024w, https:\/\/agotrans-frankfurt.de\/wp-content\/uploads\/2021\/03\/IMG-20171005-WA0048_1507209501524-16x12.jpg 16w, https:\/\/agotrans-frankfurt.de\/wp-content\/uploads\/2021\/03\/IMG-20171005-WA0048_1507209501524.jpg 1280w\" sizes=\"(max-width: 768px) 100vw, 768px\" \/>\t\t\t\t\t\t\t\t\t\t\t\t\t\t\t<\/div>\n\t\t\t\t<\/div>\n\t\t\t\t<div class=\"elementor-element elementor-element-444b0824 elementor-widget elementor-widget-spacer\" data-id=\"444b0824\" data-element_type=\"widget\" data-e-type=\"widget\" data-widget_type=\"spacer.default\">\n\t\t\t\t<div class=\"elementor-widget-container\">\n\t\t\t\t\t<span id=\"444b0824\"><\/span>\t\t<div class=\"elementor-spacer\">\n\t\t\t<div class=\"elementor-spacer-inner\"><\/div>\n\t\t<\/div>\n\t\t\t\t\t\t<\/div>\n\t\t\t\t<\/div>\n\t\t\t\t\t<\/div>\n\t\t<\/div>\n\t\t\t\t\t<\/div>\n\t\t<\/section>\n\t\t\t\t<\/div>","protected":false},"excerpt":{"rendered":"","protected":false},"author":1,"featured_media":0,"parent":0,"menu_order":0,"comment_status":"closed","ping_status":"closed","template":"elementor_canvas","meta":{"_seopress_robots_primary_cat":"","_seopress_titles_title":"","_seopress_titles_desc":"","_seopress_robots_index":"","footnotes":""},"class_list":["post-642","page","type-page","status-publish","hentry"],"_links":{"self":[{"href":"https:\/\/agotrans-frankfurt.de\/en\/wp-json\/wp\/v2\/pages\/642","targetHints":{"allow":["GET"]}}],"collection":[{"href":"https:\/\/agotrans-frankfurt.de\/en\/wp-json\/wp\/v2\/pages"}],"about":[{"href":"https:\/\/agotrans-frankfurt.de\/en\/wp-json\/wp\/v2\/types\/page"}],"author":[{"embeddable":true,"href":"https:\/\/agotrans-frankfurt.de\/en\/wp-json\/wp\/v2\/users\/1"}],"replies":[{"embeddable":true,"href":"https:\/\/agotrans-frankfurt.de\/en\/wp-json\/wp\/v2\/comments?post=642"}],"version-history":[{"count":4,"href":"https:\/\/agotrans-frankfurt.de\/en\/wp-json\/wp\/v2\/pages\/642\/revisions"}],"predecessor-version":[{"id":646,"href":"https:\/\/agotrans-frankfurt.de\/en\/wp-json\/wp\/v2\/pages\/642\/revisions\/646"}],"wp:attachment":[{"href":"https:\/\/agotrans-frankfurt.de\/en\/wp-json\/wp\/v2\/media?parent=642"}],"curies":[{"name":"wp","href":"https:\/\/api.w.org\/{rel}","templated":true}]}}