{"id":605,"date":"2022-01-31T09:03:30","date_gmt":"2022-01-31T08:03:30","guid":{"rendered":"https:\/\/agotrans-frankfurt.de\/?page_id=605"},"modified":"2022-01-31T09:03:44","modified_gmt":"2022-01-31T08:03:44","slug":"containerfracht-frankfurt","status":"publish","type":"page","link":"https:\/\/agotrans-frankfurt.de\/en\/containerfracht-frankfurt\/","title":{"rendered":"Containerfracht Frankfurt"},"content":{"rendered":"<div data-elementor-type=\"wp-page\" data-elementor-id=\"605\" class=\"elementor elementor-605\">\n\t\t\t\t\t\t<section class=\"elementor-section elementor-top-section elementor-element elementor-element-8fb2533 elementor-section-height-min-height elementor-section-boxed elementor-section-height-default elementor-section-items-middle\" data-id=\"8fb2533\" data-element_type=\"section\" data-e-type=\"section\" data-settings=\"{&quot;background_background&quot;:&quot;classic&quot;}\">\n\t\t\t\t\t\t\t<div class=\"elementor-background-overlay\"><\/div>\n\t\t\t\t\t\t\t<div class=\"elementor-container elementor-column-gap-default\">\n\t\t\t\t\t<div class=\"elementor-column elementor-col-100 elementor-top-column elementor-element elementor-element-2711bac\" data-id=\"2711bac\" data-element_type=\"column\" data-e-type=\"column\">\n\t\t\t<div class=\"elementor-widget-wrap elementor-element-populated\">\n\t\t\t\t\t\t<div class=\"elementor-element elementor-element-375c76b5 elementor-widget elementor-widget-page-title\" data-id=\"375c76b5\" data-element_type=\"widget\" data-e-type=\"widget\" data-settings=\"{&quot;align&quot;:&quot;center&quot;}\" data-widget_type=\"page-title.default\">\n\t\t\t\t<div class=\"elementor-widget-container\">\n\t\t\t\t\t<span id=\"375c76b5\"><\/span>\t\t\n\t\t<div class=\"hfe-page-title hfe-page-title-wrapper elementor-widget-heading\">\n\n\t\t\t\t\t\t\t\t\t\t\t<a href=\"https:\/\/agotrans-frankfurt.de\/en\">\n\t\t\t\t\t\t<h1 class=\"elementor-heading-title elementor-size-xxl\">\n\t\t\t\t\t\t\t\t\n\t\t\t\tContainerfracht Frankfurt  \n\t\t\t<\/h1> \n\t\t\t\t\t\t\t\t\t<\/a>\n\t\t\t\t\t<\/div>\n\t\t\t\t\t\t<\/div>\n\t\t\t\t<\/div>\n\t\t\t\t<div class=\"elementor-element elementor-element-12770680 elementor-widget-divider--view-line elementor-widget elementor-widget-divider\" data-id=\"12770680\" data-element_type=\"widget\" data-e-type=\"widget\" data-widget_type=\"divider.default\">\n\t\t\t\t<div class=\"elementor-widget-container\">\n\t\t\t\t\t<span id=\"12770680\"><\/span>\t\t<div class=\"elementor-divider\">\n\t\t\t<span class=\"elementor-divider-separator\">\n\t\t\t\t\t\t<\/span>\n\t\t<\/div>\n\t\t\t\t\t\t<\/div>\n\t\t\t\t<\/div>\n\t\t\t\t\t<\/div>\n\t\t<\/div>\n\t\t\t\t\t<\/div>\n\t\t<\/section>\n\t\t\t\t<section class=\"elementor-section elementor-top-section elementor-element elementor-element-198e4c96 elementor-section-boxed elementor-section-height-default elementor-section-height-default\" data-id=\"198e4c96\" data-element_type=\"section\" data-e-type=\"section\">\n\t\t\t\t\t\t<div class=\"elementor-container elementor-column-gap-default\">\n\t\t\t\t\t<div class=\"elementor-column elementor-col-100 elementor-top-column elementor-element elementor-element-351b5793 animated-fast elementor-invisible\" data-id=\"351b5793\" data-element_type=\"column\" data-e-type=\"column\" data-settings=\"{&quot;animation&quot;:&quot;fadeInUp&quot;}\">\n\t\t\t<div class=\"elementor-widget-wrap elementor-element-populated\">\n\t\t\t\t\t\t<div class=\"elementor-element elementor-element-459ad23b elementor-widget elementor-widget-spacer\" data-id=\"459ad23b\" data-element_type=\"widget\" data-e-type=\"widget\" data-widget_type=\"spacer.default\">\n\t\t\t\t<div class=\"elementor-widget-container\">\n\t\t\t\t\t<span id=\"459ad23b\"><\/span>\t\t<div class=\"elementor-spacer\">\n\t\t\t<div class=\"elementor-spacer-inner\"><\/div>\n\t\t<\/div>\n\t\t\t\t\t\t<\/div>\n\t\t\t\t<\/div>\n\t\t\t\t<div class=\"elementor-element elementor-element-30d85ab8 elementor-widget elementor-widget-text-editor\" data-id=\"30d85ab8\" data-element_type=\"widget\" data-e-type=\"widget\" data-widget_type=\"text-editor.default\">\n\t\t\t\t<div class=\"elementor-widget-container\">\n\t\t\t\t\t<span id=\"30d85ab8\"><\/span>\t\t\t\t<div class=\"nz-column-text nz-clearfix element-animate-false\" data-effect=\"none\" data-effect-speed=\"50\"><div id=\"text_highlighted\"><p><b>Containerfracht<\/b><\/p><p>\u00a0<\/p><div><div class=\"preview\">Sie wollen Ihre wertvolle\u00a0Containerfracht\u00a0in guten H\u00e4nden wissen? Wenn Sie von\u00a0Frankfurt\u00a0aus bzw. \u00fcber\u00a0Frankfurt\u00a0von Ihrem Standort aus etwas zu verschicken haben, sind wir die\u00a0Spedition\u00a0der Wahl f\u00fcr jede Art von\u00a0Containerfracht. Wir verf\u00fcgen \u00fcber Jahre lange Erfahrungen. Die\u00a0Containerfracht\u00a0muss richtig behandelt werden, nichts darf nass werden oder sonst wie besch\u00e4digt werden. Daf\u00fcr sorgt der Profi. Was uns auch ein Anliegen ist, ist die schnelle Weiterleitung von Waren, die nur m\u00f6glich ist, wenn Sie einen Anbieter wie uns nutzen, der \u00fcber ein gutes und zuverl\u00e4ssiges Netzwerk verf\u00fcgt. Ab oder \u00fcber\u00a0Frankfurt\u00a0geht es bei uns in alle Welt, und unsere Kunden vertrauen zu Recht seit Jahren auf gutes Gelingen.<br \/><br \/><br \/>Eine\u00a0Spedition\u00a0muss aber auch die richtigen Mitarbeiter besch\u00e4ftigen, sonst wird es schnell chaotisch. Auch das k\u00f6nnen wir Ihnen zusichern. Ihre\u00a0Containerfracht\u00a0ist uns so wertvoll, als w\u00e4re es unsere eigene Ware, etwas Kostbares, das wir mit Sachverstand und Respekt behandeln.\u00a0Frankfurt\u00a0ist f\u00fcr Europa ein wichtiger Dreh- und Angelpunkt. Genau darum haben wir die Stadt damals als Standort gew\u00e4hlt. Unsere\u00a0Spedition\u00a0befindet sich, mit\u00a0Frankfurt\u00a0als Location, wenn man so will, im Herzen Europas, da, wo viele Aktivit\u00e4ten zusammen laufen. Ihre\u00a0Containerfracht\u00a0kommt also in gute H\u00e4nde, die sie ohne Umwege weiter leiten, wo sie ben\u00f6tigt wird. Nutzen Sie unsere Expertise als ein wichtiger Player aus\u00a0Frankfurt. Wir haben die Fahrer, nutzen verschiedene Formen von Transportmitteln und ein gut ausgebautes Netzwerk, das l\u00fcckenlose Abl\u00e4ufe garantiert. Unsere\u00a0Spedition\u00a0hat einen guten Ruf, und das kommt nicht von ungef\u00e4hr. Die\u00a0Containerfracht\u00a0ist wie unser Augapfel, den wir h\u00fcten wollen. Auch wenn Sie eher kleine Margen\u00a0Containerfracht\u00a0versenden wollen, h\u00fcten wir diesen Augapfel. Ihre Fracht verwalten wir von\u00a0Frankfurt\u00a0aus, Sie m\u00fcssen sich um nichts weiter k\u00fcmmern. Vertrauen Sie uns, wir haben die Erfahrung, um jede Fracht an jeden gew\u00fcnschten Ort zu schaffen. Gibt es nicht kennen wir nicht. Wir sind die in\u00a0Frankfurt\u00a0ans\u00e4ssige\u00a0Spedition\u00a0f\u00fcr alle F\u00e4lle.<\/div><\/div><\/div><\/div>\t\t\t\t\t\t\t\t<\/div>\n\t\t\t\t<\/div>\n\t\t\t\t<div class=\"elementor-element elementor-element-18ffae01 elementor-widget elementor-widget-image\" data-id=\"18ffae01\" data-element_type=\"widget\" data-e-type=\"widget\" data-widget_type=\"image.default\">\n\t\t\t\t<div class=\"elementor-widget-container\">\n\t\t\t\t\t<span id=\"18ffae01\"><\/span>\t\t\t\t\t\t\t\t\t\t<img fetchpriority=\"high\" decoding=\"async\" width=\"768\" height=\"576\" src=\"https:\/\/agotrans-frankfurt.de\/wp-content\/uploads\/2021\/03\/IMG-20171005-WA0048_1507209501524-768x576.jpg\" class=\"attachment-medium_large size-medium_large wp-image-505\" alt=\"\" srcset=\"https:\/\/agotrans-frankfurt.de\/wp-content\/uploads\/2021\/03\/IMG-20171005-WA0048_1507209501524-768x576.jpg 768w, https:\/\/agotrans-frankfurt.de\/wp-content\/uploads\/2021\/03\/IMG-20171005-WA0048_1507209501524-300x225.jpg 300w, https:\/\/agotrans-frankfurt.de\/wp-content\/uploads\/2021\/03\/IMG-20171005-WA0048_1507209501524-1024x768.jpg 1024w, https:\/\/agotrans-frankfurt.de\/wp-content\/uploads\/2021\/03\/IMG-20171005-WA0048_1507209501524-16x12.jpg 16w, https:\/\/agotrans-frankfurt.de\/wp-content\/uploads\/2021\/03\/IMG-20171005-WA0048_1507209501524.jpg 1280w\" sizes=\"(max-width: 768px) 100vw, 768px\" \/>\t\t\t\t\t\t\t\t\t\t\t\t\t\t\t<\/div>\n\t\t\t\t<\/div>\n\t\t\t\t<div class=\"elementor-element elementor-element-444b0824 elementor-widget elementor-widget-spacer\" data-id=\"444b0824\" data-element_type=\"widget\" data-e-type=\"widget\" data-widget_type=\"spacer.default\">\n\t\t\t\t<div class=\"elementor-widget-container\">\n\t\t\t\t\t<span id=\"444b0824\"><\/span>\t\t<div class=\"elementor-spacer\">\n\t\t\t<div class=\"elementor-spacer-inner\"><\/div>\n\t\t<\/div>\n\t\t\t\t\t\t<\/div>\n\t\t\t\t<\/div>\n\t\t\t\t\t<\/div>\n\t\t<\/div>\n\t\t\t\t\t<\/div>\n\t\t<\/section>\n\t\t\t\t<\/div>","protected":false},"excerpt":{"rendered":"<p>Containerfracht Frankfurt Containerfracht \u00a0 Sie wollen Ihre wertvolle\u00a0Containerfracht\u00a0in guten H\u00e4nden wissen? Wenn Sie von\u00a0Frankfurt\u00a0aus bzw. \u00fcber\u00a0Frankfurt\u00a0von Ihrem Standort aus etwas zu verschicken haben, sind wir die\u00a0Spedition\u00a0der Wahl f\u00fcr jede Art von\u00a0Containerfracht. Wir verf\u00fcgen \u00fcber Jahre lange Erfahrungen. Die\u00a0Containerfracht\u00a0muss richtig behandelt werden, nichts darf nass werden oder sonst wie besch\u00e4digt werden. Daf\u00fcr sorgt der Profi. Was [&hellip;]<\/p>\n","protected":false},"author":1,"featured_media":0,"parent":0,"menu_order":0,"comment_status":"closed","ping_status":"closed","template":"elementor_canvas","meta":{"_seopress_robots_primary_cat":"","_seopress_titles_title":"","_seopress_titles_desc":"","_seopress_robots_index":"","footnotes":""},"class_list":["post-605","page","type-page","status-publish","hentry"],"_links":{"self":[{"href":"https:\/\/agotrans-frankfurt.de\/en\/wp-json\/wp\/v2\/pages\/605","targetHints":{"allow":["GET"]}}],"collection":[{"href":"https:\/\/agotrans-frankfurt.de\/en\/wp-json\/wp\/v2\/pages"}],"about":[{"href":"https:\/\/agotrans-frankfurt.de\/en\/wp-json\/wp\/v2\/types\/page"}],"author":[{"embeddable":true,"href":"https:\/\/agotrans-frankfurt.de\/en\/wp-json\/wp\/v2\/users\/1"}],"replies":[{"embeddable":true,"href":"https:\/\/agotrans-frankfurt.de\/en\/wp-json\/wp\/v2\/comments?post=605"}],"version-history":[{"count":4,"href":"https:\/\/agotrans-frankfurt.de\/en\/wp-json\/wp\/v2\/pages\/605\/revisions"}],"predecessor-version":[{"id":610,"href":"https:\/\/agotrans-frankfurt.de\/en\/wp-json\/wp\/v2\/pages\/605\/revisions\/610"}],"wp:attachment":[{"href":"https:\/\/agotrans-frankfurt.de\/en\/wp-json\/wp\/v2\/media?parent=605"}],"curies":[{"name":"wp","href":"https:\/\/api.w.org\/{rel}","templated":true}]}}