{"id":579,"date":"2021-11-26T12:57:02","date_gmt":"2021-11-26T11:57:02","guid":{"rendered":"https:\/\/agotrans-frankfurt.de\/?page_id=579"},"modified":"2024-01-25T09:09:38","modified_gmt":"2024-01-25T08:09:38","slug":"internationale-spedition-in-deutschland","status":"publish","type":"page","link":"https:\/\/agotrans-frankfurt.de\/en\/internationale-spedition-in-deutschland\/","title":{"rendered":"International carrier"},"content":{"rendered":"<div data-elementor-type=\"wp-page\" data-elementor-id=\"579\" class=\"elementor elementor-579\">\n\t\t\t\t\t\t<section class=\"elementor-section elementor-top-section elementor-element elementor-element-8fb2533 elementor-section-height-min-height elementor-section-boxed elementor-section-height-default elementor-section-items-middle\" data-id=\"8fb2533\" data-element_type=\"section\" data-e-type=\"section\" data-settings=\"{&quot;background_background&quot;:&quot;classic&quot;}\">\n\t\t\t\t\t\t\t<div class=\"elementor-background-overlay\"><\/div>\n\t\t\t\t\t\t\t<div class=\"elementor-container elementor-column-gap-default\">\n\t\t\t\t\t<div class=\"elementor-column elementor-col-100 elementor-top-column elementor-element elementor-element-2711bac\" data-id=\"2711bac\" data-element_type=\"column\" data-e-type=\"column\">\n\t\t\t<div class=\"elementor-widget-wrap elementor-element-populated\">\n\t\t\t\t\t\t<div class=\"elementor-element elementor-element-375c76b5 elementor-widget elementor-widget-page-title\" data-id=\"375c76b5\" data-element_type=\"widget\" data-e-type=\"widget\" data-settings=\"{&quot;align&quot;:&quot;center&quot;}\" data-widget_type=\"page-title.default\">\n\t\t\t\t<div class=\"elementor-widget-container\">\n\t\t\t\t\t<span id=\"375c76b5\"><\/span>\t\t\n\t\t<div class=\"hfe-page-title hfe-page-title-wrapper elementor-widget-heading\">\n\n\t\t\t\t\t\t\t\t\t\t\t<a href=\"https:\/\/agotrans-frankfurt.de\/en\">\n\t\t\t\t\t\t<h1 class=\"elementor-heading-title elementor-size-xxl\">\n\t\t\t\t\t\t\t\t\n\t\t\t\tInternational carrier  \n\t\t\t<\/h1> \n\t\t\t\t\t\t\t\t\t<\/a>\n\t\t\t\t\t<\/div>\n\t\t\t\t\t\t<\/div>\n\t\t\t\t<\/div>\n\t\t\t\t<div class=\"elementor-element elementor-element-12770680 elementor-widget-divider--view-line elementor-widget elementor-widget-divider\" data-id=\"12770680\" data-element_type=\"widget\" data-e-type=\"widget\" data-widget_type=\"divider.default\">\n\t\t\t\t<div class=\"elementor-widget-container\">\n\t\t\t\t\t<span id=\"12770680\"><\/span>\t\t<div class=\"elementor-divider\">\n\t\t\t<span class=\"elementor-divider-separator\">\n\t\t\t\t\t\t<\/span>\n\t\t<\/div>\n\t\t\t\t\t\t<\/div>\n\t\t\t\t<\/div>\n\t\t\t\t\t<\/div>\n\t\t<\/div>\n\t\t\t\t\t<\/div>\n\t\t<\/section>\n\t\t\t\t<section class=\"elementor-section elementor-top-section elementor-element elementor-element-198e4c96 elementor-section-boxed elementor-section-height-default elementor-section-height-default\" data-id=\"198e4c96\" data-element_type=\"section\" data-e-type=\"section\">\n\t\t\t\t\t\t<div class=\"elementor-container elementor-column-gap-default\">\n\t\t\t\t\t<div class=\"elementor-column elementor-col-100 elementor-top-column elementor-element elementor-element-351b5793 animated-fast elementor-invisible\" data-id=\"351b5793\" data-element_type=\"column\" data-e-type=\"column\" data-settings=\"{&quot;animation&quot;:&quot;fadeInUp&quot;}\">\n\t\t\t<div class=\"elementor-widget-wrap elementor-element-populated\">\n\t\t\t\t\t\t<div class=\"elementor-element elementor-element-459ad23b elementor-widget elementor-widget-spacer\" data-id=\"459ad23b\" data-element_type=\"widget\" data-e-type=\"widget\" data-widget_type=\"spacer.default\">\n\t\t\t\t<div class=\"elementor-widget-container\">\n\t\t\t\t\t<span id=\"459ad23b\"><\/span>\t\t<div class=\"elementor-spacer\">\n\t\t\t<div class=\"elementor-spacer-inner\"><\/div>\n\t\t<\/div>\n\t\t\t\t\t\t<\/div>\n\t\t\t\t<\/div>\n\t\t\t\t<div class=\"elementor-element elementor-element-30d85ab8 elementor-widget elementor-widget-text-editor\" data-id=\"30d85ab8\" data-element_type=\"widget\" data-e-type=\"widget\" data-widget_type=\"text-editor.default\">\n\t\t\t\t<div class=\"elementor-widget-container\">\n\t\t\t\t\t<span id=\"30d85ab8\"><\/span>\t\t\t\t<div class=\"nz-column-text nz-clearfix element-animate-false\" data-effect=\"none\" data-effect-speed=\"50\"><div id=\"text_highlighted\"><p><b>Agotrans Air Cargo GmbH &#8211; Internationale Spedition in Frankfurt<\/b><\/p><br \/><div><div class=\"preview\">Unsere\u00a0internationale\u00a0Spedition\u00a0Agotrans Air Cargo ist seit 1988 weltweit in mehr als 30 L\u00e4ndern erfolgreich t\u00e4tig. Wir arbeiten mit namhaften Fluggesellschaften und Reedereien zusammen und bieten Ihnen ma\u00dfgeschneiderte Komplettl\u00f6sungen.<br \/><br \/>Umzugsg\u00fcter im Raum\u00a0Frankfurt<br \/>Wir gew\u00e4hrleisten als\u00a0internationale\u00a0Spedition\u00a0Transportsicherheit f\u00fcr Ihre Umzugsg\u00fcter durch sorgf\u00e4ltige Verpackung, sicheres Verstauen w\u00e4hrend des Transports und p\u00fcnktliche Ankunft am Zielort. Auch sperrige G\u00fcter sind f\u00fcr uns kein Problem.<br \/><br \/>Special Delivery \u2013 Express Cargo<br \/>Die\u00a0internationale\u00a0Spedition\u00a0Agotrans Air Cargo in\u00a0Frankfurt\u00a0erledigt f\u00fcr Sie alle ben\u00f6tigten Transport- und auch Expressfahrten professionell mit allem, was dazugeh\u00f6rt.<br \/><br \/>Door-Door-Projekte<br \/>Sollten Sie die Verlagerung Ihres B\u00fcros oder Ihrer Produktionsst\u00e4tte planen, bieten wir Ihnen ein individuelles Komplettpaket f\u00fcr einen umfassenden und fachm\u00e4nnisch ausgef\u00fchrten Umzug von T\u00fcr zu T\u00fcr. Diese Auftr\u00e4ge erledigt unsere\u00a0internationale\u00a0Spedition\u00a0in\u00a0Frankfurt\u00a0zu Ihrer Zufriedenheit auch weltweit mit allen n\u00f6tigen Formalit\u00e4ten. Zeitnahe und sichere Ausf\u00fchrung Ihre Auftrags ist uns dabei ein Anliegen.<br \/><br \/>Privatversand<br \/>Nicht nur Gesch\u00e4ftskunden k\u00f6nnen von unserem umfangreichen Service profitieren. Wir transportieren Ihre kleinen und gro\u00dfen Umzugsg\u00fcter f\u00fcr Sie auf der Stra\u00dfe, auf der Schiene und auch mit Luft- und Seefracht.<br \/><br \/>Luft- und Seefracht<br \/>Fachgerechtes Vorgehen k\u00f6nnen Sie von uns auch erwarten bei allem, was wir f\u00fcr Sie per Luft- oder Seefracht von Ort zu Ort transportieren. Professionelle Koordination ist Voraussetzung f\u00fcr eine reibungslose Ausf\u00fchrung durch unsere\u00a0internationale\u00a0Spedition. Von\u00a0Frankfurt\u00a0aus werden Ihre Sendungen an ihre Zielorte in der Welt verschickt. Die\u00a0internationale\u00a0Metropole\u00a0Frankfurt\u00a0ist als europ\u00e4isches Zentrum ideal f\u00fcr die Luftfracht. Von hier aus werden s\u00e4mtliche Transporte koordiniert &#8211; auch diejenigen, die per Seefracht von den H\u00e4fen Hamburg, Bremerhaven, Rotterdam bzw. Antwerpen auf den Weg geschickt werden oder dort angelangen. Der Umschlag der Waren wird bequem f\u00fcr Sie vom Mittelpunkt\u00a0Frankfurt\u00a0aus erledigt.<br \/><br \/>Zoll-Service-ATLAS<br \/>Unsere\u00a0internationale\u00a0Spedition\u00a0ist direkt mit dem europ\u00e4ischen Zollsystem verbunden. Daher k\u00f6nnen Verzollungen und Abfertigungen mit geringem elektronischen Aufwand rasch und sicher ausgef\u00fchrt werden.<br \/>Das K\u00fcrzel ATLAS steht f\u00fcr &#8222;Automatisiertes Tarif- und Lokales Zollabwicklungssystem&#8220;. Wir stellen als\u00a0internationale\u00a0Spedition\u00a0in\u00a0Frankfurt\u00a0auf diese Weise eine korrekte Abwicklung sicher.<br \/><br \/>Unsere Anlieferadresse\u00a0Frankfurt-Flughafen macht es den Kunden unserer \u00fcberregional bekannten\u00a0Spedition\u00a0so einfach wie m\u00f6glich.<\/div><\/div><\/div><\/div>\t\t\t\t\t\t\t\t<\/div>\n\t\t\t\t<\/div>\n\t\t\t\t<div class=\"elementor-element elementor-element-18ffae01 elementor-widget elementor-widget-image\" data-id=\"18ffae01\" data-element_type=\"widget\" data-e-type=\"widget\" data-widget_type=\"image.default\">\n\t\t\t\t<div class=\"elementor-widget-container\">\n\t\t\t\t\t<span id=\"18ffae01\"><\/span>\t\t\t\t\t\t\t\t\t\t<img fetchpriority=\"high\" decoding=\"async\" width=\"768\" height=\"576\" src=\"https:\/\/agotrans-frankfurt.de\/wp-content\/uploads\/2021\/03\/IMG-20171005-WA0048_1507209501524-768x576.jpg\" class=\"attachment-medium_large size-medium_large wp-image-505\" alt=\"\" srcset=\"https:\/\/agotrans-frankfurt.de\/wp-content\/uploads\/2021\/03\/IMG-20171005-WA0048_1507209501524-768x576.jpg 768w, https:\/\/agotrans-frankfurt.de\/wp-content\/uploads\/2021\/03\/IMG-20171005-WA0048_1507209501524-300x225.jpg 300w, https:\/\/agotrans-frankfurt.de\/wp-content\/uploads\/2021\/03\/IMG-20171005-WA0048_1507209501524-1024x768.jpg 1024w, https:\/\/agotrans-frankfurt.de\/wp-content\/uploads\/2021\/03\/IMG-20171005-WA0048_1507209501524-16x12.jpg 16w, https:\/\/agotrans-frankfurt.de\/wp-content\/uploads\/2021\/03\/IMG-20171005-WA0048_1507209501524.jpg 1280w\" sizes=\"(max-width: 768px) 100vw, 768px\" \/>\t\t\t\t\t\t\t\t\t\t\t\t\t\t\t<\/div>\n\t\t\t\t<\/div>\n\t\t\t\t<div class=\"elementor-element elementor-element-444b0824 elementor-widget elementor-widget-spacer\" data-id=\"444b0824\" data-element_type=\"widget\" data-e-type=\"widget\" data-widget_type=\"spacer.default\">\n\t\t\t\t<div class=\"elementor-widget-container\">\n\t\t\t\t\t<span id=\"444b0824\"><\/span>\t\t<div class=\"elementor-spacer\">\n\t\t\t<div class=\"elementor-spacer-inner\"><\/div>\n\t\t<\/div>\n\t\t\t\t\t\t<\/div>\n\t\t\t\t<\/div>\n\t\t\t\t\t<\/div>\n\t\t<\/div>\n\t\t\t\t\t<\/div>\n\t\t<\/section>\n\t\t\t\t<\/div>","protected":false},"excerpt":{"rendered":"<p>Luftfracht Luftfracht Frankfurt Wenn Sie alle m\u00f6glichen Dinge zu verschicken haben, die unter den Begriff&nbsp;Luftfracht&nbsp;fallen, sollten Sie immer auf Nummer Sicher gehen und nur echte Profis beauftragen. Alles muss stimmen, von der Art, wie sorgf\u00e4ltig mit dem Gut umgegangen wird, bis zu Fragen der Versicherung, falls doch einmal ein Malheur passiert. Sie haben mit diesem [&hellip;]<\/p>\n","protected":false},"author":1,"featured_media":0,"parent":0,"menu_order":0,"comment_status":"closed","ping_status":"closed","template":"elementor_canvas","meta":{"_seopress_robots_primary_cat":"","_seopress_titles_title":"","_seopress_titles_desc":"","_seopress_robots_index":"","footnotes":""},"class_list":["post-579","page","type-page","status-publish","hentry"],"_links":{"self":[{"href":"https:\/\/agotrans-frankfurt.de\/en\/wp-json\/wp\/v2\/pages\/579","targetHints":{"allow":["GET"]}}],"collection":[{"href":"https:\/\/agotrans-frankfurt.de\/en\/wp-json\/wp\/v2\/pages"}],"about":[{"href":"https:\/\/agotrans-frankfurt.de\/en\/wp-json\/wp\/v2\/types\/page"}],"author":[{"embeddable":true,"href":"https:\/\/agotrans-frankfurt.de\/en\/wp-json\/wp\/v2\/users\/1"}],"replies":[{"embeddable":true,"href":"https:\/\/agotrans-frankfurt.de\/en\/wp-json\/wp\/v2\/comments?post=579"}],"version-history":[{"count":4,"href":"https:\/\/agotrans-frankfurt.de\/en\/wp-json\/wp\/v2\/pages\/579\/revisions"}],"predecessor-version":[{"id":583,"href":"https:\/\/agotrans-frankfurt.de\/en\/wp-json\/wp\/v2\/pages\/579\/revisions\/583"}],"wp:attachment":[{"href":"https:\/\/agotrans-frankfurt.de\/en\/wp-json\/wp\/v2\/media?parent=579"}],"curies":[{"name":"wp","href":"https:\/\/api.w.org\/{rel}","templated":true}]}}