{"id":562,"date":"2021-08-20T11:56:59","date_gmt":"2021-08-20T09:56:59","guid":{"rendered":"https:\/\/agotrans-frankfurt.de\/?page_id=562"},"modified":"2021-08-20T11:57:44","modified_gmt":"2021-08-20T09:57:44","slug":"luftfracht","status":"publish","type":"page","link":"https:\/\/agotrans-frankfurt.de\/en\/luftfracht\/","title":{"rendered":"Airfreight"},"content":{"rendered":"<div data-elementor-type=\"wp-page\" data-elementor-id=\"562\" class=\"elementor elementor-562\">\n\t\t\t\t\t\t<section class=\"elementor-section elementor-top-section elementor-element elementor-element-8fb2533 elementor-section-height-min-height elementor-section-boxed elementor-section-height-default elementor-section-items-middle\" data-id=\"8fb2533\" data-element_type=\"section\" data-e-type=\"section\" data-settings=\"{&quot;background_background&quot;:&quot;classic&quot;}\">\n\t\t\t\t\t\t\t<div class=\"elementor-background-overlay\"><\/div>\n\t\t\t\t\t\t\t<div class=\"elementor-container elementor-column-gap-default\">\n\t\t\t\t\t<div class=\"elementor-column elementor-col-100 elementor-top-column elementor-element elementor-element-2711bac\" data-id=\"2711bac\" data-element_type=\"column\" data-e-type=\"column\">\n\t\t\t<div class=\"elementor-widget-wrap elementor-element-populated\">\n\t\t\t\t\t\t<div class=\"elementor-element elementor-element-375c76b5 elementor-widget elementor-widget-page-title\" data-id=\"375c76b5\" data-element_type=\"widget\" data-e-type=\"widget\" data-settings=\"{&quot;align&quot;:&quot;center&quot;}\" data-widget_type=\"page-title.default\">\n\t\t\t\t<div class=\"elementor-widget-container\">\n\t\t\t\t\t<span id=\"375c76b5\"><\/span>\t\t\n\t\t<div class=\"hfe-page-title hfe-page-title-wrapper elementor-widget-heading\">\n\n\t\t\t\t\t\t\t\t\t\t\t<a href=\"https:\/\/agotrans-frankfurt.de\/en\">\n\t\t\t\t\t\t<h1 class=\"elementor-heading-title elementor-size-xxl\">\n\t\t\t\t\t\t\t\t\n\t\t\t\tAirfreight  \n\t\t\t<\/h1> \n\t\t\t\t\t\t\t\t\t<\/a>\n\t\t\t\t\t<\/div>\n\t\t\t\t\t\t<\/div>\n\t\t\t\t<\/div>\n\t\t\t\t<div class=\"elementor-element elementor-element-12770680 elementor-widget-divider--view-line elementor-widget elementor-widget-divider\" data-id=\"12770680\" data-element_type=\"widget\" data-e-type=\"widget\" data-widget_type=\"divider.default\">\n\t\t\t\t<div class=\"elementor-widget-container\">\n\t\t\t\t\t<span id=\"12770680\"><\/span>\t\t<div class=\"elementor-divider\">\n\t\t\t<span class=\"elementor-divider-separator\">\n\t\t\t\t\t\t<\/span>\n\t\t<\/div>\n\t\t\t\t\t\t<\/div>\n\t\t\t\t<\/div>\n\t\t\t\t\t<\/div>\n\t\t<\/div>\n\t\t\t\t\t<\/div>\n\t\t<\/section>\n\t\t\t\t<section class=\"elementor-section elementor-top-section elementor-element elementor-element-198e4c96 elementor-section-boxed elementor-section-height-default elementor-section-height-default\" data-id=\"198e4c96\" data-element_type=\"section\" data-e-type=\"section\">\n\t\t\t\t\t\t<div class=\"elementor-container elementor-column-gap-default\">\n\t\t\t\t\t<div class=\"elementor-column elementor-col-100 elementor-top-column elementor-element elementor-element-351b5793 animated-fast elementor-invisible\" data-id=\"351b5793\" data-element_type=\"column\" data-e-type=\"column\" data-settings=\"{&quot;animation&quot;:&quot;fadeInUp&quot;}\">\n\t\t\t<div class=\"elementor-widget-wrap elementor-element-populated\">\n\t\t\t\t\t\t<div class=\"elementor-element elementor-element-459ad23b elementor-widget elementor-widget-spacer\" data-id=\"459ad23b\" data-element_type=\"widget\" data-e-type=\"widget\" data-widget_type=\"spacer.default\">\n\t\t\t\t<div class=\"elementor-widget-container\">\n\t\t\t\t\t<span id=\"459ad23b\"><\/span>\t\t<div class=\"elementor-spacer\">\n\t\t\t<div class=\"elementor-spacer-inner\"><\/div>\n\t\t<\/div>\n\t\t\t\t\t\t<\/div>\n\t\t\t\t<\/div>\n\t\t\t\t<div class=\"elementor-element elementor-element-30d85ab8 elementor-widget elementor-widget-text-editor\" data-id=\"30d85ab8\" data-element_type=\"widget\" data-e-type=\"widget\" data-widget_type=\"text-editor.default\">\n\t\t\t\t<div class=\"elementor-widget-container\">\n\t\t\t\t\t<span id=\"30d85ab8\"><\/span>\t\t\t\t<div class=\"nz-column-text nz-clearfix element-animate-false\" data-effect=\"none\" data-effect-speed=\"50\"><p><b>Luftfracht Frankfurt<\/b><\/p><p>\u00a0<\/p><div><div class=\"preview\">Wenn Sie alle m\u00f6glichen Dinge zu verschicken haben, die unter den Begriff\u00a0Luftfracht\u00a0fallen, sollten Sie immer auf Nummer Sicher gehen und nur echte Profis beauftragen. Alles muss stimmen, von der Art, wie sorgf\u00e4ltig mit dem Gut umgegangen wird, bis zu Fragen der Versicherung, falls doch einmal ein Malheur passiert. Sie haben mit diesem Anbieter, der in\u00a0Frankfurt\u00a0ans\u00e4ssig ist, einen globalen Player, der seit 30 Jahren im Gesch\u00e4ft ist, und dies nicht ohne Grund. In diesem Gesch\u00e4ft setzen sich nur Firmen durch, die ihren Kunden eine gleichbleibend gute Qualit\u00e4t zusichern, die diese umfangreich beraten und betreuen. Vertrauen Sie Ihre Waren also dieser Firma an, denn egal, ob es sich um eine\u00a0Luftfracht\u00a0handelt oder Dinge \u00fcber die Autobahn ans Ziel gelangen, hier wird alles sinnvoll koordiniert und auf den Weg gebracht.<br \/><br \/>Frankfurt\u00a0ist nat\u00fcrlich eine Stadt, die f\u00fcr Europa als Mittelpunkt gilt. Von hier aus werden also alle Sendungen dirigiert und an die entferntesten Winkel der Welt transportiert. Dinge als\u00a0Luftfracht\u00a0zu versenden hat viele Vorteile. Noch am selben Tag sind sie beim Empf\u00e4nger, alles geht schnell und ohne Staus oder andere Unw\u00e4gbarkeiten vonstatten. Von\u00a0Frankfurt\u00a0aus in die Welt &#8211; das kann also eine Art &#8222;over Night&#8220; Geschehen sein bzw. sogar &#8222;same Day&#8220;. Nutzen Sie freie Kapazit\u00e4ten, fragen Sie an, egal wie gro\u00df oder klein Ihre\u00a0Luftfracht\u00a0auch sein mag. Dieser Anbieter, der in\u00a0Frankfurt\u00a0sein B\u00fcro unterh\u00e4lt, hat sich in Jahrzehnten ein gutes Netzwerk aufgebaut, das den Kunden viele Wege erm\u00f6glicht, ihre G\u00fcter zu versenden. Neben der\u00a0Luftfracht\u00a0werden auch Waren \u00fcber die Schienen oder Autobahnen an den Ort geschafft, an dem sie ben\u00f6tigt werden.\u00a0Frankfurt\u00a0ist eine Metropole, und das ist f\u00fcr die\u00a0Luftfracht\u00a0ideal. Einfach an Bord mit den Kartons, schon geht es ab\u00a0Frankfurt\u00a0in alle Welt. Suchen Sie nicht lange nach einem Anbieter, der Ihre\u00a0Luftfracht\u00a0sicher an den gew\u00fcnschten Ort bringt, w\u00e4hlen Sie gleich den Profi, mit Sitz in\u00a0Frankfurt, die Firma Agotrans.<\/div><\/div><\/div>\t\t\t\t\t\t\t\t<\/div>\n\t\t\t\t<\/div>\n\t\t\t\t<div class=\"elementor-element elementor-element-18ffae01 elementor-widget elementor-widget-image\" data-id=\"18ffae01\" data-element_type=\"widget\" data-e-type=\"widget\" data-widget_type=\"image.default\">\n\t\t\t\t<div class=\"elementor-widget-container\">\n\t\t\t\t\t<span id=\"18ffae01\"><\/span>\t\t\t\t\t\t\t\t\t\t<img fetchpriority=\"high\" decoding=\"async\" width=\"768\" height=\"576\" src=\"https:\/\/agotrans-frankfurt.de\/wp-content\/uploads\/2021\/03\/IMG-20171005-WA0048_1507209501524-768x576.jpg\" class=\"attachment-medium_large size-medium_large wp-image-505\" alt=\"\" srcset=\"https:\/\/agotrans-frankfurt.de\/wp-content\/uploads\/2021\/03\/IMG-20171005-WA0048_1507209501524-768x576.jpg 768w, https:\/\/agotrans-frankfurt.de\/wp-content\/uploads\/2021\/03\/IMG-20171005-WA0048_1507209501524-300x225.jpg 300w, https:\/\/agotrans-frankfurt.de\/wp-content\/uploads\/2021\/03\/IMG-20171005-WA0048_1507209501524-1024x768.jpg 1024w, https:\/\/agotrans-frankfurt.de\/wp-content\/uploads\/2021\/03\/IMG-20171005-WA0048_1507209501524-16x12.jpg 16w, https:\/\/agotrans-frankfurt.de\/wp-content\/uploads\/2021\/03\/IMG-20171005-WA0048_1507209501524.jpg 1280w\" sizes=\"(max-width: 768px) 100vw, 768px\" \/>\t\t\t\t\t\t\t\t\t\t\t\t\t\t\t<\/div>\n\t\t\t\t<\/div>\n\t\t\t\t<div class=\"elementor-element elementor-element-444b0824 elementor-widget elementor-widget-spacer\" data-id=\"444b0824\" data-element_type=\"widget\" data-e-type=\"widget\" data-widget_type=\"spacer.default\">\n\t\t\t\t<div class=\"elementor-widget-container\">\n\t\t\t\t\t<span id=\"444b0824\"><\/span>\t\t<div class=\"elementor-spacer\">\n\t\t\t<div class=\"elementor-spacer-inner\"><\/div>\n\t\t<\/div>\n\t\t\t\t\t\t<\/div>\n\t\t\t\t<\/div>\n\t\t\t\t\t<\/div>\n\t\t<\/div>\n\t\t\t\t\t<\/div>\n\t\t<\/section>\n\t\t\t\t<\/div>","protected":false},"excerpt":{"rendered":"<p>Luftfracht Luftfracht Frankfurt Wenn Sie alle m\u00f6glichen Dinge zu verschicken haben, die unter den Begriff&nbsp;Luftfracht&nbsp;fallen, sollten Sie immer auf Nummer Sicher gehen und nur echte Profis beauftragen. Alles muss stimmen, von der Art, wie sorgf\u00e4ltig mit dem Gut umgegangen wird, bis zu Fragen der Versicherung, falls doch einmal ein Malheur passiert. Sie haben mit diesem [&hellip;]<\/p>\n","protected":false},"author":1,"featured_media":0,"parent":0,"menu_order":0,"comment_status":"closed","ping_status":"closed","template":"elementor_canvas","meta":{"_seopress_robots_primary_cat":"","_seopress_titles_title":"","_seopress_titles_desc":"","_seopress_robots_index":"","footnotes":""},"class_list":["post-562","page","type-page","status-publish","hentry"],"_links":{"self":[{"href":"https:\/\/agotrans-frankfurt.de\/en\/wp-json\/wp\/v2\/pages\/562","targetHints":{"allow":["GET"]}}],"collection":[{"href":"https:\/\/agotrans-frankfurt.de\/en\/wp-json\/wp\/v2\/pages"}],"about":[{"href":"https:\/\/agotrans-frankfurt.de\/en\/wp-json\/wp\/v2\/types\/page"}],"author":[{"embeddable":true,"href":"https:\/\/agotrans-frankfurt.de\/en\/wp-json\/wp\/v2\/users\/1"}],"replies":[{"embeddable":true,"href":"https:\/\/agotrans-frankfurt.de\/en\/wp-json\/wp\/v2\/comments?post=562"}],"version-history":[{"count":5,"href":"https:\/\/agotrans-frankfurt.de\/en\/wp-json\/wp\/v2\/pages\/562\/revisions"}],"predecessor-version":[{"id":567,"href":"https:\/\/agotrans-frankfurt.de\/en\/wp-json\/wp\/v2\/pages\/562\/revisions\/567"}],"wp:attachment":[{"href":"https:\/\/agotrans-frankfurt.de\/en\/wp-json\/wp\/v2\/media?parent=562"}],"curies":[{"name":"wp","href":"https:\/\/api.w.org\/{rel}","templated":true}]}}