{"id":547,"date":"2021-06-25T08:48:21","date_gmt":"2021-06-25T06:48:21","guid":{"rendered":"https:\/\/agotrans-frankfurt.de\/?page_id=547"},"modified":"2021-06-25T08:49:10","modified_gmt":"2021-06-25T06:49:10","slug":"seefracht","status":"publish","type":"page","link":"https:\/\/agotrans-frankfurt.de\/en\/seefracht\/","title":{"rendered":"Seafreight"},"content":{"rendered":"<div data-elementor-type=\"wp-page\" data-elementor-id=\"547\" class=\"elementor elementor-547\">\n\t\t\t\t\t\t<section class=\"elementor-section elementor-top-section elementor-element elementor-element-35919472 elementor-section-height-min-height elementor-section-boxed elementor-section-height-default elementor-section-items-middle\" data-id=\"35919472\" data-element_type=\"section\" data-e-type=\"section\" data-settings=\"{&quot;background_background&quot;:&quot;classic&quot;}\">\n\t\t\t\t\t\t\t<div class=\"elementor-background-overlay\"><\/div>\n\t\t\t\t\t\t\t<div class=\"elementor-container elementor-column-gap-default\">\n\t\t\t\t\t<div class=\"elementor-column elementor-col-100 elementor-top-column elementor-element elementor-element-64ca5886\" data-id=\"64ca5886\" data-element_type=\"column\" data-e-type=\"column\">\n\t\t\t<div class=\"elementor-widget-wrap elementor-element-populated\">\n\t\t\t\t\t\t<div class=\"elementor-element elementor-element-6af9a550 elementor-widget elementor-widget-page-title\" data-id=\"6af9a550\" data-element_type=\"widget\" data-e-type=\"widget\" data-settings=\"{&quot;align&quot;:&quot;center&quot;}\" data-widget_type=\"page-title.default\">\n\t\t\t\t<div class=\"elementor-widget-container\">\n\t\t\t\t\t<span id=\"6af9a550\"><\/span>\t\t\n\t\t<div class=\"hfe-page-title hfe-page-title-wrapper elementor-widget-heading\">\n\n\t\t\t\t\t\t\t\t\t\t\t<a href=\"https:\/\/agotrans-frankfurt.de\/en\">\n\t\t\t\t\t\t<h1 class=\"elementor-heading-title elementor-size-xxl\">\n\t\t\t\t\t\t\t\t\n\t\t\t\tSeafreight  \n\t\t\t<\/h1> \n\t\t\t\t\t\t\t\t\t<\/a>\n\t\t\t\t\t<\/div>\n\t\t\t\t\t\t<\/div>\n\t\t\t\t<\/div>\n\t\t\t\t<div class=\"elementor-element elementor-element-766bbca4 elementor-widget-divider--view-line elementor-widget elementor-widget-divider\" data-id=\"766bbca4\" data-element_type=\"widget\" data-e-type=\"widget\" data-widget_type=\"divider.default\">\n\t\t\t\t<div class=\"elementor-widget-container\">\n\t\t\t\t\t<span id=\"766bbca4\"><\/span>\t\t<div class=\"elementor-divider\">\n\t\t\t<span class=\"elementor-divider-separator\">\n\t\t\t\t\t\t<\/span>\n\t\t<\/div>\n\t\t\t\t\t\t<\/div>\n\t\t\t\t<\/div>\n\t\t\t\t\t<\/div>\n\t\t<\/div>\n\t\t\t\t\t<\/div>\n\t\t<\/section>\n\t\t\t\t<section class=\"elementor-section elementor-top-section elementor-element elementor-element-46c06255 elementor-section-boxed elementor-section-height-default elementor-section-height-default\" data-id=\"46c06255\" data-element_type=\"section\" data-e-type=\"section\">\n\t\t\t\t\t\t<div class=\"elementor-container elementor-column-gap-default\">\n\t\t\t\t\t<div class=\"elementor-column elementor-col-100 elementor-top-column elementor-element elementor-element-654671e4 animated-fast elementor-invisible\" data-id=\"654671e4\" data-element_type=\"column\" data-e-type=\"column\" data-settings=\"{&quot;animation&quot;:&quot;fadeInUp&quot;}\">\n\t\t\t<div class=\"elementor-widget-wrap elementor-element-populated\">\n\t\t\t\t\t\t<div class=\"elementor-element elementor-element-449ae9cd elementor-widget elementor-widget-spacer\" data-id=\"449ae9cd\" data-element_type=\"widget\" data-e-type=\"widget\" data-widget_type=\"spacer.default\">\n\t\t\t\t<div class=\"elementor-widget-container\">\n\t\t\t\t\t<span id=\"449ae9cd\"><\/span>\t\t<div class=\"elementor-spacer\">\n\t\t\t<div class=\"elementor-spacer-inner\"><\/div>\n\t\t<\/div>\n\t\t\t\t\t\t<\/div>\n\t\t\t\t<\/div>\n\t\t\t\t<div class=\"elementor-element elementor-element-f88f671 elementor-widget elementor-widget-text-editor\" data-id=\"f88f671\" data-element_type=\"widget\" data-e-type=\"widget\" data-widget_type=\"text-editor.default\">\n\t\t\t\t<div class=\"elementor-widget-container\">\n\t\t\t\t\t<span id=\"f88f671\"><\/span>\t\t\t\t<div class=\"nz-column-text nz-clearfix element-animate-false\" data-effect=\"none\" data-effect-speed=\"50\"><p><b>Seefracht Frankfurt<\/b><\/p><p>\u00a0<\/p><div><div class=\"preview\">Unter\u00a0Seefracht\u00a0versteht man sehr viele unterschiedliche Arten von Transporten zur See; so k\u00f6nnen Sie, selbst wenn es nur um kleine Margen geht, diesen Service nutzen. In\u00a0Frankfurt\u00a0werden alle Transporte koordiniert, so dass sich Ihr Ansprechpartner dort befindet. Wenden Sie sich an den Experten f\u00fcr Logistik; es geht hier um ein Welt-umspannendes Netzwerk von Anbietern und Partnern, die sich zusammen geschlossen haben, um den Kunden auf schnellem Wege Transporte aller Arten zu erm\u00f6glichen.<br \/><br \/>Vielleicht wollen Sie etwas per Sammelverkehr verschicken lassen oder einen Platz auf einem Container f\u00fcr bestimmte Waren buchen. Sie k\u00f6nnen auf eine Vielfalt von Schiffen verschiedener Gr\u00f6\u00dfen vertrauen. Die Ware gelangt als\u00a0Seefracht\u00a0auf den Weg und verl\u00e4sst die H\u00e4fen von Hamburg, Bremerhaven und Rotterdam bzw. Antwerpen. Ihre\u00a0Seefracht\u00a0ist in guten, bew\u00e4hrten H\u00e4nden, und so k\u00f6nnen Sie Dinge sowohl importieren als auch exportieren lassen. Das Hauptquartier ist in\u00a0Frankfurt. Es ist so etwas wie die Schaltstelle f\u00fcr den Umschlag bzw. die Bef\u00f6rderung der Waren, die unsere Kunden auf den Weg gebracht haben m\u00f6chten.<br \/><br \/>Unter\u00a0Seefracht\u00a0werden verschiedene Warenarten verstanden. Sie werden entsprechend ihrer Art, wie zum Beispiel Kunstgegenst\u00e4nde, Lebensmittel, technische Ger\u00e4te etc., in\u00a0Frankfurt\u00a0registriert und es wird genau verfolgt, wo Ihre Ware sich jeweils befindet. Egal, was Sie transportieren lassen wollen, auch Sperrgut in \u00dcbergr\u00f6\u00dfen, Ihre\u00a0Seefracht\u00a0ist immer in guten H\u00e4nden. Seit etlichen Jahren ist es die Aufgabe des B\u00fcros in\u00a0Frankfurt, den Kunden die besten Konditionen zu bieten und sie auch zu beraten. Welche G\u00fcter sollte man wie verschicken, wann ist eine\u00a0Seefracht\u00a0der Luftfracht vorzuziehen, wie sehen die Zollbestimmungen aus, was m\u00fcssen Sie als Kunde beachten? Fakt ist aber, dass Sie es als Kunde leicht haben sollen, wenn Ihre Fracht auf die Reise geht, zur See oder per Flugzeug. Wenn Sie die Begriffe\u00a0Frankfurt\u00a0und\u00a0Seefracht\u00a0bisher noch nicht verbinden konnten, kann sich das jetzt \u00e4ndern.\u00a0Frankfurt\u00a0ist so etwas wie der Mittelpunkt f\u00fcr den Warenumschlag. Ihr Partner wartet in\u00a0Frankfurt!<\/div><\/div><\/div>\t\t\t\t\t\t\t\t<\/div>\n\t\t\t\t<\/div>\n\t\t\t\t<div class=\"elementor-element elementor-element-4a2cd44a elementor-widget elementor-widget-image\" data-id=\"4a2cd44a\" data-element_type=\"widget\" data-e-type=\"widget\" data-widget_type=\"image.default\">\n\t\t\t\t<div class=\"elementor-widget-container\">\n\t\t\t\t\t<span id=\"4a2cd44a\"><\/span>\t\t\t\t\t\t\t\t\t\t<img fetchpriority=\"high\" decoding=\"async\" width=\"768\" height=\"512\" src=\"https:\/\/agotrans-frankfurt.de\/wp-content\/uploads\/2021\/03\/10536430_M-1-768x512.jpg\" class=\"attachment-medium_large size-medium_large wp-image-428\" alt=\"\" srcset=\"https:\/\/agotrans-frankfurt.de\/wp-content\/uploads\/2021\/03\/10536430_M-1-768x512.jpg 768w, https:\/\/agotrans-frankfurt.de\/wp-content\/uploads\/2021\/03\/10536430_M-1-300x200.jpg 300w, https:\/\/agotrans-frankfurt.de\/wp-content\/uploads\/2021\/03\/10536430_M-1-16x12.jpg 16w, https:\/\/agotrans-frankfurt.de\/wp-content\/uploads\/2021\/03\/10536430_M-1.jpg 848w\" sizes=\"(max-width: 768px) 100vw, 768px\" \/>\t\t\t\t\t\t\t\t\t\t\t\t\t\t\t<\/div>\n\t\t\t\t<\/div>\n\t\t\t\t<div class=\"elementor-element elementor-element-27fc86ac elementor-widget elementor-widget-spacer\" data-id=\"27fc86ac\" data-element_type=\"widget\" data-e-type=\"widget\" data-widget_type=\"spacer.default\">\n\t\t\t\t<div class=\"elementor-widget-container\">\n\t\t\t\t\t<span id=\"27fc86ac\"><\/span>\t\t<div class=\"elementor-spacer\">\n\t\t\t<div class=\"elementor-spacer-inner\"><\/div>\n\t\t<\/div>\n\t\t\t\t\t\t<\/div>\n\t\t\t\t<\/div>\n\t\t\t\t\t<\/div>\n\t\t<\/div>\n\t\t\t\t\t<\/div>\n\t\t<\/section>\n\t\t\t\t<\/div>","protected":false},"excerpt":{"rendered":"<p>Seefracht Seefracht Frankfurt Unter&nbsp;Seefracht&nbsp;versteht man sehr viele unterschiedliche Arten von Transporten zur See; so k\u00f6nnen Sie, selbst wenn es nur um kleine Margen geht, diesen Service nutzen. In&nbsp;Frankfurt&nbsp;werden alle Transporte koordiniert, so dass sich Ihr Ansprechpartner dort befindet. Wenden Sie sich an den Experten f\u00fcr Logistik; es geht hier um ein Welt-umspannendes Netzwerk von Anbietern [&hellip;]<\/p>\n","protected":false},"author":1,"featured_media":0,"parent":0,"menu_order":0,"comment_status":"closed","ping_status":"closed","template":"elementor_canvas","meta":{"_seopress_robots_primary_cat":"","_seopress_titles_title":"","_seopress_titles_desc":"","_seopress_robots_index":"","footnotes":""},"class_list":["post-547","page","type-page","status-publish","hentry"],"_links":{"self":[{"href":"https:\/\/agotrans-frankfurt.de\/en\/wp-json\/wp\/v2\/pages\/547","targetHints":{"allow":["GET"]}}],"collection":[{"href":"https:\/\/agotrans-frankfurt.de\/en\/wp-json\/wp\/v2\/pages"}],"about":[{"href":"https:\/\/agotrans-frankfurt.de\/en\/wp-json\/wp\/v2\/types\/page"}],"author":[{"embeddable":true,"href":"https:\/\/agotrans-frankfurt.de\/en\/wp-json\/wp\/v2\/users\/1"}],"replies":[{"embeddable":true,"href":"https:\/\/agotrans-frankfurt.de\/en\/wp-json\/wp\/v2\/comments?post=547"}],"version-history":[{"count":5,"href":"https:\/\/agotrans-frankfurt.de\/en\/wp-json\/wp\/v2\/pages\/547\/revisions"}],"predecessor-version":[{"id":552,"href":"https:\/\/agotrans-frankfurt.de\/en\/wp-json\/wp\/v2\/pages\/547\/revisions\/552"}],"wp:attachment":[{"href":"https:\/\/agotrans-frankfurt.de\/en\/wp-json\/wp\/v2\/media?parent=547"}],"curies":[{"name":"wp","href":"https:\/\/api.w.org\/{rel}","templated":true}]}}