{"id":21,"date":"2021-02-28T11:41:10","date_gmt":"2021-02-28T10:41:10","guid":{"rendered":"https:\/\/agotrans.osa-essen.de\/zoll-service-atlas\/"},"modified":"2021-05-28T10:10:22","modified_gmt":"2021-05-28T08:10:22","slug":"zoll-service-atlas","status":"publish","type":"page","link":"https:\/\/agotrans-frankfurt.de\/en\/zoll-service-atlas\/","title":{"rendered":"Electronic customs services"},"content":{"rendered":"<div data-elementor-type=\"wp-page\" data-elementor-id=\"21\" class=\"elementor elementor-21\">\n\t\t\t\t\t\t<section class=\"elementor-section elementor-top-section elementor-element elementor-element-2f5332ae elementor-section-height-min-height elementor-section-boxed elementor-section-height-default elementor-section-items-middle\" data-id=\"2f5332ae\" data-element_type=\"section\" data-e-type=\"section\" data-settings=\"{&quot;background_background&quot;:&quot;classic&quot;}\">\n\t\t\t\t\t\t\t<div class=\"elementor-background-overlay\"><\/div>\n\t\t\t\t\t\t\t<div class=\"elementor-container elementor-column-gap-default\">\n\t\t\t\t\t<div class=\"elementor-column elementor-col-100 elementor-top-column elementor-element elementor-element-717dabcf\" data-id=\"717dabcf\" data-element_type=\"column\" data-e-type=\"column\">\n\t\t\t<div class=\"elementor-widget-wrap elementor-element-populated\">\n\t\t\t\t\t\t<div class=\"elementor-element elementor-element-5d6ea9ba elementor-widget elementor-widget-heading\" data-id=\"5d6ea9ba\" data-element_type=\"widget\" data-e-type=\"widget\" data-widget_type=\"heading.default\">\n\t\t\t\t<div class=\"elementor-widget-container\">\n\t\t\t\t\t<span id=\"5d6ea9ba\"><\/span><h1 class=\"elementor-heading-title elementor-size-xxl\">Electronic customs services<\/h1>\t\t\t\t<\/div>\n\t\t\t\t<\/div>\n\t\t\t\t<div class=\"elementor-element elementor-element-71038cdd elementor-widget-divider--view-line elementor-widget elementor-widget-divider\" data-id=\"71038cdd\" data-element_type=\"widget\" data-e-type=\"widget\" data-widget_type=\"divider.default\">\n\t\t\t\t<div class=\"elementor-widget-container\">\n\t\t\t\t\t<span id=\"71038cdd\"><\/span>\t\t<div class=\"elementor-divider\">\n\t\t\t<span class=\"elementor-divider-separator\">\n\t\t\t\t\t\t<\/span>\n\t\t<\/div>\n\t\t\t\t\t\t<\/div>\n\t\t\t\t<\/div>\n\t\t\t\t\t<\/div>\n\t\t<\/div>\n\t\t\t\t\t<\/div>\n\t\t<\/section>\n\t\t\t\t<section class=\"elementor-section elementor-top-section elementor-element elementor-element-1e5435d5 elementor-section-boxed elementor-section-height-default elementor-section-height-default\" data-id=\"1e5435d5\" data-element_type=\"section\" data-e-type=\"section\">\n\t\t\t\t\t\t<div class=\"elementor-container elementor-column-gap-default\">\n\t\t\t\t\t<div class=\"elementor-column elementor-col-100 elementor-top-column elementor-element elementor-element-1ff72bdf animated-fast elementor-invisible\" data-id=\"1ff72bdf\" data-element_type=\"column\" data-e-type=\"column\" data-settings=\"{&quot;animation&quot;:&quot;fadeInUp&quot;}\">\n\t\t\t<div class=\"elementor-widget-wrap elementor-element-populated\">\n\t\t\t\t\t\t<div class=\"elementor-element elementor-element-5e3598c0 elementor-widget elementor-widget-spacer\" data-id=\"5e3598c0\" data-element_type=\"widget\" data-e-type=\"widget\" data-widget_type=\"spacer.default\">\n\t\t\t\t<div class=\"elementor-widget-container\">\n\t\t\t\t\t<span id=\"5e3598c0\"><\/span>\t\t<div class=\"elementor-spacer\">\n\t\t\t<div class=\"elementor-spacer-inner\"><\/div>\n\t\t<\/div>\n\t\t\t\t\t\t<\/div>\n\t\t\t\t<\/div>\n\t\t\t\t<div class=\"elementor-element elementor-element-4602569b elementor-widget elementor-widget-text-editor\" data-id=\"4602569b\" data-element_type=\"widget\" data-e-type=\"widget\" data-widget_type=\"text-editor.default\">\n\t\t\t\t<div class=\"elementor-widget-container\">\n\t\t\t\t\t<span id=\"4602569b\"><\/span>\t\t\t\t<div class=\"nz-column-text nz-clearfix  element-animate-false\" data-effect=\"none\" data-effect-speed=\"50\">We are directly connected to the electronic (government) customs system ECS and are able to arrange import customs clearance, as well ending export customs docs, within a few mouse clicks.<\/div><div class=\"vc_empty_space\">\u00a0<\/div><div class=\"vc_row wpb_row vc_inner vc_row-fluid\"><div class=\"wpb_column vc_column_container vc_col-sm-8\"><div class=\"vc_column-inner\"><div class=\"wpb_wrapper\"><div class=\"nz-column-text nz-clearfix  element-animate-false\" data-effect=\"none\" data-effect-speed=\"50\">So k\u00f6nnen wir in Minuten Ihre Importverzollungen durchf\u00fchren sowie umgekehrt die Ausfuhrabfertigung in wenigen elektronischen Schritten erledigen.<\/div><\/div><\/div><\/div><\/div>\t\t\t\t\t\t\t\t<\/div>\n\t\t\t\t<\/div>\n\t\t\t\t<div class=\"elementor-element elementor-element-be73533 elementor-widget elementor-widget-image\" data-id=\"be73533\" data-element_type=\"widget\" data-e-type=\"widget\" data-widget_type=\"image.default\">\n\t\t\t\t<div class=\"elementor-widget-container\">\n\t\t\t\t\t<span id=\"be73533\"><\/span>\t\t\t\t\t\t\t\t\t\t<img fetchpriority=\"high\" decoding=\"async\" width=\"300\" height=\"300\" src=\"https:\/\/agotrans-frankfurt.de\/wp-content\/uploads\/2021\/03\/zollservice-300x300-1.jpg\" class=\"attachment-large size-large wp-image-396\" alt=\"\" srcset=\"https:\/\/agotrans-frankfurt.de\/wp-content\/uploads\/2021\/03\/zollservice-300x300-1.jpg 300w, https:\/\/agotrans-frankfurt.de\/wp-content\/uploads\/2021\/03\/zollservice-300x300-1-150x150.jpg 150w, https:\/\/agotrans-frankfurt.de\/wp-content\/uploads\/2021\/03\/zollservice-300x300-1-12x12.jpg 12w\" sizes=\"(max-width: 300px) 100vw, 300px\" \/>\t\t\t\t\t\t\t\t\t\t\t\t\t\t\t<\/div>\n\t\t\t\t<\/div>\n\t\t\t\t<div class=\"elementor-element elementor-element-189bca8f elementor-widget elementor-widget-spacer\" data-id=\"189bca8f\" data-element_type=\"widget\" data-e-type=\"widget\" data-widget_type=\"spacer.default\">\n\t\t\t\t<div class=\"elementor-widget-container\">\n\t\t\t\t\t<span id=\"189bca8f\"><\/span>\t\t<div class=\"elementor-spacer\">\n\t\t\t<div class=\"elementor-spacer-inner\"><\/div>\n\t\t<\/div>\n\t\t\t\t\t\t<\/div>\n\t\t\t\t<\/div>\n\t\t\t\t<div class=\"elementor-element elementor-element-b605b71 elementor-widget elementor-widget-text-editor\" data-id=\"b605b71\" data-element_type=\"widget\" data-e-type=\"widget\" data-widget_type=\"text-editor.default\">\n\t\t\t\t<div class=\"elementor-widget-container\">\n\t\t\t\t\t<span id=\"b605b71\"><\/span>\t\t\t\t<div class=\"nz-column-text nz-clearfix element-animate-false\" data-effect=\"none\" data-effect-speed=\"50\"><div id=\"text_highlighted\"><p><b>Zoll-Service-Atlas Frankfurt<\/b><\/p><br \/><div><div class=\"preview\">Zuverl\u00e4ssiger\u00a0Zoll-Service-ATLAS\u00a0in\u00a0Frankfurt\u00a0f\u00fcr Ein- und Ausfuhren<br \/><br \/>Mit dem IT-Verfahren ATLAS gibt es innerhalb der EU ein praktisches Instrument, um Einfuhren aus Drittl\u00e4ndern sowie Ausfuhren in Nicht-EU-Staaten effizient anzumelden. Die Abk\u00fcrzung ATLAS steht f\u00fcr Automatisiertes Tarif- und Lokales Zollabwicklungssystem, die rechtliche Grundlage findet sich im Zollunionskodex. Als etablierte Zollagentur in\u00a0Frankfurt\u00a0ist der\u00a0Zoll-Service-ATLAS\u00a0integraler Bestandteil unseres umfassenden Angebots. Wir k\u00fcmmern uns professionell um s\u00e4mtliche Warenanmeldungen bei der zust\u00e4ndigen Zollstelle und entlasten Sie damit erheblich!<br \/><br \/>Zoll-Service-ATLAS\u00a0in\u00a0Frankfurt: Das leisten wir<br \/><br \/>Unsere Experten erledigen alle Aufgaben, die beim Import und Export aus Drittl\u00e4ndern oder in Drittl\u00e4nder anfallen. Mit dem\u00a0Zoll-Service-ATLAS\u00a0in\u00a0Frankfurt\u00a0stellen wir sicher, dass alle Ihre Waren ordnungsgem\u00e4\u00df beim Zoll gemeldet sind. Das garantiert einen reibungslosen Ablauf, Sie meiden jegliche Verz\u00f6gerungen. Je nach Produktart und Umfang Ihrer Sendungen w\u00e4hlen wir das jeweils geeignete Zollverfahren wie die summarische Zollanmeldung. Unsere erfahrenen Mitarbeiter in\u00a0Frankfurt\u00a0stellen bei unserem\u00a0Zoll-Service-ATLAS\u00a0die Einhaltung s\u00e4mtlicher rechtlicher Vorschriften sicher. Das IT-Verfahren ATLAS gew\u00e4hrleistet zugleich eine schnelle und damit kosteng\u00fcnstige Datenerfassung sowie -\u00fcbermittlung. Wenn Sie diese Herausforderung an uns in\u00a0Frankfurt\u00a0auslagern, m\u00fcssen Sie die notwendige Software nicht selbst anschaffen. Sie m\u00fcssen auch Ihre Angestellten nicht entsprechend schulen. Mit dem Outsourcing der Zollabwicklung an unsere etablierte Zollagentur reduzieren Sie Ihren Aufwand deutlich!<br \/><br \/>Zollabwicklung und Co.: Buchen Sie bei uns Ihr individuelles Leistungspaket!<br \/><br \/>Als \u00fcberregional bekannter Spediteur und Zolldienstleister bieten wir Ihnen attraktive Komplettpakete. Mit unserem breiten Netzwerk an Zollagenten organisieren wir f\u00fcr Sie auch die Zollabwicklung in den entsprechenden Einfuhr- und Ausfuhrl\u00e4ndern au\u00dferhalb der EU. Bei einer Luftfracht sorgen wir uns um den Frachtraum f\u00fcr Ihre Waren &#8211; wir arbeiten seit vielen Jahren mit allen relevanten Fluggesellschaften zusammen. Sie haben Fragen zu unserem\u00a0Zoll-Service-ATLAS\u00a0oder zu unseren weiteren Leistungen? Dann kontaktieren Sie unseren kompetenten Kundenservice in\u00a0Frankfurt!<\/div><\/div><\/div><\/div>\t\t\t\t\t\t\t\t<\/div>\n\t\t\t\t<\/div>\n\t\t\t\t\t<\/div>\n\t\t<\/div>\n\t\t\t\t\t<\/div>\n\t\t<\/section>\n\t\t\t\t<\/div>","protected":false},"excerpt":{"rendered":"<p>Zoll-Service-Atlas Unser Speditionssystem ist direkt mit dem europ\u00e4ischen Zollsystem verbunden.\u00a0So k\u00f6nnen wir in Minuten Ihre Importverzollungen durchf\u00fchren sowie umgekehrt die Ausfuhrabfertigung in wenigen elektronischen Schritten erledigen. Zoll-Service-Atlas Frankfurt Zuverl\u00e4ssiger\u00a0Zoll-Service-ATLAS\u00a0in\u00a0Frankfurt\u00a0f\u00fcr Ein- und Ausfuhren Mit dem IT-Verfahren ATLAS gibt es innerhalb der EU ein praktisches Instrument, um Einfuhren aus Drittl\u00e4ndern sowie Ausfuhren in Nicht-EU-Staaten effizient anzumelden. Die [&hellip;]<\/p>\n","protected":false},"author":1,"featured_media":0,"parent":0,"menu_order":0,"comment_status":"closed","ping_status":"closed","template":"elementor_canvas","meta":{"_seopress_robots_primary_cat":"","_seopress_titles_title":"","_seopress_titles_desc":"","_seopress_robots_index":"","footnotes":""},"class_list":["post-21","page","type-page","status-publish","hentry"],"_links":{"self":[{"href":"https:\/\/agotrans-frankfurt.de\/en\/wp-json\/wp\/v2\/pages\/21","targetHints":{"allow":["GET"]}}],"collection":[{"href":"https:\/\/agotrans-frankfurt.de\/en\/wp-json\/wp\/v2\/pages"}],"about":[{"href":"https:\/\/agotrans-frankfurt.de\/en\/wp-json\/wp\/v2\/types\/page"}],"author":[{"embeddable":true,"href":"https:\/\/agotrans-frankfurt.de\/en\/wp-json\/wp\/v2\/users\/1"}],"replies":[{"embeddable":true,"href":"https:\/\/agotrans-frankfurt.de\/en\/wp-json\/wp\/v2\/comments?post=21"}],"version-history":[{"count":7,"href":"https:\/\/agotrans-frankfurt.de\/en\/wp-json\/wp\/v2\/pages\/21\/revisions"}],"predecessor-version":[{"id":545,"href":"https:\/\/agotrans-frankfurt.de\/en\/wp-json\/wp\/v2\/pages\/21\/revisions\/545"}],"wp:attachment":[{"href":"https:\/\/agotrans-frankfurt.de\/en\/wp-json\/wp\/v2\/media?parent=21"}],"curies":[{"name":"wp","href":"https:\/\/api.w.org\/{rel}","templated":true}]}}