{"id":17,"date":"2021-02-28T11:41:10","date_gmt":"2021-02-28T10:41:10","guid":{"rendered":"https:\/\/agotrans.osa-essen.de\/luftfracht-export\/"},"modified":"2021-10-28T10:10:59","modified_gmt":"2021-10-28T08:10:59","slug":"luftfracht-export","status":"publish","type":"page","link":"https:\/\/agotrans-frankfurt.de\/en\/luftfracht-export\/","title":{"rendered":"Airfreight export"},"content":{"rendered":"<div data-elementor-type=\"wp-page\" data-elementor-id=\"17\" class=\"elementor elementor-17\">\n\t\t\t\t\t\t<section class=\"elementor-section elementor-top-section elementor-element elementor-element-8fb2533 elementor-section-height-min-height elementor-section-boxed elementor-section-height-default elementor-section-items-middle\" data-id=\"8fb2533\" data-element_type=\"section\" data-e-type=\"section\" data-settings=\"{&quot;background_background&quot;:&quot;classic&quot;}\">\n\t\t\t\t\t\t\t<div class=\"elementor-background-overlay\"><\/div>\n\t\t\t\t\t\t\t<div class=\"elementor-container elementor-column-gap-default\">\n\t\t\t\t\t<div class=\"elementor-column elementor-col-100 elementor-top-column elementor-element elementor-element-2711bac\" data-id=\"2711bac\" data-element_type=\"column\" data-e-type=\"column\">\n\t\t\t<div class=\"elementor-widget-wrap elementor-element-populated\">\n\t\t\t\t\t\t<div class=\"elementor-element elementor-element-375c76b5 elementor-widget elementor-widget-page-title\" data-id=\"375c76b5\" data-element_type=\"widget\" data-e-type=\"widget\" data-settings=\"{&quot;align&quot;:&quot;center&quot;}\" data-widget_type=\"page-title.default\">\n\t\t\t\t<div class=\"elementor-widget-container\">\n\t\t\t\t\t<span id=\"375c76b5\"><\/span>\t\t\n\t\t<div class=\"hfe-page-title hfe-page-title-wrapper elementor-widget-heading\">\n\n\t\t\t\t\t\t\t\t\t\t\t<a href=\"https:\/\/agotrans-frankfurt.de\/en\">\n\t\t\t\t\t\t<h1 class=\"elementor-heading-title elementor-size-xxl\">\n\t\t\t\t\t\t\t\t\n\t\t\t\tAirfreight export  \n\t\t\t<\/h1> \n\t\t\t\t\t\t\t\t\t<\/a>\n\t\t\t\t\t<\/div>\n\t\t\t\t\t\t<\/div>\n\t\t\t\t<\/div>\n\t\t\t\t<div class=\"elementor-element elementor-element-12770680 elementor-widget-divider--view-line elementor-widget elementor-widget-divider\" data-id=\"12770680\" data-element_type=\"widget\" data-e-type=\"widget\" data-widget_type=\"divider.default\">\n\t\t\t\t<div class=\"elementor-widget-container\">\n\t\t\t\t\t<span id=\"12770680\"><\/span>\t\t<div class=\"elementor-divider\">\n\t\t\t<span class=\"elementor-divider-separator\">\n\t\t\t\t\t\t<\/span>\n\t\t<\/div>\n\t\t\t\t\t\t<\/div>\n\t\t\t\t<\/div>\n\t\t\t\t\t<\/div>\n\t\t<\/div>\n\t\t\t\t\t<\/div>\n\t\t<\/section>\n\t\t\t\t<section class=\"elementor-section elementor-top-section elementor-element elementor-element-198e4c96 elementor-section-boxed elementor-section-height-default elementor-section-height-default\" data-id=\"198e4c96\" data-element_type=\"section\" data-e-type=\"section\">\n\t\t\t\t\t\t<div class=\"elementor-container elementor-column-gap-default\">\n\t\t\t\t\t<div class=\"elementor-column elementor-col-100 elementor-top-column elementor-element elementor-element-351b5793 animated-fast elementor-invisible\" data-id=\"351b5793\" data-element_type=\"column\" data-e-type=\"column\" data-settings=\"{&quot;animation&quot;:&quot;fadeInUp&quot;}\">\n\t\t\t<div class=\"elementor-widget-wrap elementor-element-populated\">\n\t\t\t\t\t\t<div class=\"elementor-element elementor-element-459ad23b elementor-widget elementor-widget-spacer\" data-id=\"459ad23b\" data-element_type=\"widget\" data-e-type=\"widget\" data-widget_type=\"spacer.default\">\n\t\t\t\t<div class=\"elementor-widget-container\">\n\t\t\t\t\t<span id=\"459ad23b\"><\/span>\t\t<div class=\"elementor-spacer\">\n\t\t\t<div class=\"elementor-spacer-inner\"><\/div>\n\t\t<\/div>\n\t\t\t\t\t\t<\/div>\n\t\t\t\t<\/div>\n\t\t\t\t<div class=\"elementor-element elementor-element-30d85ab8 elementor-widget elementor-widget-text-editor\" data-id=\"30d85ab8\" data-element_type=\"widget\" data-e-type=\"widget\" data-widget_type=\"text-editor.default\">\n\t\t\t\t<div class=\"elementor-widget-container\">\n\t\t\t\t\t<span id=\"30d85ab8\"><\/span>\t\t\t\t<div class=\"nz-column-text nz-clearfix element-animate-false\" data-effect=\"none\" data-effect-speed=\"50\">We deliver regular more than 30 destinations worldwide by air and cooperate with all well known cargo carriers ex FRA and beyond. Direct shipments or consolidation service, we will advise you the best way for your request. Beside general cargo, we are spezialized in handling dangerous goods, perishables, household goods and automotive industry.\nFree home delivery after arrival foreign destination, we can provide with our excellent agent network.<p>Ob Direktsendungen oder g\u00fcnstig in Sammelverladung, wir beraten Sie gerne \u00fcber die Unterschiede und diversen M\u00f6glichkeiten. Neben Standardfracht haben wir auch Spezialtransporte im Portfolio, wie Gefahrgutabfertigung, Lebensmittel, K\u00fchlgut oder Umzugsware.<\/p><p>Gerne bieten wir Ihnen in den Empfangsl\u00e4ndern via Partneragenturen, auch die Frei Haus Lieferungen an, egal ob CFR, DAP oder DDP.<\/p><\/div>\t\t\t\t\t\t\t\t<\/div>\n\t\t\t\t<\/div>\n\t\t\t\t<div class=\"elementor-element elementor-element-18ffae01 elementor-widget elementor-widget-image\" data-id=\"18ffae01\" data-element_type=\"widget\" data-e-type=\"widget\" data-widget_type=\"image.default\">\n\t\t\t\t<div class=\"elementor-widget-container\">\n\t\t\t\t\t<span id=\"18ffae01\"><\/span>\t\t\t\t\t\t\t\t\t\t<img fetchpriority=\"high\" decoding=\"async\" width=\"768\" height=\"576\" src=\"https:\/\/agotrans-frankfurt.de\/wp-content\/uploads\/2021\/03\/IMG-20171005-WA0048_1507209501524-768x576.jpg\" class=\"attachment-medium_large size-medium_large wp-image-505\" alt=\"\" srcset=\"https:\/\/agotrans-frankfurt.de\/wp-content\/uploads\/2021\/03\/IMG-20171005-WA0048_1507209501524-768x576.jpg 768w, https:\/\/agotrans-frankfurt.de\/wp-content\/uploads\/2021\/03\/IMG-20171005-WA0048_1507209501524-300x225.jpg 300w, https:\/\/agotrans-frankfurt.de\/wp-content\/uploads\/2021\/03\/IMG-20171005-WA0048_1507209501524-1024x768.jpg 1024w, https:\/\/agotrans-frankfurt.de\/wp-content\/uploads\/2021\/03\/IMG-20171005-WA0048_1507209501524-16x12.jpg 16w, https:\/\/agotrans-frankfurt.de\/wp-content\/uploads\/2021\/03\/IMG-20171005-WA0048_1507209501524.jpg 1280w\" sizes=\"(max-width: 768px) 100vw, 768px\" \/>\t\t\t\t\t\t\t\t\t\t\t\t\t\t\t<\/div>\n\t\t\t\t<\/div>\n\t\t\t\t<div class=\"elementor-element elementor-element-ac5d926 elementor-widget elementor-widget-text-editor\" data-id=\"ac5d926\" data-element_type=\"widget\" data-e-type=\"widget\" data-widget_type=\"text-editor.default\">\n\t\t\t\t<div class=\"elementor-widget-container\">\n\t\t\t\t\t<span id=\"ac5d926\"><\/span>\t\t\t\t<div class=\"nz-column-text nz-clearfix element-animate-false\" data-effect=\"none\" data-effect-speed=\"50\">\n\nLuftfracht\n\n\nWenn Sie etwas per Luftfracht von Frankfurt aus transportieren lassen wollen, ist es ganz einfach, unser Export Netzwerk zu nutzen. Mal eben eine Ladung von Hamburg aus nach Br\u00fcssel zu schaffen &#8211; egal, wie die Luftfracht ausf\u00e4llt, umfangreich oder nur ein kleinerer Posten, Sie k\u00f6nnen sicher sein, dass alles schnell und in perfektem Zustand beim Empf\u00e4nger ankommt. Ihre Luftfracht ist f\u00fcr die Zeit nat\u00fcrlich versichert, so dass auch sperrige oder empfindliche Gegenst\u00e4nde heil am Zielort ankommen. Der Hauptort unserer Aktivit\u00e4ten befindet sich in Frankfurt, einem Hotspot f\u00fcr den Import bzw. Export von Waren aller Arten.\n\nDer Luftfracht kommt nach wie vor eine gro\u00dfe Bedeutung zu, denn schneller als per Flugzeug geht es nun wirklich nicht! Und Frankfurt dient uns seit Jahren als der Ort, an dem alle Aktivit\u00e4ten zusammen laufen. Ob es dabei um den Export von Waren geht oder etwas hierher geschafft werden soll &#8211; wir sind zur Stelle, wenn Dinge von A nach B gelangen sollen. Luftfracht ab Frankfurt oder nur von dort aus organisiert, das ist unsere Spezialit\u00e4t. Der Export ist eins der Hauptstandbeine der Wirtschaft Deutschlands. Damit ist sie gro\u00df geworden. Die Luftfracht ist eine gute Alternative zu Bahn und Lkw. Buchen Sie Ihre Touren bei uns im B\u00fcro in Frankfurt, auch wenn die Luftfracht an einem ganz anderen Ort ihren Weg beginnt. Wir sind flexibel und haben von Frankfurt aus ein umfangreiches Netzwerk an Speditionspartnern aufbauen k\u00f6nnen.\n\n\nOb Export oder Import, wir sind dabei, selbst wenn Sie keine Luftfracht im Auge haben bzw. nur schnell etwas in die Nachbarstadt gelangen soll. Sprechen Sie uns an: Wir finden von Frankfurt aus immer eine L\u00f6sung, zeitnah, schnell und zuverl\u00e4ssig. F\u00fcr alles rund um den Export brauchen Sie gute Partner, die f\u00fcr Sie Tag und Nacht agieren. Der Warenverkehr ist dynamisch, wir sind dies auch. und darum haben wir uns im Bereich Export einen sehr guten Namen machen k\u00f6nnen. Wenn Transport, dann Agotrans; wir sind seit Jahrzehnten f\u00fcr unsere Kunden da.\n<\/div>\t\t\t\t\t\t\t\t<\/div>\n\t\t\t\t<\/div>\n\t\t\t\t<div class=\"elementor-element elementor-element-444b0824 elementor-widget elementor-widget-spacer\" data-id=\"444b0824\" data-element_type=\"widget\" data-e-type=\"widget\" data-widget_type=\"spacer.default\">\n\t\t\t\t<div class=\"elementor-widget-container\">\n\t\t\t\t\t<span id=\"444b0824\"><\/span>\t\t<div class=\"elementor-spacer\">\n\t\t\t<div class=\"elementor-spacer-inner\"><\/div>\n\t\t<\/div>\n\t\t\t\t\t\t<\/div>\n\t\t\t\t<\/div>\n\t\t\t\t\t<\/div>\n\t\t<\/div>\n\t\t\t\t\t<\/div>\n\t\t<\/section>\n\t\t\t\t<\/div>","protected":false},"excerpt":{"rendered":"<p>Luftfracht-Export Wir bedienen regelm\u00e4\u00dfig \u00fcber 30 Destinationen weltweit per Luftfracht und kooperieren in Frankfurt mit allen namhaften Carriern. Ob Direktsendungen oder g\u00fcnstig in Sammelverladung, wir beraten Sie gerne \u00fcber die Unterschiede und diversen M\u00f6glichkeiten. Neben Standardfracht haben wir auch Spezialtransporte im Portfolio, wie Gefahrgutabfertigung, Lebensmittel, K\u00fchlgut oder Umzugsware. Gerne bieten wir Ihnen in den Empfangsl\u00e4ndern [&hellip;]<\/p>\n","protected":false},"author":1,"featured_media":0,"parent":0,"menu_order":0,"comment_status":"closed","ping_status":"closed","template":"elementor_canvas","meta":{"_seopress_robots_primary_cat":"","_seopress_titles_title":"","_seopress_titles_desc":"","_seopress_robots_index":"","footnotes":""},"class_list":["post-17","page","type-page","status-publish","hentry"],"_links":{"self":[{"href":"https:\/\/agotrans-frankfurt.de\/en\/wp-json\/wp\/v2\/pages\/17","targetHints":{"allow":["GET"]}}],"collection":[{"href":"https:\/\/agotrans-frankfurt.de\/en\/wp-json\/wp\/v2\/pages"}],"about":[{"href":"https:\/\/agotrans-frankfurt.de\/en\/wp-json\/wp\/v2\/types\/page"}],"author":[{"embeddable":true,"href":"https:\/\/agotrans-frankfurt.de\/en\/wp-json\/wp\/v2\/users\/1"}],"replies":[{"embeddable":true,"href":"https:\/\/agotrans-frankfurt.de\/en\/wp-json\/wp\/v2\/comments?post=17"}],"version-history":[{"count":10,"href":"https:\/\/agotrans-frankfurt.de\/en\/wp-json\/wp\/v2\/pages\/17\/revisions"}],"predecessor-version":[{"id":577,"href":"https:\/\/agotrans-frankfurt.de\/en\/wp-json\/wp\/v2\/pages\/17\/revisions\/577"}],"wp:attachment":[{"href":"https:\/\/agotrans-frankfurt.de\/en\/wp-json\/wp\/v2\/media?parent=17"}],"curies":[{"name":"wp","href":"https:\/\/api.w.org\/{rel}","templated":true}]}}