{"id":14,"date":"2021-02-28T11:41:10","date_gmt":"2021-02-28T10:41:10","guid":{"rendered":"https:\/\/agotrans.osa-essen.de\/impressum\/"},"modified":"2021-03-03T15:51:57","modified_gmt":"2021-03-03T14:51:57","slug":"impressum","status":"publish","type":"page","link":"https:\/\/agotrans-frankfurt.de\/en\/impressum\/","title":{"rendered":"Imprint"},"content":{"rendered":"<div data-elementor-type=\"wp-page\" data-elementor-id=\"14\" class=\"elementor elementor-14\">\n\t\t\t\t\t\t<section class=\"elementor-section elementor-top-section elementor-element elementor-element-607312b5 elementor-section-height-min-height elementor-section-boxed elementor-section-height-default elementor-section-items-middle\" data-id=\"607312b5\" data-element_type=\"section\" data-e-type=\"section\" data-settings=\"{&quot;background_background&quot;:&quot;classic&quot;}\">\n\t\t\t\t\t\t\t<div class=\"elementor-background-overlay\"><\/div>\n\t\t\t\t\t\t\t<div class=\"elementor-container elementor-column-gap-default\">\n\t\t\t\t\t<div class=\"elementor-column elementor-col-100 elementor-top-column elementor-element elementor-element-69caf5d7\" data-id=\"69caf5d7\" data-element_type=\"column\" data-e-type=\"column\">\n\t\t\t<div class=\"elementor-widget-wrap elementor-element-populated\">\n\t\t\t\t\t\t<div class=\"elementor-element elementor-element-2fdb25a4 elementor-widget elementor-widget-page-title\" data-id=\"2fdb25a4\" data-element_type=\"widget\" data-e-type=\"widget\" data-settings=\"{&quot;align&quot;:&quot;center&quot;}\" data-widget_type=\"page-title.default\">\n\t\t\t\t<div class=\"elementor-widget-container\">\n\t\t\t\t\t<span id=\"2fdb25a4\"><\/span>\t\t\n\t\t<div class=\"hfe-page-title hfe-page-title-wrapper elementor-widget-heading\">\n\n\t\t\t\t\t\t\t\t\t\t\t<a href=\"https:\/\/agotrans-frankfurt.de\/en\">\n\t\t\t\t\t\t<h1 class=\"elementor-heading-title elementor-size-xxl\">\n\t\t\t\t\t\t\t\t\n\t\t\t\tImprint  \n\t\t\t<\/h1> \n\t\t\t\t\t\t\t\t\t<\/a>\n\t\t\t\t\t<\/div>\n\t\t\t\t\t\t<\/div>\n\t\t\t\t<\/div>\n\t\t\t\t<div class=\"elementor-element elementor-element-a541db2 elementor-widget-divider--view-line elementor-widget elementor-widget-divider\" data-id=\"a541db2\" data-element_type=\"widget\" data-e-type=\"widget\" data-widget_type=\"divider.default\">\n\t\t\t\t<div class=\"elementor-widget-container\">\n\t\t\t\t\t<span id=\"a541db2\"><\/span>\t\t<div class=\"elementor-divider\">\n\t\t\t<span class=\"elementor-divider-separator\">\n\t\t\t\t\t\t<\/span>\n\t\t<\/div>\n\t\t\t\t\t\t<\/div>\n\t\t\t\t<\/div>\n\t\t\t\t\t<\/div>\n\t\t<\/div>\n\t\t\t\t\t<\/div>\n\t\t<\/section>\n\t\t\t\t<section class=\"elementor-section elementor-top-section elementor-element elementor-element-2dc9d97c elementor-section-boxed elementor-section-height-default elementor-section-height-default\" data-id=\"2dc9d97c\" data-element_type=\"section\" data-e-type=\"section\">\n\t\t\t\t\t\t<div class=\"elementor-container elementor-column-gap-default\">\n\t\t\t\t\t<div class=\"elementor-column elementor-col-100 elementor-top-column elementor-element elementor-element-6e209119 animated-fast elementor-invisible\" data-id=\"6e209119\" data-element_type=\"column\" data-e-type=\"column\" data-settings=\"{&quot;animation&quot;:&quot;fadeInUp&quot;}\">\n\t\t\t<div class=\"elementor-widget-wrap elementor-element-populated\">\n\t\t\t\t\t\t<div class=\"elementor-element elementor-element-22aeb4a3 elementor-widget elementor-widget-spacer\" data-id=\"22aeb4a3\" data-element_type=\"widget\" data-e-type=\"widget\" data-widget_type=\"spacer.default\">\n\t\t\t\t<div class=\"elementor-widget-container\">\n\t\t\t\t\t<span id=\"22aeb4a3\"><\/span>\t\t<div class=\"elementor-spacer\">\n\t\t\t<div class=\"elementor-spacer-inner\"><\/div>\n\t\t<\/div>\n\t\t\t\t\t\t<\/div>\n\t\t\t\t<\/div>\n\t\t\t\t<div class=\"elementor-element elementor-element-7bc99ae1 elementor-widget elementor-widget-text-editor\" data-id=\"7bc99ae1\" data-element_type=\"widget\" data-e-type=\"widget\" data-widget_type=\"text-editor.default\">\n\t\t\t\t<div class=\"elementor-widget-container\">\n\t\t\t\t\t<span id=\"7bc99ae1\"><\/span>\t\t\t\t<div class=\"nz-column-text nz-clearfix element-animate-false\" data-effect=\"none\" data-effect-speed=\"50\"><div class=\"col vc_col-sm-6 col6  element-animate-false valign-top\" data-effect=\"none\" data-align=\"left\"><div class=\"col-inner\"><div class=\"nz-column-text nz-clearfix  element-animate-false\" data-effect=\"none\" data-effect-speed=\"50\"><h4>Angaben gem\u00e4\u00df \u00a7 5 TMG:<\/h4><p>Agotrans Air Cargo GmbH<br \/>Cargo City S\u00fcd-Geb. 639 B<br \/>60549 Frankfurt am Main<\/p><h5>Vertreten durch:<\/h5><p>Thorsten Reblin<\/p><h5>Kontakt:<\/h5><p>Telefon: 069 697005-0<br \/>Telefax: 069 69 591 977<br \/>E-Mail: info@agotrans-frankfurt.de<\/p><h5>Registereintrag:<\/h5><p>Eintragung im Handelsregister.<br \/>Registergericht:<br \/>Registernummer: HRB No.: 43161<\/p><h5>Umsatzsteuer-ID:<\/h5><p>Umsatzsteuer-Identifikationsnummer gem\u00e4\u00df \u00a727 a Umsatzsteuergesetz:<\/p><p>DE 111612712<\/p><h5>Aufsichtsbeh\u00f6rde:<\/h5><p>IATA, LBA<\/p><h5>Angaben zur Berufshaftpflichtversicherung:<\/h5><p>Name und Sitz der Gesellschaft:<br \/>R+V Versicherung AG<br \/>Raiffeisenplatz 1<br \/>65189 Wiesbaden<br \/>Geltungsraum der Versicherung: deutschlandweit<\/p><p><strong>Webdesign und Realisation:<\/strong><br \/>OSA Online Service Agentur GmbH |\u00a0<a href=\"http:\/\/www.osa-essen.de\/\" target=\"_blank\" rel=\"nofollow noopener\">http:\/\/www.osa-essen.de<\/a><\/p><\/div><\/div><\/div><div class=\"col vc_col-sm-6 col6  element-animate-false valign-top\" data-effect=\"none\" data-align=\"left\"><div class=\"col-inner\"><div class=\"nz-column-text nz-clearfix  element-animate-false\" data-effect=\"none\" data-effect-speed=\"50\"><em>Quellenangaben f\u00fcr die verwendeten Bilder und Grafiken:\u00a0<a href=\"http:\/\/de.123rf.com\/\">http:\/\/de.123rf.com\/<\/a><\/em><p><em>Quelle (Impressum):\u00a0<a href=\"http:\/\/www.e-recht24.de\/\" rel=\"nofollow\">http:\/\/www.e-recht24.de<\/a><\/em><\/p><p>Wir sind nat\u00fcrlich versichert mittels Logistik Police bei der\u00a0Kravag AG<\/p><p>\u00a0<\/p><h4><img decoding=\"async\" class=\"alignnone size-full wp-image-454\" src=\"https:\/\/agotrans-frankfurt.de\/wp-content\/uploads\/2021\/03\/Kravag_02.gif\" alt=\"\" width=\"212\" height=\"125\" \/><\/h4><h4>Haftungsausschluss (Disclaimer)<\/h4><p><strong>Haftung f\u00fcr Inhalte<\/strong><\/p><p>Als Diensteanbieter sind wir gem\u00e4\u00df \u00a7 7 Abs.1 TMG f\u00fcr eigene Inhalte auf diesen Seiten nach den allgemeinen Gesetzen verantwortlich. Nach \u00a7\u00a7 8 bis 10 TMG sind wir als Diensteanbieter jedoch nicht verpflichtet, \u00fcbermittelte oder gespeicherte fremde Informationen zu \u00fcberwachen oder nach Umst\u00e4nden zu forschen, die auf eine rechtswidrige T\u00e4tigkeit hinweisen. Verpflichtungen zur Entfernung oder Sperrung der Nutzung von Informationen nach den allgemeinen Gesetzen bleiben hiervon unber\u00fchrt. Eine diesbez\u00fcgliche Haftung ist jedoch erst ab dem Zeitpunkt der Kenntnis einer konkreten Rechtsverletzung m\u00f6glich. Bei Bekanntwerden von entsprechenden Rechtsverletzungen werden wir diese Inhalte umgehend entfernen.<\/p><p><strong>Haftung f\u00fcr Links<\/strong><\/p><p>Unser Angebot enth\u00e4lt Links zu externen Webseiten Dritter, auf deren Inhalte wir keinen Einfluss haben. Deshalb k\u00f6nnen wir f\u00fcr diese fremden Inhalte auch keine Gew\u00e4hr \u00fcbernehmen. F\u00fcr die Inhalte der verlinkten Seiten ist stets der jeweilige Anbieter oder Betreiber der Seiten verantwortlich. Die verlinkten Seiten wurden zum Zeitpunkt der Verlinkung auf m\u00f6gliche Rechtsverst\u00f6\u00dfe \u00fcberpr\u00fcft. Rechtswidrige Inhalte waren zum Zeitpunkt der Verlinkung nicht erkennbar. Eine permanente inhaltliche Kontrolle der verlinkten Seiten ist jedoch ohne konkrete Anhaltspunkte einer Rechtsverletzung nicht zumutbar. Bei Bekanntwerden von Rechtsverletzungen werden wir derartige Links umgehend entfernen.<\/p><p><strong>Urheberrecht<\/strong><\/p><p>Die durch die Seitenbetreiber erstellten Inhalte und Werke auf diesen Seiten unterliegen dem deutschen Urheberrecht. Die Vervielf\u00e4ltigung, Bearbeitung, Verbreitung und jede Art der Verwertung au\u00dferhalb der Grenzen des Urheberrechtes bed\u00fcrfen der schriftlichen Zustimmung des jeweiligen Autors bzw. Erstellers. Downloads und Kopien dieser Seite sind nur f\u00fcr den privaten, nicht kommerziellen Gebrauch gestattet. Soweit die Inhalte auf dieser Seite nicht vom Betreiber erstellt wurden, werden die Urheberrechte Dritter beachtet. Insbesondere werden Inhalte Dritter als solche gekennzeichnet. Sollten Sie trotzdem auf eine Urheberrechtsverletzung aufmerksam werden, bitten wir um einen entsprechenden Hinweis. Bei Bekanntwerden von Rechtsverletzungen werden wir derartige Inhalte umgehend entfernen.<\/p><p><em>Quellenangaben:\u00a0<a href=\"http:\/\/www.e-recht24.de\/muster-disclaimer.html\" target=\"_blank\" rel=\"nofollow noopener\">eRecht24<\/a>,\u00a0<a href=\"http:\/\/www.e-recht24.de\/muster-disclaimer.html\" target=\"_blank\" rel=\"nofollow noopener\">eRecht24<\/a><\/em><\/p><\/div><\/div><\/div><\/div>\t\t\t\t\t\t\t\t<\/div>\n\t\t\t\t<\/div>\n\t\t\t\t<div class=\"elementor-element elementor-element-1dd7d2f6 elementor-widget elementor-widget-spacer\" data-id=\"1dd7d2f6\" data-element_type=\"widget\" data-e-type=\"widget\" data-widget_type=\"spacer.default\">\n\t\t\t\t<div class=\"elementor-widget-container\">\n\t\t\t\t\t<span id=\"1dd7d2f6\"><\/span>\t\t<div class=\"elementor-spacer\">\n\t\t\t<div class=\"elementor-spacer-inner\"><\/div>\n\t\t<\/div>\n\t\t\t\t\t\t<\/div>\n\t\t\t\t<\/div>\n\t\t\t\t\t<\/div>\n\t\t<\/div>\n\t\t\t\t\t<\/div>\n\t\t<\/section>\n\t\t\t\t<\/div>","protected":false},"excerpt":{"rendered":"<p>Impressum Angaben gem\u00e4\u00df \u00a7 5 TMG: Agotrans Air Cargo GmbHCargo City S\u00fcd-Geb. 639 B60549 Frankfurt am Main Vertreten durch: Thorsten Reblin Kontakt: Telefon: 069 697005-0Telefax: 069 69 591 977E-Mail: info@agotrans-frankfurt.de Registereintrag: Eintragung im Handelsregister.Registergericht:Registernummer: HRB No.: 43161 Umsatzsteuer-ID: Umsatzsteuer-Identifikationsnummer gem\u00e4\u00df \u00a727 a Umsatzsteuergesetz: DE 111612712 Aufsichtsbeh\u00f6rde: IATA, LBA Angaben zur Berufshaftpflichtversicherung: Name und Sitz der [&hellip;]<\/p>\n","protected":false},"author":1,"featured_media":0,"parent":0,"menu_order":0,"comment_status":"closed","ping_status":"closed","template":"elementor_canvas","meta":{"_seopress_robots_primary_cat":"","_seopress_titles_title":"","_seopress_titles_desc":"","_seopress_robots_index":"","footnotes":""},"class_list":["post-14","page","type-page","status-publish","hentry"],"_links":{"self":[{"href":"https:\/\/agotrans-frankfurt.de\/en\/wp-json\/wp\/v2\/pages\/14","targetHints":{"allow":["GET"]}}],"collection":[{"href":"https:\/\/agotrans-frankfurt.de\/en\/wp-json\/wp\/v2\/pages"}],"about":[{"href":"https:\/\/agotrans-frankfurt.de\/en\/wp-json\/wp\/v2\/types\/page"}],"author":[{"embeddable":true,"href":"https:\/\/agotrans-frankfurt.de\/en\/wp-json\/wp\/v2\/users\/1"}],"replies":[{"embeddable":true,"href":"https:\/\/agotrans-frankfurt.de\/en\/wp-json\/wp\/v2\/comments?post=14"}],"version-history":[{"count":4,"href":"https:\/\/agotrans-frankfurt.de\/en\/wp-json\/wp\/v2\/pages\/14\/revisions"}],"predecessor-version":[{"id":457,"href":"https:\/\/agotrans-frankfurt.de\/en\/wp-json\/wp\/v2\/pages\/14\/revisions\/457"}],"wp:attachment":[{"href":"https:\/\/agotrans-frankfurt.de\/en\/wp-json\/wp\/v2\/media?parent=14"}],"curies":[{"name":"wp","href":"https:\/\/api.w.org\/{rel}","templated":true}]}}