{"id":1056,"date":"2026-03-27T09:11:06","date_gmt":"2026-03-27T08:11:06","guid":{"rendered":"https:\/\/agotrans-frankfurt.de\/?page_id=1056"},"modified":"2026-03-27T09:12:11","modified_gmt":"2026-03-27T08:12:11","slug":"schiffstransporte-frankfurt","status":"publish","type":"page","link":"https:\/\/agotrans-frankfurt.de\/en\/schiffstransporte-frankfurt\/","title":{"rendered":"Schiffstransporte Frankfurt"},"content":{"rendered":"<div data-elementor-type=\"wp-page\" data-elementor-id=\"1056\" class=\"elementor elementor-1056\">\n\t\t\t\t\t\t<section class=\"elementor-section elementor-top-section elementor-element elementor-element-35919472 elementor-section-height-min-height elementor-section-boxed elementor-section-height-default elementor-section-items-middle\" data-id=\"35919472\" data-element_type=\"section\" data-e-type=\"section\" data-settings=\"{&quot;background_background&quot;:&quot;classic&quot;}\">\n\t\t\t\t\t\t\t<div class=\"elementor-background-overlay\"><\/div>\n\t\t\t\t\t\t\t<div class=\"elementor-container elementor-column-gap-default\">\n\t\t\t\t\t<div class=\"elementor-column elementor-col-100 elementor-top-column elementor-element elementor-element-64ca5886\" data-id=\"64ca5886\" data-element_type=\"column\" data-e-type=\"column\">\n\t\t\t<div class=\"elementor-widget-wrap elementor-element-populated\">\n\t\t\t\t\t\t<div class=\"elementor-element elementor-element-6af9a550 elementor-widget elementor-widget-page-title\" data-id=\"6af9a550\" data-element_type=\"widget\" data-e-type=\"widget\" data-settings=\"{&quot;align&quot;:&quot;center&quot;}\" data-widget_type=\"page-title.default\">\n\t\t\t\t<div class=\"elementor-widget-container\">\n\t\t\t\t\t<span id=\"6af9a550\"><\/span>\t\t\n\t\t<div class=\"hfe-page-title hfe-page-title-wrapper elementor-widget-heading\">\n\n\t\t\t\t\t\t\t\t\t\t\t<a href=\"https:\/\/agotrans-frankfurt.de\/en\">\n\t\t\t\t\t\t<h1 class=\"elementor-heading-title elementor-size-xxl\">\n\t\t\t\t\t\t\t\t\n\t\t\t\tSchiffstransporte Frankfurt  \n\t\t\t<\/h1> \n\t\t\t\t\t\t\t\t\t<\/a>\n\t\t\t\t\t<\/div>\n\t\t\t\t\t\t<\/div>\n\t\t\t\t<\/div>\n\t\t\t\t<div class=\"elementor-element elementor-element-766bbca4 elementor-widget-divider--view-line elementor-widget elementor-widget-divider\" data-id=\"766bbca4\" data-element_type=\"widget\" data-e-type=\"widget\" data-widget_type=\"divider.default\">\n\t\t\t\t<div class=\"elementor-widget-container\">\n\t\t\t\t\t<span id=\"766bbca4\"><\/span>\t\t<div class=\"elementor-divider\">\n\t\t\t<span class=\"elementor-divider-separator\">\n\t\t\t\t\t\t<\/span>\n\t\t<\/div>\n\t\t\t\t\t\t<\/div>\n\t\t\t\t<\/div>\n\t\t\t\t\t<\/div>\n\t\t<\/div>\n\t\t\t\t\t<\/div>\n\t\t<\/section>\n\t\t\t\t<section class=\"elementor-section elementor-top-section elementor-element elementor-element-46c06255 elementor-section-boxed elementor-section-height-default elementor-section-height-default\" data-id=\"46c06255\" data-element_type=\"section\" data-e-type=\"section\">\n\t\t\t\t\t\t<div class=\"elementor-container elementor-column-gap-default\">\n\t\t\t\t\t<div class=\"elementor-column elementor-col-100 elementor-top-column elementor-element elementor-element-654671e4 animated-fast elementor-invisible\" data-id=\"654671e4\" data-element_type=\"column\" data-e-type=\"column\" data-settings=\"{&quot;animation&quot;:&quot;fadeInUp&quot;}\">\n\t\t\t<div class=\"elementor-widget-wrap elementor-element-populated\">\n\t\t\t\t\t\t<div class=\"elementor-element elementor-element-449ae9cd elementor-widget elementor-widget-spacer\" data-id=\"449ae9cd\" data-element_type=\"widget\" data-e-type=\"widget\" data-widget_type=\"spacer.default\">\n\t\t\t\t<div class=\"elementor-widget-container\">\n\t\t\t\t\t<span id=\"449ae9cd\"><\/span>\t\t<div class=\"elementor-spacer\">\n\t\t\t<div class=\"elementor-spacer-inner\"><\/div>\n\t\t<\/div>\n\t\t\t\t\t\t<\/div>\n\t\t\t\t<\/div>\n\t\t\t\t<div class=\"elementor-element elementor-element-f88f671 elementor-widget elementor-widget-text-editor\" data-id=\"f88f671\" data-element_type=\"widget\" data-e-type=\"widget\" data-widget_type=\"text-editor.default\">\n\t\t\t\t<div class=\"elementor-widget-container\">\n\t\t\t\t\t<span id=\"f88f671\"><\/span>\t\t\t\t<div class=\"nz-column-text nz-clearfix element-animate-false\" data-effect=\"none\" data-effect-speed=\"50\"><div id=\"text_highlighted\"><div id=\"text_highlighted\"><p>Schiffstransporte Frankfurt \u2013 Zuverl\u00e4ssig und effizient mit Agotrans Aircargo GmbH<\/p><p>Wenn es um Schiffstransporte in und um Frankfurt geht, ist Agotrans Aircargo GmbH Ihr kompetenter Partner f\u00fcr sichere und termingerechte Logistikl\u00f6sungen. Als erfahrenes Unternehmen im Bereich Transport und Spedition bietet Agotrans ma\u00dfgeschneiderte Schiffstransporte, die speziell auf die Bed\u00fcrfnisse von Kunden in Frankfurt und der umliegenden Region abgestimmt sind.<\/p><p>Frankfurt als bedeutender Wirtschaftsstandort und Logistik-Hub profitiert von der Expertise von Agotrans Aircargo GmbH, die eine reibungslose Abwicklung von Schiffstransporten garantiert. Ob Import oder Export \u2013 Agotrans sorgt daf\u00fcr, dass Ihre Waren sicher und p\u00fcnktlich an ihrem Zielhafen ankommen. Dabei spielt es keine Rolle, ob es sich um Container, St\u00fcckgut oder Spezialtransporte handelt. Mit modernster Technik und einem erfahrenen Team gew\u00e4hrleistet Agotrans eine optimale Planung und Durchf\u00fchrung aller Schiffstransporte.<\/p><p>Ein weiterer Vorteil von Agotrans Aircargo GmbH ist die umfassende Beratung und individuelle Betreuung. Kunden in Frankfurt erhalten ma\u00dfgeschneiderte L\u00f6sungen, die Kosten minimieren und gleichzeitig h\u00f6chste Qualit\u00e4tsstandards erf\u00fcllen. Die enge Zusammenarbeit mit Hafenbetreibern, Reedereien und Zollbeh\u00f6rden sorgt f\u00fcr eine schnelle und unkomplizierte Abwicklung aller Formalit\u00e4ten.<\/p><p>Agotrans Aircargo GmbH setzt auf Nachhaltigkeit und Effizienz, um umweltfreundliche Schiffstransporte in Frankfurt zu realisieren. Durch die Kombination von Schiff, Stra\u00dfe und Schiene werden Transporte optimal koordiniert und Ressourcen geschont.<\/p><p>Vertrauen Sie bei Schiffstransporten in Frankfurt auf Agotrans Aircargo GmbH \u2013 Ihr zuverl\u00e4ssiger Partner f\u00fcr professionelle, flexible und sichere Logistikl\u00f6sungen. Kontaktieren Sie uns noch heute und profitieren Sie von unserem umfassenden Service rund um Schiffstransporte in Frankfurt und dar\u00fcber hinaus. Mit Agotrans erreichen Ihre Waren sicher und p\u00fcnktlich ihr Ziel.<\/p><\/div><\/div><\/div>\t\t\t\t\t\t\t\t<\/div>\n\t\t\t\t<\/div>\n\t\t\t\t<div class=\"elementor-element elementor-element-4a2cd44a elementor-widget elementor-widget-image\" data-id=\"4a2cd44a\" data-element_type=\"widget\" data-e-type=\"widget\" data-widget_type=\"image.default\">\n\t\t\t\t<div class=\"elementor-widget-container\">\n\t\t\t\t\t<span id=\"4a2cd44a\"><\/span>\t\t\t\t\t\t\t\t\t\t<img fetchpriority=\"high\" decoding=\"async\" width=\"768\" height=\"512\" src=\"https:\/\/agotrans-frankfurt.de\/wp-content\/uploads\/2021\/03\/10536430_M-1-768x512.jpg\" class=\"attachment-medium_large size-medium_large wp-image-428\" alt=\"\" srcset=\"https:\/\/agotrans-frankfurt.de\/wp-content\/uploads\/2021\/03\/10536430_M-1-768x512.jpg 768w, https:\/\/agotrans-frankfurt.de\/wp-content\/uploads\/2021\/03\/10536430_M-1-300x200.jpg 300w, https:\/\/agotrans-frankfurt.de\/wp-content\/uploads\/2021\/03\/10536430_M-1-16x12.jpg 16w, https:\/\/agotrans-frankfurt.de\/wp-content\/uploads\/2021\/03\/10536430_M-1.jpg 848w\" sizes=\"(max-width: 768px) 100vw, 768px\" \/>\t\t\t\t\t\t\t\t\t\t\t\t\t\t\t<\/div>\n\t\t\t\t<\/div>\n\t\t\t\t<div class=\"elementor-element elementor-element-27fc86ac elementor-widget elementor-widget-spacer\" data-id=\"27fc86ac\" data-element_type=\"widget\" data-e-type=\"widget\" data-widget_type=\"spacer.default\">\n\t\t\t\t<div class=\"elementor-widget-container\">\n\t\t\t\t\t<span id=\"27fc86ac\"><\/span>\t\t<div class=\"elementor-spacer\">\n\t\t\t<div class=\"elementor-spacer-inner\"><\/div>\n\t\t<\/div>\n\t\t\t\t\t\t<\/div>\n\t\t\t\t<\/div>\n\t\t\t\t\t<\/div>\n\t\t<\/div>\n\t\t\t\t\t<\/div>\n\t\t<\/section>\n\t\t\t\t<\/div>","protected":false},"excerpt":{"rendered":"<p>Schiffstransporte Frankfurt Schiffstransporte Frankfurt \u2013 Zuverl\u00e4ssig und effizient mit Agotrans Aircargo GmbH Wenn es um Schiffstransporte in und um Frankfurt geht, ist Agotrans Aircargo GmbH Ihr kompetenter Partner f\u00fcr sichere und termingerechte Logistikl\u00f6sungen. Als erfahrenes Unternehmen im Bereich Transport und Spedition bietet Agotrans ma\u00dfgeschneiderte Schiffstransporte, die speziell auf die Bed\u00fcrfnisse von Kunden in Frankfurt und [&hellip;]<\/p>\n","protected":false},"author":1,"featured_media":0,"parent":0,"menu_order":0,"comment_status":"closed","ping_status":"closed","template":"elementor_canvas","meta":{"_seopress_robots_primary_cat":"","_seopress_titles_title":"","_seopress_titles_desc":"","_seopress_robots_index":"","_seopress_analysis_target_kw":"","footnotes":""},"class_list":["post-1056","page","type-page","status-publish","hentry"],"_links":{"self":[{"href":"https:\/\/agotrans-frankfurt.de\/en\/wp-json\/wp\/v2\/pages\/1056","targetHints":{"allow":["GET"]}}],"collection":[{"href":"https:\/\/agotrans-frankfurt.de\/en\/wp-json\/wp\/v2\/pages"}],"about":[{"href":"https:\/\/agotrans-frankfurt.de\/en\/wp-json\/wp\/v2\/types\/page"}],"author":[{"embeddable":true,"href":"https:\/\/agotrans-frankfurt.de\/en\/wp-json\/wp\/v2\/users\/1"}],"replies":[{"embeddable":true,"href":"https:\/\/agotrans-frankfurt.de\/en\/wp-json\/wp\/v2\/comments?post=1056"}],"version-history":[{"count":4,"href":"https:\/\/agotrans-frankfurt.de\/en\/wp-json\/wp\/v2\/pages\/1056\/revisions"}],"predecessor-version":[{"id":1060,"href":"https:\/\/agotrans-frankfurt.de\/en\/wp-json\/wp\/v2\/pages\/1056\/revisions\/1060"}],"wp:attachment":[{"href":"https:\/\/agotrans-frankfurt.de\/en\/wp-json\/wp\/v2\/media?parent=1056"}],"curies":[{"name":"wp","href":"https:\/\/api.w.org\/{rel}","templated":true}]}}