{"id":1049,"date":"2026-02-20T09:35:41","date_gmt":"2026-02-20T08:35:41","guid":{"rendered":"https:\/\/agotrans-frankfurt.de\/?page_id=1049"},"modified":"2026-02-20T09:36:41","modified_gmt":"2026-02-20T08:36:41","slug":"frachtunternehmen-frankfurt","status":"publish","type":"page","link":"https:\/\/agotrans-frankfurt.de\/en\/frachtunternehmen-frankfurt\/","title":{"rendered":"Frachtunternehmen Frankfurt"},"content":{"rendered":"<div data-elementor-type=\"wp-page\" data-elementor-id=\"1049\" class=\"elementor elementor-1049\">\n\t\t\t\t\t\t<section class=\"elementor-section elementor-top-section elementor-element elementor-element-35919472 elementor-section-height-min-height elementor-section-boxed elementor-section-height-default elementor-section-items-middle\" data-id=\"35919472\" data-element_type=\"section\" data-e-type=\"section\" data-settings=\"{&quot;background_background&quot;:&quot;classic&quot;}\">\n\t\t\t\t\t\t\t<div class=\"elementor-background-overlay\"><\/div>\n\t\t\t\t\t\t\t<div class=\"elementor-container elementor-column-gap-default\">\n\t\t\t\t\t<div class=\"elementor-column elementor-col-100 elementor-top-column elementor-element elementor-element-64ca5886\" data-id=\"64ca5886\" data-element_type=\"column\" data-e-type=\"column\">\n\t\t\t<div class=\"elementor-widget-wrap elementor-element-populated\">\n\t\t\t\t\t\t<div class=\"elementor-element elementor-element-6af9a550 elementor-widget elementor-widget-page-title\" data-id=\"6af9a550\" data-element_type=\"widget\" data-e-type=\"widget\" data-settings=\"{&quot;align&quot;:&quot;center&quot;}\" data-widget_type=\"page-title.default\">\n\t\t\t\t<div class=\"elementor-widget-container\">\n\t\t\t\t\t<span id=\"6af9a550\"><\/span>\t\t\n\t\t<div class=\"hfe-page-title hfe-page-title-wrapper elementor-widget-heading\">\n\n\t\t\t\t\t\t\t\t\t\t\t<a href=\"https:\/\/agotrans-frankfurt.de\/en\">\n\t\t\t\t\t\t<h1 class=\"elementor-heading-title elementor-size-xxl\">\n\t\t\t\t\t\t\t\t\n\t\t\t\tFrachtunternehmen Frankfurt  \n\t\t\t<\/h1> \n\t\t\t\t\t\t\t\t\t<\/a>\n\t\t\t\t\t<\/div>\n\t\t\t\t\t\t<\/div>\n\t\t\t\t<\/div>\n\t\t\t\t<div class=\"elementor-element elementor-element-766bbca4 elementor-widget-divider--view-line elementor-widget elementor-widget-divider\" data-id=\"766bbca4\" data-element_type=\"widget\" data-e-type=\"widget\" data-widget_type=\"divider.default\">\n\t\t\t\t<div class=\"elementor-widget-container\">\n\t\t\t\t\t<span id=\"766bbca4\"><\/span>\t\t<div class=\"elementor-divider\">\n\t\t\t<span class=\"elementor-divider-separator\">\n\t\t\t\t\t\t<\/span>\n\t\t<\/div>\n\t\t\t\t\t\t<\/div>\n\t\t\t\t<\/div>\n\t\t\t\t\t<\/div>\n\t\t<\/div>\n\t\t\t\t\t<\/div>\n\t\t<\/section>\n\t\t\t\t<section class=\"elementor-section elementor-top-section elementor-element elementor-element-46c06255 elementor-section-boxed elementor-section-height-default elementor-section-height-default\" data-id=\"46c06255\" data-element_type=\"section\" data-e-type=\"section\">\n\t\t\t\t\t\t<div class=\"elementor-container elementor-column-gap-default\">\n\t\t\t\t\t<div class=\"elementor-column elementor-col-100 elementor-top-column elementor-element elementor-element-654671e4 animated-fast elementor-invisible\" data-id=\"654671e4\" data-element_type=\"column\" data-e-type=\"column\" data-settings=\"{&quot;animation&quot;:&quot;fadeInUp&quot;}\">\n\t\t\t<div class=\"elementor-widget-wrap elementor-element-populated\">\n\t\t\t\t\t\t<div class=\"elementor-element elementor-element-449ae9cd elementor-widget elementor-widget-spacer\" data-id=\"449ae9cd\" data-element_type=\"widget\" data-e-type=\"widget\" data-widget_type=\"spacer.default\">\n\t\t\t\t<div class=\"elementor-widget-container\">\n\t\t\t\t\t<span id=\"449ae9cd\"><\/span>\t\t<div class=\"elementor-spacer\">\n\t\t\t<div class=\"elementor-spacer-inner\"><\/div>\n\t\t<\/div>\n\t\t\t\t\t\t<\/div>\n\t\t\t\t<\/div>\n\t\t\t\t<div class=\"elementor-element elementor-element-f88f671 elementor-widget elementor-widget-text-editor\" data-id=\"f88f671\" data-element_type=\"widget\" data-e-type=\"widget\" data-widget_type=\"text-editor.default\">\n\t\t\t\t<div class=\"elementor-widget-container\">\n\t\t\t\t\t<span id=\"f88f671\"><\/span>\t\t\t\t<div class=\"nz-column-text nz-clearfix element-animate-false\" data-effect=\"none\" data-effect-speed=\"50\"><div id=\"text_highlighted\"><div id=\"text_highlighted\"><p class=\"\">Frachtunternehmen Frankfurt: Zuverl\u00e4ssige Logistik f\u00fcr Ihre Transporte<\/p><p class=\"\">Frankfurt am Main ist ein bedeutender Verkehrsknotenpunkt in Deutschland und Europa. F\u00fcr Unternehmen aller Branchen spielt die Wahl eines zuverl\u00e4ssigen Frachtunternehmens in Frankfurt eine entscheidende Rolle, um Waren sicher und termingerecht zu transportieren. Frachtunternehmen in Frankfurt bieten ma\u00dfgeschneiderte Logistikl\u00f6sungen f\u00fcr nationale und internationale Transporte \u2013 von kleinen Sendungen bis hin zu gro\u00dfen Frachtvolumen.<\/p><p class=\"\">Warum ein Frachtunternehmen in Frankfurt w\u00e4hlen?<\/p><p class=\"\">Frankfurt verf\u00fcgt \u00fcber eine hervorragende Infrastruktur mit dem gr\u00f6\u00dften Flughafen Deutschlands, einem wichtigen Autobahnkreuz und einem bedeutenden Hafen am Main. Diese optimale Verkehrsanbindung macht Frankfurt zum idealen Standort f\u00fcr Frachtunternehmen, die schnelle und flexible Transportdienstleistungen anbieten. Ob Luftfracht, Stra\u00dfentransport oder kombinierte Logistikl\u00f6sungen \u2013 Frachtunternehmen in Frankfurt gew\u00e4hrleisten effiziente Abl\u00e4ufe und kurze Lieferzeiten.<\/p><p class=\"\">Leistungen von Frachtunternehmen in Frankfurt<\/p><p class=\"\">Frachtunternehmen in Frankfurt bieten ein breites Spektrum an Services. Dazu geh\u00f6ren Express- und Sammeltransporte, Lagerlogistik, Zollabwicklung sowie Spezialtransporte f\u00fcr empfindliche oder besonders schwere G\u00fcter. Moderne Flotten und erfahrene Fahrer sorgen f\u00fcr sichere Transporte. Zudem setzen viele Unternehmen auf digitale Tracking-Systeme, mit denen Kunden den Status ihrer Sendungen jederzeit verfolgen k\u00f6nnen.<\/p><p class=\"\">Vorteile eines lokalen Frachtunternehmens<\/p><p class=\"\">Ein Frachtunternehmen aus Frankfurt kennt die regionalen Gegebenheiten und kann flexibel auf individuelle Kundenw\u00fcnsche eingehen. Kurze Kommunikationswege und pers\u00f6nliche Betreuung sorgen f\u00fcr eine reibungslose Abwicklung. Zudem profitieren Kunden von transparenten Preisen und ma\u00dfgeschneiderten L\u00f6sungen, die genau auf ihre Bed\u00fcrfnisse abgestimmt sind.<\/p><p class=\"\">Fazit<\/p><p class=\"\">Frachtunternehmen in Frankfurt sind die perfekte Wahl f\u00fcr Unternehmen, die Wert auf zuverl\u00e4ssige, schnelle und flexible Transportl\u00f6sungen legen. Mit ihrer Erfahrung und Infrastruktur gew\u00e4hrleisten sie eine effiziente Logistik, die den hohen Anforderungen des modernen Warenverkehrs gerecht wird.<\/p><\/div><\/div><\/div>\t\t\t\t\t\t\t\t<\/div>\n\t\t\t\t<\/div>\n\t\t\t\t<div class=\"elementor-element elementor-element-4a2cd44a elementor-widget elementor-widget-image\" data-id=\"4a2cd44a\" data-element_type=\"widget\" data-e-type=\"widget\" data-widget_type=\"image.default\">\n\t\t\t\t<div class=\"elementor-widget-container\">\n\t\t\t\t\t<span id=\"4a2cd44a\"><\/span>\t\t\t\t\t\t\t\t\t\t<img fetchpriority=\"high\" decoding=\"async\" width=\"768\" height=\"512\" src=\"https:\/\/agotrans-frankfurt.de\/wp-content\/uploads\/2021\/03\/10536430_M-1-768x512.jpg\" class=\"attachment-medium_large size-medium_large wp-image-428\" alt=\"\" srcset=\"https:\/\/agotrans-frankfurt.de\/wp-content\/uploads\/2021\/03\/10536430_M-1-768x512.jpg 768w, https:\/\/agotrans-frankfurt.de\/wp-content\/uploads\/2021\/03\/10536430_M-1-300x200.jpg 300w, https:\/\/agotrans-frankfurt.de\/wp-content\/uploads\/2021\/03\/10536430_M-1-16x12.jpg 16w, https:\/\/agotrans-frankfurt.de\/wp-content\/uploads\/2021\/03\/10536430_M-1.jpg 848w\" sizes=\"(max-width: 768px) 100vw, 768px\" \/>\t\t\t\t\t\t\t\t\t\t\t\t\t\t\t<\/div>\n\t\t\t\t<\/div>\n\t\t\t\t<div class=\"elementor-element elementor-element-27fc86ac elementor-widget elementor-widget-spacer\" data-id=\"27fc86ac\" data-element_type=\"widget\" data-e-type=\"widget\" data-widget_type=\"spacer.default\">\n\t\t\t\t<div class=\"elementor-widget-container\">\n\t\t\t\t\t<span id=\"27fc86ac\"><\/span>\t\t<div class=\"elementor-spacer\">\n\t\t\t<div class=\"elementor-spacer-inner\"><\/div>\n\t\t<\/div>\n\t\t\t\t\t\t<\/div>\n\t\t\t\t<\/div>\n\t\t\t\t\t<\/div>\n\t\t<\/div>\n\t\t\t\t\t<\/div>\n\t\t<\/section>\n\t\t\t\t<\/div>","protected":false},"excerpt":{"rendered":"<p>Frachtunternehmen Frankfurt Frachtunternehmen Frankfurt: Zuverl\u00e4ssige Logistik f\u00fcr Ihre Transporte Frankfurt am Main ist ein bedeutender Verkehrsknotenpunkt in Deutschland und Europa. F\u00fcr Unternehmen aller Branchen spielt die Wahl eines zuverl\u00e4ssigen Frachtunternehmens in Frankfurt eine entscheidende Rolle, um Waren sicher und termingerecht zu transportieren. Frachtunternehmen in Frankfurt bieten ma\u00dfgeschneiderte Logistikl\u00f6sungen f\u00fcr nationale und internationale Transporte \u2013 von [&hellip;]<\/p>\n","protected":false},"author":1,"featured_media":0,"parent":0,"menu_order":0,"comment_status":"closed","ping_status":"closed","template":"elementor_canvas","meta":{"_seopress_robots_primary_cat":"","_seopress_titles_title":"","_seopress_titles_desc":"","_seopress_robots_index":"","footnotes":""},"class_list":["post-1049","page","type-page","status-publish","hentry"],"_links":{"self":[{"href":"https:\/\/agotrans-frankfurt.de\/en\/wp-json\/wp\/v2\/pages\/1049","targetHints":{"allow":["GET"]}}],"collection":[{"href":"https:\/\/agotrans-frankfurt.de\/en\/wp-json\/wp\/v2\/pages"}],"about":[{"href":"https:\/\/agotrans-frankfurt.de\/en\/wp-json\/wp\/v2\/types\/page"}],"author":[{"embeddable":true,"href":"https:\/\/agotrans-frankfurt.de\/en\/wp-json\/wp\/v2\/users\/1"}],"replies":[{"embeddable":true,"href":"https:\/\/agotrans-frankfurt.de\/en\/wp-json\/wp\/v2\/comments?post=1049"}],"version-history":[{"count":4,"href":"https:\/\/agotrans-frankfurt.de\/en\/wp-json\/wp\/v2\/pages\/1049\/revisions"}],"predecessor-version":[{"id":1053,"href":"https:\/\/agotrans-frankfurt.de\/en\/wp-json\/wp\/v2\/pages\/1049\/revisions\/1053"}],"wp:attachment":[{"href":"https:\/\/agotrans-frankfurt.de\/en\/wp-json\/wp\/v2\/media?parent=1049"}],"curies":[{"name":"wp","href":"https:\/\/api.w.org\/{rel}","templated":true}]}}