{"id":1027,"date":"2025-11-28T09:09:58","date_gmt":"2025-11-28T08:09:58","guid":{"rendered":"https:\/\/agotrans-frankfurt.de\/?page_id=1027"},"modified":"2025-11-28T09:14:07","modified_gmt":"2025-11-28T08:14:07","slug":"aircargo-weltweit","status":"publish","type":"page","link":"https:\/\/agotrans-frankfurt.de\/en\/aircargo-weltweit\/","title":{"rendered":"Aircargo weltweit"},"content":{"rendered":"<div data-elementor-type=\"wp-page\" data-elementor-id=\"1027\" class=\"elementor elementor-1027\">\n\t\t\t\t\t\t<section class=\"elementor-section elementor-top-section elementor-element elementor-element-35919472 elementor-section-height-min-height elementor-section-boxed elementor-section-height-default elementor-section-items-middle\" data-id=\"35919472\" data-element_type=\"section\" data-e-type=\"section\" data-settings=\"{&quot;background_background&quot;:&quot;classic&quot;}\">\n\t\t\t\t\t\t\t<div class=\"elementor-background-overlay\"><\/div>\n\t\t\t\t\t\t\t<div class=\"elementor-container elementor-column-gap-default\">\n\t\t\t\t\t<div class=\"elementor-column elementor-col-100 elementor-top-column elementor-element elementor-element-64ca5886\" data-id=\"64ca5886\" data-element_type=\"column\" data-e-type=\"column\">\n\t\t\t<div class=\"elementor-widget-wrap elementor-element-populated\">\n\t\t\t\t\t\t<div class=\"elementor-element elementor-element-6af9a550 elementor-widget elementor-widget-page-title\" data-id=\"6af9a550\" data-element_type=\"widget\" data-e-type=\"widget\" data-settings=\"{&quot;align&quot;:&quot;center&quot;}\" data-widget_type=\"page-title.default\">\n\t\t\t\t<div class=\"elementor-widget-container\">\n\t\t\t\t\t<span id=\"6af9a550\"><\/span>\t\t\n\t\t<div class=\"hfe-page-title hfe-page-title-wrapper elementor-widget-heading\">\n\n\t\t\t\t\t\t\t\t\t\t\t<a href=\"https:\/\/agotrans-frankfurt.de\/en\">\n\t\t\t\t\t\t<h1 class=\"elementor-heading-title elementor-size-xxl\">\n\t\t\t\t\t\t\t\t\n\t\t\t\tAircargo weltweit  \n\t\t\t<\/h1> \n\t\t\t\t\t\t\t\t\t<\/a>\n\t\t\t\t\t<\/div>\n\t\t\t\t\t\t<\/div>\n\t\t\t\t<\/div>\n\t\t\t\t<div class=\"elementor-element elementor-element-766bbca4 elementor-widget-divider--view-line elementor-widget elementor-widget-divider\" data-id=\"766bbca4\" data-element_type=\"widget\" data-e-type=\"widget\" data-widget_type=\"divider.default\">\n\t\t\t\t<div class=\"elementor-widget-container\">\n\t\t\t\t\t<span id=\"766bbca4\"><\/span>\t\t<div class=\"elementor-divider\">\n\t\t\t<span class=\"elementor-divider-separator\">\n\t\t\t\t\t\t<\/span>\n\t\t<\/div>\n\t\t\t\t\t\t<\/div>\n\t\t\t\t<\/div>\n\t\t\t\t\t<\/div>\n\t\t<\/div>\n\t\t\t\t\t<\/div>\n\t\t<\/section>\n\t\t\t\t<section class=\"elementor-section elementor-top-section elementor-element elementor-element-46c06255 elementor-section-boxed elementor-section-height-default elementor-section-height-default\" data-id=\"46c06255\" data-element_type=\"section\" data-e-type=\"section\">\n\t\t\t\t\t\t<div class=\"elementor-container elementor-column-gap-default\">\n\t\t\t\t\t<div class=\"elementor-column elementor-col-100 elementor-top-column elementor-element elementor-element-654671e4 animated-fast elementor-invisible\" data-id=\"654671e4\" data-element_type=\"column\" data-e-type=\"column\" data-settings=\"{&quot;animation&quot;:&quot;fadeInUp&quot;}\">\n\t\t\t<div class=\"elementor-widget-wrap elementor-element-populated\">\n\t\t\t\t\t\t<div class=\"elementor-element elementor-element-449ae9cd elementor-widget elementor-widget-spacer\" data-id=\"449ae9cd\" data-element_type=\"widget\" data-e-type=\"widget\" data-widget_type=\"spacer.default\">\n\t\t\t\t<div class=\"elementor-widget-container\">\n\t\t\t\t\t<span id=\"449ae9cd\"><\/span>\t\t<div class=\"elementor-spacer\">\n\t\t\t<div class=\"elementor-spacer-inner\"><\/div>\n\t\t<\/div>\n\t\t\t\t\t\t<\/div>\n\t\t\t\t<\/div>\n\t\t\t\t<div class=\"elementor-element elementor-element-f88f671 elementor-widget elementor-widget-text-editor\" data-id=\"f88f671\" data-element_type=\"widget\" data-e-type=\"widget\" data-widget_type=\"text-editor.default\">\n\t\t\t\t<div class=\"elementor-widget-container\">\n\t\t\t\t\t<span id=\"f88f671\"><\/span>\t\t\t\t<div class=\"nz-column-text nz-clearfix element-animate-false\" data-effect=\"none\" data-effect-speed=\"50\"><div id=\"text_highlighted\"><div id=\"text_highlighted\"><p>Agotrans \u2013 Ihr zuverl\u00e4ssiger Partner f\u00fcr weltweiten Aircargo-Transport<\/p><p>Agotrans steht als internationaler Spezialist f\u00fcr Aircargo weltweit f\u00fcr schnelle, sichere und effiziente Luftfrachtl\u00f6sungen. Ob Expresslieferungen, zeitkritische Sendungen oder Gro\u00dffracht \u2013 Agotrans bietet ma\u00dfgeschneiderte Logistikl\u00f6sungen, die den hohen Anspr\u00fcchen globaler Gesch\u00e4ftskunden gerecht werden. Mit einem weitreichenden Netzwerk aus vertrauensw\u00fcrdigen Partnern und modernster Technologie garantiert Agotrans weltweiten Aircargo-Versand, der p\u00fcnktlich und zuverl\u00e4ssig ankommt.<\/p><p>Der Aircargo-Service von Agotrans umfasst den kompletten Transportprozess \u2013 von der Abholung am Ursprungsort \u00fcber den Transport zum Flughafen bis hin zur Zustellung am Zielort. Dabei stehen individuelle Beratung und flexible L\u00f6sungen im Vordergrund, um auf wechselnde Marktbedingungen und besondere Kundenanforderungen optimal einzugehen. Egal, ob Gefahrgut, temperaturgef\u00fchrte Waren oder sensible G\u00fcter \u2013 Agotrans sorgt f\u00fcr eine fachgerechte Abwicklung und sichere Verpackung.<\/p><p>Dank jahrelanger Erfahrung und umfassender Branchenkompetenz ist Agotrans in der Lage, auch komplexe Aircargo-Projekte weltweit effizient zu managen. Dabei profitieren Kunden von wettbewerbsf\u00e4higen Preisen und transparenten Abl\u00e4ufen durch modernste Track-and-Trace-Systeme, die jederzeit volle Kontrolle \u00fcber den Sendungsstatus erm\u00f6glichen.<\/p><p>Agotrans engagiert sich au\u00dferdem f\u00fcr nachhaltige Luftfrachtl\u00f6sungen und setzt auf umweltbewusste Logistikprozesse, die den CO2-Fu\u00dfabdruck verringern. So verbindet das Unternehmen wirtschaftliche Effizienz mit \u00f6kologischer Verantwortung.<\/p><p>Fazit: F\u00fcr zuverl\u00e4ssigen, schnellen und weltweiten Aircargo-Transport ist Agotrans die erste Wahl. Ob Ihr Unternehmen dringend Luftfracht ben\u00f6tigt oder planbare Lieferketten optimieren will \u2013 profitieren Sie von umfassendem Service, globaler Expertise und individueller Betreuung. Mit Agotrans erreichen Ihre G\u00fcter sicher und p\u00fcnktlich jeden Zielort weltweit. Entdecken Sie jetzt die Welt des Aircargo mit Agotrans!<\/p><\/div><\/div><\/div>\t\t\t\t\t\t\t\t<\/div>\n\t\t\t\t<\/div>\n\t\t\t\t<div class=\"elementor-element elementor-element-4a2cd44a elementor-widget elementor-widget-image\" data-id=\"4a2cd44a\" data-element_type=\"widget\" data-e-type=\"widget\" data-widget_type=\"image.default\">\n\t\t\t\t<div class=\"elementor-widget-container\">\n\t\t\t\t\t<span id=\"4a2cd44a\"><\/span>\t\t\t\t\t\t\t\t\t\t<img fetchpriority=\"high\" decoding=\"async\" width=\"768\" height=\"512\" src=\"https:\/\/agotrans-frankfurt.de\/wp-content\/uploads\/2021\/03\/10536430_M-1-768x512.jpg\" class=\"attachment-medium_large size-medium_large wp-image-428\" alt=\"\" srcset=\"https:\/\/agotrans-frankfurt.de\/wp-content\/uploads\/2021\/03\/10536430_M-1-768x512.jpg 768w, https:\/\/agotrans-frankfurt.de\/wp-content\/uploads\/2021\/03\/10536430_M-1-300x200.jpg 300w, https:\/\/agotrans-frankfurt.de\/wp-content\/uploads\/2021\/03\/10536430_M-1-16x12.jpg 16w, https:\/\/agotrans-frankfurt.de\/wp-content\/uploads\/2021\/03\/10536430_M-1.jpg 848w\" sizes=\"(max-width: 768px) 100vw, 768px\" \/>\t\t\t\t\t\t\t\t\t\t\t\t\t\t\t<\/div>\n\t\t\t\t<\/div>\n\t\t\t\t<div class=\"elementor-element elementor-element-27fc86ac elementor-widget elementor-widget-spacer\" data-id=\"27fc86ac\" data-element_type=\"widget\" data-e-type=\"widget\" data-widget_type=\"spacer.default\">\n\t\t\t\t<div class=\"elementor-widget-container\">\n\t\t\t\t\t<span id=\"27fc86ac\"><\/span>\t\t<div class=\"elementor-spacer\">\n\t\t\t<div class=\"elementor-spacer-inner\"><\/div>\n\t\t<\/div>\n\t\t\t\t\t\t<\/div>\n\t\t\t\t<\/div>\n\t\t\t\t\t<\/div>\n\t\t<\/div>\n\t\t\t\t\t<\/div>\n\t\t<\/section>\n\t\t\t\t<\/div>","protected":false},"excerpt":{"rendered":"<p>Aircargo weltweit Agotrans \u2013 Ihr zuverl\u00e4ssiger Partner f\u00fcr weltweiten Aircargo-Transport Agotrans steht als internationaler Spezialist f\u00fcr Aircargo weltweit f\u00fcr schnelle, sichere und effiziente Luftfrachtl\u00f6sungen. Ob Expresslieferungen, zeitkritische Sendungen oder Gro\u00dffracht \u2013 Agotrans bietet ma\u00dfgeschneiderte Logistikl\u00f6sungen, die den hohen Anspr\u00fcchen globaler Gesch\u00e4ftskunden gerecht werden. Mit einem weitreichenden Netzwerk aus vertrauensw\u00fcrdigen Partnern und modernster Technologie garantiert Agotrans [&hellip;]<\/p>\n","protected":false},"author":1,"featured_media":0,"parent":0,"menu_order":0,"comment_status":"closed","ping_status":"closed","template":"elementor_canvas","meta":{"_seopress_robots_primary_cat":"","_seopress_titles_title":"","_seopress_titles_desc":"","_seopress_robots_index":"","footnotes":""},"class_list":["post-1027","page","type-page","status-publish","hentry"],"_links":{"self":[{"href":"https:\/\/agotrans-frankfurt.de\/en\/wp-json\/wp\/v2\/pages\/1027","targetHints":{"allow":["GET"]}}],"collection":[{"href":"https:\/\/agotrans-frankfurt.de\/en\/wp-json\/wp\/v2\/pages"}],"about":[{"href":"https:\/\/agotrans-frankfurt.de\/en\/wp-json\/wp\/v2\/types\/page"}],"author":[{"embeddable":true,"href":"https:\/\/agotrans-frankfurt.de\/en\/wp-json\/wp\/v2\/users\/1"}],"replies":[{"embeddable":true,"href":"https:\/\/agotrans-frankfurt.de\/en\/wp-json\/wp\/v2\/comments?post=1027"}],"version-history":[{"count":4,"href":"https:\/\/agotrans-frankfurt.de\/en\/wp-json\/wp\/v2\/pages\/1027\/revisions"}],"predecessor-version":[{"id":1032,"href":"https:\/\/agotrans-frankfurt.de\/en\/wp-json\/wp\/v2\/pages\/1027\/revisions\/1032"}],"wp:attachment":[{"href":"https:\/\/agotrans-frankfurt.de\/en\/wp-json\/wp\/v2\/media?parent=1027"}],"curies":[{"name":"wp","href":"https:\/\/api.w.org\/{rel}","templated":true}]}}