{"id":1020,"date":"2025-10-23T10:40:39","date_gmt":"2025-10-23T08:40:39","guid":{"rendered":"https:\/\/agotrans-frankfurt.de\/?page_id=1020"},"modified":"2025-10-23T10:41:10","modified_gmt":"2025-10-23T08:41:10","slug":"spedition-weltweit","status":"publish","type":"page","link":"https:\/\/agotrans-frankfurt.de\/en\/spedition-weltweit\/","title":{"rendered":"Spedition weltweit"},"content":{"rendered":"<div data-elementor-type=\"wp-page\" data-elementor-id=\"1020\" class=\"elementor elementor-1020\">\n\t\t\t\t\t\t<section class=\"elementor-section elementor-top-section elementor-element elementor-element-35919472 elementor-section-height-min-height elementor-section-boxed elementor-section-height-default elementor-section-items-middle\" data-id=\"35919472\" data-element_type=\"section\" data-e-type=\"section\" data-settings=\"{&quot;background_background&quot;:&quot;classic&quot;}\">\n\t\t\t\t\t\t\t<div class=\"elementor-background-overlay\"><\/div>\n\t\t\t\t\t\t\t<div class=\"elementor-container elementor-column-gap-default\">\n\t\t\t\t\t<div class=\"elementor-column elementor-col-100 elementor-top-column elementor-element elementor-element-64ca5886\" data-id=\"64ca5886\" data-element_type=\"column\" data-e-type=\"column\">\n\t\t\t<div class=\"elementor-widget-wrap elementor-element-populated\">\n\t\t\t\t\t\t<div class=\"elementor-element elementor-element-6af9a550 elementor-widget elementor-widget-page-title\" data-id=\"6af9a550\" data-element_type=\"widget\" data-e-type=\"widget\" data-settings=\"{&quot;align&quot;:&quot;center&quot;}\" data-widget_type=\"page-title.default\">\n\t\t\t\t<div class=\"elementor-widget-container\">\n\t\t\t\t\t<span id=\"6af9a550\"><\/span>\t\t\n\t\t<div class=\"hfe-page-title hfe-page-title-wrapper elementor-widget-heading\">\n\n\t\t\t\t\t\t\t\t\t\t\t<a href=\"https:\/\/agotrans-frankfurt.de\/en\">\n\t\t\t\t\t\t<h1 class=\"elementor-heading-title elementor-size-xxl\">\n\t\t\t\t\t\t\t\t\n\t\t\t\tSpedition weltweit  \n\t\t\t<\/h1> \n\t\t\t\t\t\t\t\t\t<\/a>\n\t\t\t\t\t<\/div>\n\t\t\t\t\t\t<\/div>\n\t\t\t\t<\/div>\n\t\t\t\t<div class=\"elementor-element elementor-element-766bbca4 elementor-widget-divider--view-line elementor-widget elementor-widget-divider\" data-id=\"766bbca4\" data-element_type=\"widget\" data-e-type=\"widget\" data-widget_type=\"divider.default\">\n\t\t\t\t<div class=\"elementor-widget-container\">\n\t\t\t\t\t<span id=\"766bbca4\"><\/span>\t\t<div class=\"elementor-divider\">\n\t\t\t<span class=\"elementor-divider-separator\">\n\t\t\t\t\t\t<\/span>\n\t\t<\/div>\n\t\t\t\t\t\t<\/div>\n\t\t\t\t<\/div>\n\t\t\t\t\t<\/div>\n\t\t<\/div>\n\t\t\t\t\t<\/div>\n\t\t<\/section>\n\t\t\t\t<section class=\"elementor-section elementor-top-section elementor-element elementor-element-46c06255 elementor-section-boxed elementor-section-height-default elementor-section-height-default\" data-id=\"46c06255\" data-element_type=\"section\" data-e-type=\"section\">\n\t\t\t\t\t\t<div class=\"elementor-container elementor-column-gap-default\">\n\t\t\t\t\t<div class=\"elementor-column elementor-col-100 elementor-top-column elementor-element elementor-element-654671e4 animated-fast elementor-invisible\" data-id=\"654671e4\" data-element_type=\"column\" data-e-type=\"column\" data-settings=\"{&quot;animation&quot;:&quot;fadeInUp&quot;}\">\n\t\t\t<div class=\"elementor-widget-wrap elementor-element-populated\">\n\t\t\t\t\t\t<div class=\"elementor-element elementor-element-449ae9cd elementor-widget elementor-widget-spacer\" data-id=\"449ae9cd\" data-element_type=\"widget\" data-e-type=\"widget\" data-widget_type=\"spacer.default\">\n\t\t\t\t<div class=\"elementor-widget-container\">\n\t\t\t\t\t<span id=\"449ae9cd\"><\/span>\t\t<div class=\"elementor-spacer\">\n\t\t\t<div class=\"elementor-spacer-inner\"><\/div>\n\t\t<\/div>\n\t\t\t\t\t\t<\/div>\n\t\t\t\t<\/div>\n\t\t\t\t<div class=\"elementor-element elementor-element-f88f671 elementor-widget elementor-widget-text-editor\" data-id=\"f88f671\" data-element_type=\"widget\" data-e-type=\"widget\" data-widget_type=\"text-editor.default\">\n\t\t\t\t<div class=\"elementor-widget-container\">\n\t\t\t\t\t<span id=\"f88f671\"><\/span>\t\t\t\t<div class=\"nz-column-text nz-clearfix element-animate-false\" data-effect=\"none\" data-effect-speed=\"50\"><div id=\"text_highlighted\"><div id=\"text_highlighted\"><p>Spedition weltweit: Ihr Partner f\u00fcr globale Logistikl\u00f6sungen<\/p><p>In der heutigen globalisierten Wirtschaft ist eine effiziente und zuverl\u00e4ssige Spedition weltweit unerl\u00e4sslich f\u00fcr den Erfolg von Unternehmen. Ob kleine und mittelst\u00e4ndische Betriebe oder gro\u00dfe Konzerne \u2013 der reibungslose Transport von G\u00fctern \u00fcber L\u00e4ndergrenzen und Kontinente hinweg ist eine zentrale Herausforderung. Wir bieten Ihnen umfassende Logistikl\u00f6sungen, die Ihre Waren sicher, p\u00fcnktlich und kosteneffizient an jeden Ort der Welt bringen.<\/p><p>Unsere Spedition weltweit versteht die Komplexit\u00e4t internationaler Transportprozesse. Wir verf\u00fcgen \u00fcber ein globales Netzwerk an Partnern und Agenten, das es uns erm\u00f6glicht, ma\u00dfgeschneiderte Transportl\u00f6sungen f\u00fcr Ihre spezifischen Anforderungen zu entwickeln. Ob per Seefracht, Luftfracht, Landtransport oder multimodale L\u00f6sungen \u2013 wir finden den optimalen Weg f\u00fcr Ihre Sendung. Dabei ber\u00fccksichtigen wir stets die schnellste Route, die sicherste Abwicklung und die wirtschaftlichste Option.<\/p><p>Unsere Leistungen im Bereich Spedition weltweit umfassen:<\/p><p>Seefracht: Wir organisieren den Transport Ihrer G\u00fcter per Containerschiff zu und von allen wichtigen H\u00e4fen weltweit. Ob FCL (Full Container Load) oder LCL (Less than Container Load) \u2013 wir bieten flexible L\u00f6sungen f\u00fcr jede Sendungsgr\u00f6\u00dfe.<\/p><p>Luftfracht: F\u00fcr eilige Sendungen bieten wir schnelle und zuverl\u00e4ssige Luftfrachtl\u00f6sungen an. Wir k\u00fcmmern uns um die gesamte Abwicklung, von der Abholung bis zur Zustellung am Zielort.<\/p><p>Landtransport: Innerhalb Europas und dar\u00fcber hinaus organisieren wir den Transport Ihrer Waren per LKW, Bahn oder Kurierdienst.<\/p><p>Zollabwicklung: Die Einhaltung internationaler Zollvorschriften ist entscheidend. Wir \u00fcbernehmen die komplette Zollabwicklung f\u00fcr Sie und stellen sicher, dass Ihre Sendungen reibungslos die Grenzen passieren.<\/p><p>Lagerlogistik: Bei Bedarf bieten wir auch Lagerl\u00f6sungen an, um Ihre Lieferkette optimal zu gestalten.<\/p><p>Projektlogistik: F\u00fcr komplexe und au\u00dfergew\u00f6hnliche Transportprojekte entwickeln wir individuelle L\u00f6sungen, die auch spezielle Anforderungen ber\u00fccksichtigen.<\/p><p>Wir legen Wert auf transparente Kommunikation und eine pers\u00f6nliche Betreuung. Unser erfahrenes Team steht Ihnen jederzeit zur Verf\u00fcgung, um Ihre Fragen zu beantworten und Sie \u00fcber den Status Ihrer Sendung zu informieren. Vertrauen Sie auf unsere Expertise im Bereich Spedition weltweit und profitieren Sie von einer reibungslosen und effizienten Logistik. Kontaktieren Sie uns noch heute f\u00fcr ein unverbindliches Angebot und lassen Sie uns gemeinsam Ihre globalen Transportanforderungen meistern.<\/p><\/div><\/div><\/div>\t\t\t\t\t\t\t\t<\/div>\n\t\t\t\t<\/div>\n\t\t\t\t<div class=\"elementor-element elementor-element-4a2cd44a elementor-widget elementor-widget-image\" data-id=\"4a2cd44a\" data-element_type=\"widget\" data-e-type=\"widget\" data-widget_type=\"image.default\">\n\t\t\t\t<div class=\"elementor-widget-container\">\n\t\t\t\t\t<span id=\"4a2cd44a\"><\/span>\t\t\t\t\t\t\t\t\t\t<img fetchpriority=\"high\" decoding=\"async\" width=\"768\" height=\"512\" src=\"https:\/\/agotrans-frankfurt.de\/wp-content\/uploads\/2021\/03\/10536430_M-1-768x512.jpg\" class=\"attachment-medium_large size-medium_large wp-image-428\" alt=\"\" srcset=\"https:\/\/agotrans-frankfurt.de\/wp-content\/uploads\/2021\/03\/10536430_M-1-768x512.jpg 768w, https:\/\/agotrans-frankfurt.de\/wp-content\/uploads\/2021\/03\/10536430_M-1-300x200.jpg 300w, https:\/\/agotrans-frankfurt.de\/wp-content\/uploads\/2021\/03\/10536430_M-1-16x12.jpg 16w, https:\/\/agotrans-frankfurt.de\/wp-content\/uploads\/2021\/03\/10536430_M-1.jpg 848w\" sizes=\"(max-width: 768px) 100vw, 768px\" \/>\t\t\t\t\t\t\t\t\t\t\t\t\t\t\t<\/div>\n\t\t\t\t<\/div>\n\t\t\t\t<div class=\"elementor-element elementor-element-27fc86ac elementor-widget elementor-widget-spacer\" data-id=\"27fc86ac\" data-element_type=\"widget\" data-e-type=\"widget\" data-widget_type=\"spacer.default\">\n\t\t\t\t<div class=\"elementor-widget-container\">\n\t\t\t\t\t<span id=\"27fc86ac\"><\/span>\t\t<div class=\"elementor-spacer\">\n\t\t\t<div class=\"elementor-spacer-inner\"><\/div>\n\t\t<\/div>\n\t\t\t\t\t\t<\/div>\n\t\t\t\t<\/div>\n\t\t\t\t\t<\/div>\n\t\t<\/div>\n\t\t\t\t\t<\/div>\n\t\t<\/section>\n\t\t\t\t<\/div>","protected":false},"excerpt":{"rendered":"<p>Spedition weltweit Spedition weltweit: Ihr Partner f\u00fcr globale Logistikl\u00f6sungen In der heutigen globalisierten Wirtschaft ist eine effiziente und zuverl\u00e4ssige Spedition weltweit unerl\u00e4sslich f\u00fcr den Erfolg von Unternehmen. Ob kleine und mittelst\u00e4ndische Betriebe oder gro\u00dfe Konzerne \u2013 der reibungslose Transport von G\u00fctern \u00fcber L\u00e4ndergrenzen und Kontinente hinweg ist eine zentrale Herausforderung. Wir bieten Ihnen umfassende Logistikl\u00f6sungen, [&hellip;]<\/p>\n","protected":false},"author":1,"featured_media":0,"parent":0,"menu_order":0,"comment_status":"closed","ping_status":"closed","template":"elementor_canvas","meta":{"_seopress_robots_primary_cat":"","_seopress_titles_title":"","_seopress_titles_desc":"","_seopress_robots_index":"","footnotes":""},"class_list":["post-1020","page","type-page","status-publish","hentry"],"_links":{"self":[{"href":"https:\/\/agotrans-frankfurt.de\/en\/wp-json\/wp\/v2\/pages\/1020","targetHints":{"allow":["GET"]}}],"collection":[{"href":"https:\/\/agotrans-frankfurt.de\/en\/wp-json\/wp\/v2\/pages"}],"about":[{"href":"https:\/\/agotrans-frankfurt.de\/en\/wp-json\/wp\/v2\/types\/page"}],"author":[{"embeddable":true,"href":"https:\/\/agotrans-frankfurt.de\/en\/wp-json\/wp\/v2\/users\/1"}],"replies":[{"embeddable":true,"href":"https:\/\/agotrans-frankfurt.de\/en\/wp-json\/wp\/v2\/comments?post=1020"}],"version-history":[{"count":4,"href":"https:\/\/agotrans-frankfurt.de\/en\/wp-json\/wp\/v2\/pages\/1020\/revisions"}],"predecessor-version":[{"id":1024,"href":"https:\/\/agotrans-frankfurt.de\/en\/wp-json\/wp\/v2\/pages\/1020\/revisions\/1024"}],"wp:attachment":[{"href":"https:\/\/agotrans-frankfurt.de\/en\/wp-json\/wp\/v2\/media?parent=1020"}],"curies":[{"name":"wp","href":"https:\/\/api.w.org\/{rel}","templated":true}]}}