{"id":10,"date":"2021-02-28T11:41:10","date_gmt":"2021-02-28T10:41:10","guid":{"rendered":"https:\/\/agotrans.osa-essen.de\/door-door-projekte\/"},"modified":"2022-07-26T12:06:57","modified_gmt":"2022-07-26T10:06:57","slug":"door-door-projekte","status":"publish","type":"page","link":"https:\/\/agotrans-frankfurt.de\/en\/door-door-projekte\/","title":{"rendered":"Door to door projects"},"content":{"rendered":"<div data-elementor-type=\"wp-page\" data-elementor-id=\"10\" class=\"elementor elementor-10\">\n\t\t\t\t\t\t<section class=\"elementor-section elementor-top-section elementor-element elementor-element-348dd03f elementor-section-height-min-height elementor-section-boxed elementor-section-height-default elementor-section-items-middle\" data-id=\"348dd03f\" data-element_type=\"section\" data-e-type=\"section\" data-settings=\"{&quot;background_background&quot;:&quot;classic&quot;}\">\n\t\t\t\t\t\t\t<div class=\"elementor-background-overlay\"><\/div>\n\t\t\t\t\t\t\t<div class=\"elementor-container elementor-column-gap-default\">\n\t\t\t\t\t<div class=\"elementor-column elementor-col-100 elementor-top-column elementor-element elementor-element-2c60acb9\" data-id=\"2c60acb9\" data-element_type=\"column\" data-e-type=\"column\">\n\t\t\t<div class=\"elementor-widget-wrap elementor-element-populated\">\n\t\t\t\t\t\t<div class=\"elementor-element elementor-element-33ff15e1 elementor-widget elementor-widget-page-title\" data-id=\"33ff15e1\" data-element_type=\"widget\" data-e-type=\"widget\" data-settings=\"{&quot;align&quot;:&quot;center&quot;}\" data-widget_type=\"page-title.default\">\n\t\t\t\t<div class=\"elementor-widget-container\">\n\t\t\t\t\t<span id=\"33ff15e1\"><\/span>\t\t\n\t\t<div class=\"hfe-page-title hfe-page-title-wrapper elementor-widget-heading\">\n\n\t\t\t\t\t\t\t\t\t\t\t<a href=\"https:\/\/agotrans-frankfurt.de\/en\">\n\t\t\t\t\t\t<h1 class=\"elementor-heading-title elementor-size-xxl\">\n\t\t\t\t\t\t\t\t\n\t\t\t\tDoor to door projects  \n\t\t\t<\/h1> \n\t\t\t\t\t\t\t\t\t<\/a>\n\t\t\t\t\t<\/div>\n\t\t\t\t\t\t<\/div>\n\t\t\t\t<\/div>\n\t\t\t\t<div class=\"elementor-element elementor-element-190780b5 elementor-widget-divider--view-line elementor-widget elementor-widget-divider\" data-id=\"190780b5\" data-element_type=\"widget\" data-e-type=\"widget\" data-widget_type=\"divider.default\">\n\t\t\t\t<div class=\"elementor-widget-container\">\n\t\t\t\t\t<span id=\"190780b5\"><\/span>\t\t<div class=\"elementor-divider\">\n\t\t\t<span class=\"elementor-divider-separator\">\n\t\t\t\t\t\t<\/span>\n\t\t<\/div>\n\t\t\t\t\t\t<\/div>\n\t\t\t\t<\/div>\n\t\t\t\t\t<\/div>\n\t\t<\/div>\n\t\t\t\t\t<\/div>\n\t\t<\/section>\n\t\t\t\t<section class=\"elementor-section elementor-top-section elementor-element elementor-element-24e8c423 elementor-section-boxed elementor-section-height-default elementor-section-height-default\" data-id=\"24e8c423\" data-element_type=\"section\" data-e-type=\"section\">\n\t\t\t\t\t\t<div class=\"elementor-container elementor-column-gap-default\">\n\t\t\t\t\t<div class=\"elementor-column elementor-col-100 elementor-top-column elementor-element elementor-element-6a81e15e animated-fast elementor-invisible\" data-id=\"6a81e15e\" data-element_type=\"column\" data-e-type=\"column\" data-settings=\"{&quot;animation&quot;:&quot;fadeInUp&quot;}\">\n\t\t\t<div class=\"elementor-widget-wrap elementor-element-populated\">\n\t\t\t\t\t\t<div class=\"elementor-element elementor-element-4d315cd3 elementor-widget elementor-widget-spacer\" data-id=\"4d315cd3\" data-element_type=\"widget\" data-e-type=\"widget\" data-widget_type=\"spacer.default\">\n\t\t\t\t<div class=\"elementor-widget-container\">\n\t\t\t\t\t<span id=\"4d315cd3\"><\/span>\t\t<div class=\"elementor-spacer\">\n\t\t\t<div class=\"elementor-spacer-inner\"><\/div>\n\t\t<\/div>\n\t\t\t\t\t\t<\/div>\n\t\t\t\t<\/div>\n\t\t\t\t<div class=\"elementor-element elementor-element-76c9ef8a elementor-widget elementor-widget-text-editor\" data-id=\"76c9ef8a\" data-element_type=\"widget\" data-e-type=\"widget\" data-widget_type=\"text-editor.default\">\n\t\t\t\t<div class=\"elementor-widget-container\">\n\t\t\t\t\t<span id=\"76c9ef8a\"><\/span>\t\t\t\t<div class=\"nz-column-text nz-clearfix element-animate-false\" data-effect=\"none\" data-effect-speed=\"50\">Moving complete factory from one place to another?\nHaving regular business for a periode of months and need to fix the freight costs for long projects?\n\nNo Problem for us!\n\nFor long term projects we offer long term rate agreements.\n\nOur range of services starts from packing the goods at origin before transport, move the goods by truck, air or see and ends with customs clearance (if necessary) and finally delivery at place.<p>Wir bieten Ihnen die Konzeption ganzer Logistikprojekte an.<\/p><p>Bei Door \u2013 Door Projekten geht unsere Angebotspalette los, mit dem Verpacken am Verladeort, \u00fcber den Transport bis hin zur Auslieferung am neuen Standort (auch mit Verzollung wenn n\u00f6tig falls au\u00dferhalb der EU).<\/p><\/div>\t\t\t\t\t\t\t\t<\/div>\n\t\t\t\t<\/div>\n\t\t\t\t<div class=\"elementor-element elementor-element-607b870 elementor-widget elementor-widget-text-editor\" data-id=\"607b870\" data-element_type=\"widget\" data-e-type=\"widget\" data-widget_type=\"text-editor.default\">\n\t\t\t\t<div class=\"elementor-widget-container\">\n\t\t\t\t\t<span id=\"607b870\"><\/span>\t\t\t\t<div class=\"nz-column-text nz-clearfix element-animate-false\" data-effect=\"none\" data-effect-speed=\"50\"><p><b>Door-Door Projekte Frankfurt<\/b><\/p><div><div class=\"preview\"><p>Door-Door Projekte\u00a0sind so etwas wie das rundum-sorglos Paket f\u00fcr alle Kunden, die Dinge von A nach B transportieren lassen m\u00f6chten. Um zu erkl\u00e4ren, was man genau unter dem Begriff versteht, was also wie von\u00a0Frankfurt\u00a0aus gesteuert wird, ist es sinnvoll, sich ein typisches Projekt anzusehen. Es geht darum, dass Kunde x einen Transport mehrerer gr\u00f6\u00dferer Gegenst\u00e4nde erledigt haben m\u00f6chte. An Door 1 wird also die Ware begutachtet, ihre Gr\u00f6\u00dfe und das Format, ein Schritt, dem bei Beauftragung das professionelle Verpacken folgt. Es wird sicher gestellt, dass der Ware nichts passieren kann. Nach einem Transport per Flugzeug oder LKW gelangt das Gut zu der zweiten &#8222;Door&#8220;, beim Empf\u00e4nger. Dort wird sie ausgeladen und bei Bedarf wieder ausgepackt.\u00a0Door-Door Projekte\u00a0sind die moderne L\u00f6sung f\u00fcr alle, die wissen, dass Zeit Geld ist.<\/p><p>Von der Zentrale in\u00a0Frankfurt\u00a0aus wird alles koordiniert, es ist aber unerheblich, von wo bzw. wohin das Transportgut gelangen soll.\u00a0Door-Door Projekte\u00a0sind, wie ihr englischer Name andeutet, sehr international und lassen sich immer zeitnah umsetzen. Fragen Sie also in\u00a0Frankfurt\u00a0bei der Agotrans an, wenn Sie\u00a0Door-Door Projekte\u00a0planen. Geben Sie an, welche Strecke zur\u00fcck gelegt werden muss, Sie k\u00f6nnen aber sicher sein, dass dies f\u00fcr Sie eine g\u00fcnstige L\u00f6sung darstellt, da wir von\u00a0Frankfurt\u00a0aus so agieren, dass wir keine Leertouren einkalkulieren m\u00fcssen. Als langj\u00e4hriger Anbieter verf\u00fcgen wir \u00fcber ein umfangreiches Auftragsvolumen, wovon Sie profitieren k\u00f6nnen.<\/p><p>Die\u00a0Door-Door Projekte\u00a0sind auch nicht an eine bestimmte Gr\u00f6\u00dfenordnung gebunden. Wir in\u00a0Frankfurt\u00a0werden in jedem Fall f\u00fcr Sie aktiv, selbst wenn es nur um &#8222;etwas Kleines&#8220; geht. Die f\u00fcr Sie sehr bequeme Option der\u00a0Door-Door Projekte\u00a0hat sich f\u00fcr viele Kunden als naheliegend und zuverl\u00e4ssig erwiesen, so dass sie sich immer an uns als in\u00a0Frankfurt\u00a0ans\u00e4ssige Firma wenden. W\u00e4hlen Sie die beste L\u00f6sung, machen Sie es sich so leicht wie m\u00f6glich. Unsere\u00a0Door-Door Projekte\u00a0haben zu Recht einen guten Ruf. Von\u00a0Frankfurt\u00a0aus wird alles perfekt organisiert.<\/p><p>\u00a0<\/p><p>\u00a0<\/p><div><div class=\"preview\">Door-Door\u00a0Projekte in\u00a0Frankfurt\u00a0f\u00fcr den Mittelstand &#8211; passgenaue logistische L\u00f6sungen vom Spezialisten<br \/><br \/>Die Existenz zahlreicher Unternehmen h\u00e4ngt von einer gut funktionierenden Lieferkette ab. Daher hat die logistische Ausgestaltung der Produktionsprozesse f\u00fcr diese Unternehmen eine gro\u00dfe Bedeutung. Schon Vorhaben wie die Verlagerung eines Produktionsstandortes k\u00f6nnen daf\u00fcr sorgen, dass das urspr\u00fcngliche Konstrukt ins Wanken ger\u00e4t. Wie gut, wenn Sie in einem solchen Fall auf einen zuverl\u00e4ssigen Partner f\u00fcr\u00a0Door-Door\u00a0Projekte in\u00a0Frankfurt\u00a0zur\u00fcckgreifen k\u00f6nnen. Mit unserer umfassenden Expertise auf dem Gebiet der\u00a0Door-Door\u00a0Projekte in\u00a0Frankfurt\u00a0konzipieren wir Ihnen logistische Projekte von A bis Z. \u00dcberlassen Sie bei Ihrer Logistik nichts dem Zufall und setzen Sie mit uns auf einen professionellen Partner, der in Ihrem Sinne l\u00f6sungsorientiert handelt.<br \/><br \/>Full Service f\u00fcr\u00a0Door-Door\u00a0Projekte in\u00a0Frankfurt\u00a0und Umgebung<br \/><br \/>Mit uns profitieren Sie von einem umfassenden\u00a0Door-Door\u00a0Service in\u00a0Frankfurt\u00a0und in den umliegenden Industriegebieten. Auf Wunsch k\u00fcmmern wir uns bereits am Verladeort um eine sachgerechte Verpackung aller erforderlichen Komponenten und f\u00fchren den Transport zur Zieldestination sicher und verl\u00e4sslich durch. Sie w\u00fcnschen einen Transport, der \u00fcber die Grenzen der Europ\u00e4ischen Union hinausgeht? In diesem Fall kann eine Verzollung relevant sein. Auch hierbei lassen wir Sie nicht im Stich und \u00fcbernehmen f\u00fcr Sie alle damit im Zusammenhang stehenden Formalit\u00e4ten.<br \/><br \/>Nationale und internationale\u00a0Door-Door\u00a0Projekte von\u00a0Frankfurt\u00a0aus realisieren<br \/><br \/>Unser Angebot zum Etablieren eines logistischen Projekts richtet sich an alle, die Logistik-Leistungen f\u00fcr einen k\u00fcrzeren oder l\u00e4ngeren Zeitraum auslagern wollen. Dabei spielt es f\u00fcr uns keine Rolle, ob Sie\u00a0Door-Door\u00a0Projekte in einem etwas kleineren Umfang in\u00a0Frankfurt\u00a0w\u00fcnschen oder ob es ein internationaler Gro\u00dftransport sein soll. \u00dcbermitteln Sie uns zusammen mit Ihrer Anfrage einfach den gew\u00fcnschten Umfang Ihres Vorhabens. Gern lassen wir Ihnen anschlie\u00dfend ein attraktives Preisangebot zukommen. F\u00fcr Ihre Anfrage k\u00f6nnen Sie v\u00f6llig unkompliziert das Kontaktformular auf unserer Website verwenden.<br \/><br \/>Wir bieten Ihnen ma\u00dfgeschneiderte und auf Ihre individuellen W\u00fcnsche zugeschnittene L\u00f6sungen. Nutzen Sie unseren attraktiven Komplettservice zu nationalen und internationalen\u00a0Door-Door\u00a0Projekten in\u00a0Frankfurt!<\/div><\/div><\/div><\/div><\/div>\t\t\t\t\t\t\t\t<\/div>\n\t\t\t\t<\/div>\n\t\t\t\t<div class=\"elementor-element elementor-element-80b8bfd elementor-widget elementor-widget-image\" data-id=\"80b8bfd\" data-element_type=\"widget\" data-e-type=\"widget\" data-widget_type=\"image.default\">\n\t\t\t\t<div class=\"elementor-widget-container\">\n\t\t\t\t\t<span id=\"80b8bfd\"><\/span>\t\t\t\t\t\t\t\t\t\t<img fetchpriority=\"high\" decoding=\"async\" width=\"768\" height=\"514\" src=\"https:\/\/agotrans-frankfurt.de\/wp-content\/uploads\/2021\/03\/schwertransport-768x514.jpg\" class=\"attachment-medium_large size-medium_large wp-image-433\" alt=\"\" srcset=\"https:\/\/agotrans-frankfurt.de\/wp-content\/uploads\/2021\/03\/schwertransport-768x514.jpg 768w, https:\/\/agotrans-frankfurt.de\/wp-content\/uploads\/2021\/03\/schwertransport-300x201.jpg 300w, https:\/\/agotrans-frankfurt.de\/wp-content\/uploads\/2021\/03\/schwertransport-16x12.jpg 16w, https:\/\/agotrans-frankfurt.de\/wp-content\/uploads\/2021\/03\/schwertransport.jpg 900w\" sizes=\"(max-width: 768px) 100vw, 768px\" \/>\t\t\t\t\t\t\t\t\t\t\t\t\t\t\t<\/div>\n\t\t\t\t<\/div>\n\t\t\t\t<div class=\"elementor-element elementor-element-14a896d0 elementor-widget elementor-widget-spacer\" data-id=\"14a896d0\" data-element_type=\"widget\" data-e-type=\"widget\" data-widget_type=\"spacer.default\">\n\t\t\t\t<div class=\"elementor-widget-container\">\n\t\t\t\t\t<span id=\"14a896d0\"><\/span>\t\t<div class=\"elementor-spacer\">\n\t\t\t<div class=\"elementor-spacer-inner\"><\/div>\n\t\t<\/div>\n\t\t\t\t\t\t<\/div>\n\t\t\t\t<\/div>\n\t\t\t\t\t<\/div>\n\t\t<\/div>\n\t\t\t\t\t<\/div>\n\t\t<\/section>\n\t\t\t\t<\/div>","protected":false},"excerpt":{"rendered":"<p>Door-Door Projekte Sie m\u00f6chten ein Produktionsstandort verlagern, Festpreise f\u00fcr gr\u00f6\u00dfere Bestellungen \u00fcber einen l\u00e4ngeren Zeitraum sichern? F\u00fcr uns kein Problem! Wir bieten Ihnen die Konzeption ganzer Logistikprojekte an. Bei Door \u2013 Door Projekten geht unsere Angebotspalette los, mit dem Verpacken am Verladeort, \u00fcber den Transport bis hin zur Auslieferung am neuen Standort (auch mit Verzollung [&hellip;]<\/p>\n","protected":false},"author":1,"featured_media":0,"parent":0,"menu_order":0,"comment_status":"closed","ping_status":"closed","template":"elementor_canvas","meta":{"_seopress_robots_primary_cat":"","_seopress_titles_title":"","_seopress_titles_desc":"","_seopress_robots_index":"","footnotes":""},"class_list":["post-10","page","type-page","status-publish","hentry"],"_links":{"self":[{"href":"https:\/\/agotrans-frankfurt.de\/en\/wp-json\/wp\/v2\/pages\/10","targetHints":{"allow":["GET"]}}],"collection":[{"href":"https:\/\/agotrans-frankfurt.de\/en\/wp-json\/wp\/v2\/pages"}],"about":[{"href":"https:\/\/agotrans-frankfurt.de\/en\/wp-json\/wp\/v2\/types\/page"}],"author":[{"embeddable":true,"href":"https:\/\/agotrans-frankfurt.de\/en\/wp-json\/wp\/v2\/users\/1"}],"replies":[{"embeddable":true,"href":"https:\/\/agotrans-frankfurt.de\/en\/wp-json\/wp\/v2\/comments?post=10"}],"version-history":[{"count":10,"href":"https:\/\/agotrans-frankfurt.de\/en\/wp-json\/wp\/v2\/pages\/10\/revisions"}],"predecessor-version":[{"id":651,"href":"https:\/\/agotrans-frankfurt.de\/en\/wp-json\/wp\/v2\/pages\/10\/revisions\/651"}],"wp:attachment":[{"href":"https:\/\/agotrans-frankfurt.de\/en\/wp-json\/wp\/v2\/media?parent=10"}],"curies":[{"name":"wp","href":"https:\/\/api.w.org\/{rel}","templated":true}]}}